{"id":1385,"date":"2021-01-08T17:24:56","date_gmt":"2021-01-08T16:24:56","guid":{"rendered":"https:\/\/geschenke.blogseite.com\/?post_type=product&#038;p=1385"},"modified":"2022-04-05T19:51:09","modified_gmt":"2022-04-05T17:51:09","slug":"herzkette-silber-925-premium-etui-mit-ich-liebe-dich","status":"publish","type":"product","link":"https:\/\/www.blogseite.com\/geschenke\/s\/herzkette-silber-925-premium-etui-mit-ich-liebe-dich\/","title":{"rendered":"Herzkette Silber 925 Premium Etui mit *Ich Liebe Dich*"},"content":{"rendered":"<ul class=\"a-unordered-list a-vertical a-spacing-mini\">\n<li><span class=\"a-list-item\"> Die elegante, au\u00dfergew\u00f6hnliche &amp; besondere Herzkette Silber 925 &#8220;Affection&#8221; ist mit einem Zirkonia Stein in \u2764\ufe0f-Form gefasst. Die individuelle Damenkette ist 45cm lang und nickelfrei. Der Herz-Anh\u00e4nger mit Kette wird in einem Etui liebevoll verpackt, welches mit der GRAVUR &#8220;Ich liebe Dich&#8221; personalisiert wurde. <\/span><\/li>\n<li><span class=\"a-list-item\"> \ud83c\udf81 Ihr pers\u00f6nliches Paket ist personalisiert und beinhaltet einen Halsketten-Anh\u00e4nger (ob breit, gro\u00df oder klein) an einer Kette in einer besonders originellen Verpackung mit Gravur. Das Auspacken ist ein gro\u00dfer Spa\u00df. Das Geschenk mit modernem Design f\u00fcr die Mama, Tante, Tochter, M\u00fctter, M\u00e4dchen, Schatzi oder Schwester. F\u00fcr die beste Freundin gibt es auch Paar Ketten. Der Echt-Schmuck der Marke Amoonic ist elegant, cool und hochwertig. Designer Modeschmuck, der einfach brillant ist! <\/span><\/li>\n<li><span class=\"a-list-item\"> Die Kette mit Herz ist das perfekte Geschenk f\u00fcr alle Anl\u00e4sse \u2764\ufe0f. Mit dem Gratis Schmucketui und der sch\u00f6nen Verpackung ist das Schenken als Liebesgeschenk leicht gemacht! Die &#8220;Affection&#8221; kommt fertig zum Verschenken zu Ihnen nach Hause und wird werktags nach maximal 24h dem Versand \u00fcbergeben. Mit der hochwertigen Echt-Silber Kette wird die Beschenkte f\u00fcr immer eine Erinnerung an einen besonderen Menschen ganz nah bei sich tragen. Die Geschenkidee f\u00fcr Frauen zum Jahrestag! <\/span><\/li>\n<\/ul>\n","protected":false},"excerpt":{"rendered":"<p>Die elegante, au\u00dfergew\u00f6hnliche &amp; besondere Herzkette Silber 925 &#8220;Affection&#8221; ist mit einem Zirkonia Stein in \u2764\ufe0f-Form gefasst. Die individuelle Damenkette ist 45cm lang und nickelfrei. Der Herz-Anh\u00e4nger mit Kette wird in einem Etui liebevoll verpackt, welches mit der GRAVUR &#8220;Ich liebe Dich&#8221; personalisiert wurde. \ud83c\udf81 Ihr pers\u00f6nliches Paket ist personalisiert und beinhaltet einen Halsketten-Anh\u00e4nger (ob [&hellip;]<\/p>\n","protected":false},"featured_media":1386,"comment_status":"open","ping_status":"closed","template":"","meta":[],"product_cat":[78,103,116,63,53,45,73,52,280,55,426,432,433,301,70,297,295,294,296,298],"product_tag":[82,113,542],"class_list":{"0":"post-1385","1":"product","2":"type-product","3":"status-publish","4":"has-post-thumbnail","6":"product_cat-weihnachtsgeschenke","7":"product_cat-studenten","8":"product_cat-frauen","9":"product_cat-mutter","10":"product_cat-muttertag","11":"product_cat-freundin","12":"product_cat-beste-freundin","13":"product_cat-hochzeitsgeschenke","14":"product_cat-geburtstagsgeschenke","15":"product_cat-valentinstag","16":"product_cat-nach-preis","17":"product_cat-ueber-35-euro","18":"product_cat-ueber-40-euro","19":"product_cat-eltern","20":"product_cat-geschenke-fuer-jeden-anlass","21":"product_cat--maedchen","22":"product_cat--tochter","23":"product_cat--schwester","24":"product_cat--schwiegermutter","25":"product_cat--ehefrau","26":"product_tag-geburtstagsgeschenk","27":"product_tag-geschenk-fuer-frauen","28":"product_tag-halskette","30":"first","31":"instock","32":"shipping-taxable","33":"product-type-external"},"_links":{"self":[{"href":"https:\/\/www.blogseite.com\/geschenke\/wp-json\/wp\/v2\/product\/1385"}],"collection":[{"href":"https:\/\/www.blogseite.com\/geschenke\/wp-json\/wp\/v2\/product"}],"about":[{"href":"https:\/\/www.blogseite.com\/geschenke\/wp-json\/wp\/v2\/types\/product"}],"replies":[{"embeddable":true,"href":"https:\/\/www.blogseite.com\/geschenke\/wp-json\/wp\/v2\/comments?post=1385"}],"wp:featuredmedia":[{"embeddable":true,"href":"https:\/\/www.blogseite.com\/geschenke\/wp-json\/wp\/v2\/media\/1386"}],"wp:attachment":[{"href":"https:\/\/www.blogseite.com\/geschenke\/wp-json\/wp\/v2\/media?parent=1385"}],"wp:term":[{"taxonomy":"product_cat","embeddable":true,"href":"https:\/\/www.blogseite.com\/geschenke\/wp-json\/wp\/v2\/product_cat?post=1385"},{"taxonomy":"product_tag","embeddable":true,"href":"https:\/\/www.blogseite.com\/geschenke\/wp-json\/wp\/v2\/product_tag?post=1385"}],"curies":[{"name":"wp","href":"https:\/\/api.w.org\/{rel}","templated":true}]}}