{"id":1369,"date":"2021-01-08T16:50:21","date_gmt":"2021-01-08T15:50:21","guid":{"rendered":"https:\/\/geschenke.blogseite.com\/?post_type=product&#038;p=1369"},"modified":"2022-04-05T20:04:08","modified_gmt":"2022-04-05T18:04:08","slug":"geschenk-fuer-freundin-halskette-925-sterling-silber-forever-love","status":"publish","type":"product","link":"https:\/\/www.blogseite.com\/geschenke\/s\/geschenk-fuer-freundin-halskette-925-sterling-silber-forever-love\/","title":{"rendered":"Geschenk f\u00fcr Freundin: Halskette 925 Sterling Silber Forever Love"},"content":{"rendered":"<ul class=\"a-unordered-list a-vertical a-spacing-mini\">\n<li><span class=\"a-list-item\"> 925 STERLING SILBER MIT WEISSGOLD\/ROSENGOLD PLATTIERUNG Der Anh\u00e4nger unddie Kette sind aus 925 Sterling Silber mit einer hochwertigen Wei\u00dfgold- oder Rosengoldplattierung gefertigt. Diese Materialien haben eine geringe Empfindlichkeit und sind oxidationsbest\u00e4ndig. <\/span><\/li>\n<li><span class=\"a-list-item\"> EINZIGARTIGES HERZFORM-DESIGN\u00a0 Dies ist eine Halskette mit Anh\u00e4nger im neuesten Design f\u00fcr 2020. Der Anh\u00e4nger hat eine einzigartige doppelte herzf\u00f6rmige Struktur, die die Liebe zueinander symbolisiert. Dar\u00fcber hinaus sind die Details des Anh\u00e4ngers auch voller Liebe. In einem der Herzen ist \u201eIch liebe dich f\u00fcr immer und ewig\u201c eingraviert, um die Liebe zur Mutter, zur Geliebten oder eine innige Freundschaft auszudr\u00fccken. <\/span><\/li>\n<li><span class=\"a-list-item\"> EDELSTEIN-QUALIT\u00c4T AAAAA KUBIK ZIRKONIA In der Mitte des Anh\u00e4ngers ist ein 5A-Kubik Zirkonia in Edelsteinqualit\u00e4t eingearbeitet. 5A-Kubik Zirkonia die h\u00f6chste Qualit\u00e4t von Zirkonia, welches sorgf\u00e4ltig aus dem 3A- Zirkonia mit der genauesten Gr\u00f6\u00dfe und dem perfektesten Schliff ausgew\u00e4hlt wird und das Licht wie ein Diamant reflektiert. <\/span><\/li>\n<li><span class=\"a-list-item\">\u00a012 GEBURTSTAGS-STEINE Die Edelsteine gibt es in 12 verschiedenen Farben, die dem Geburtsstein des jeweiligen Monats entsprechen. Sie k\u00f6nnen die Farbe entsprechend dem Geburtsmonat w\u00e4hlen. Olivin f\u00fcr August-Geborene bedeutet Gl\u00fcck. Saphir f\u00fcr September-Geborene bedeutet Liebe, Ehrlichkeit und Tugend. Turmalin f\u00fcr Oktober-Geborene bedeutet Freude und Frieden. Topas f\u00fcr November-Geborene bedeutet Freundschaft und Hoffnung. Tansanit f\u00fcr Dezember-Geborene bedeutet Sieg, Gl\u00fcck und Erfolg. <\/span><\/li>\n<li><span class=\"a-list-item\"> GR\u00d6\u00dfEN &amp; SERVICE GARANTIE\u00a0 Gr\u00f6\u00dfe des Anh\u00e4ngers: 2\u21793 CM. Zirkonia Gr\u00f6\u00dfe: 0.76\u21790.76 CM. Kettenl\u00e4nge: 40+ 5 CM. Die Halskette wird mit einer eleganten Geschenkbox geliefert. Eine Verpackung ist nicht erforderlich. Kundendienst: 90 TAGE VOLLST\u00c4NDIGE R\u00dcCKERSTATTUNG ODER KOSTENLOSE ERSATZGARANTIE BEI \u201eKEINER K\u00dcNSTLICHEN BESCH\u00c4DIGUNG\u201c. z\u00f6gern Sie nicht, uns so schnell wie m\u00f6glich zu kontaktieren. Wir werden unser Bestes tun, um Sie zufriedenzustellen. <\/span><\/li>\n<\/ul>\n","protected":false},"excerpt":{"rendered":"<p>925 STERLING SILBER MIT WEISSGOLD\/ROSENGOLD PLATTIERUNG Der Anh\u00e4nger unddie Kette sind aus 925 Sterling Silber mit einer hochwertigen Wei\u00dfgold- oder Rosengoldplattierung gefertigt. Diese Materialien haben eine geringe Empfindlichkeit und sind oxidationsbest\u00e4ndig. EINZIGARTIGES HERZFORM-DESIGN\u00a0 Dies ist eine Halskette mit Anh\u00e4nger im neuesten Design f\u00fcr 2020. Der Anh\u00e4nger hat eine einzigartige doppelte herzf\u00f6rmige Struktur, die die Liebe [&hellip;]<\/p>\n","protected":false},"featured_media":1371,"comment_status":"open","ping_status":"closed","template":"","meta":[],"product_cat":[78,103,116,63,53,45,73,52,280,55,426,432,433,301,70,297,295,294,296,298],"product_tag":[82,113,542],"class_list":{"0":"post-1369","1":"product","2":"type-product","3":"status-publish","4":"has-post-thumbnail","6":"product_cat-weihnachtsgeschenke","7":"product_cat-studenten","8":"product_cat-frauen","9":"product_cat-mutter","10":"product_cat-muttertag","11":"product_cat-freundin","12":"product_cat-beste-freundin","13":"product_cat-hochzeitsgeschenke","14":"product_cat-geburtstagsgeschenke","15":"product_cat-valentinstag","16":"product_cat-nach-preis","17":"product_cat-ueber-35-euro","18":"product_cat-ueber-40-euro","19":"product_cat-eltern","20":"product_cat-geschenke-fuer-jeden-anlass","21":"product_cat--maedchen","22":"product_cat--tochter","23":"product_cat--schwester","24":"product_cat--schwiegermutter","25":"product_cat--ehefrau","26":"product_tag-geburtstagsgeschenk","27":"product_tag-geschenk-fuer-frauen","28":"product_tag-halskette","30":"first","31":"instock","32":"shipping-taxable","33":"product-type-external"},"_links":{"self":[{"href":"https:\/\/www.blogseite.com\/geschenke\/wp-json\/wp\/v2\/product\/1369"}],"collection":[{"href":"https:\/\/www.blogseite.com\/geschenke\/wp-json\/wp\/v2\/product"}],"about":[{"href":"https:\/\/www.blogseite.com\/geschenke\/wp-json\/wp\/v2\/types\/product"}],"replies":[{"embeddable":true,"href":"https:\/\/www.blogseite.com\/geschenke\/wp-json\/wp\/v2\/comments?post=1369"}],"wp:featuredmedia":[{"embeddable":true,"href":"https:\/\/www.blogseite.com\/geschenke\/wp-json\/wp\/v2\/media\/1371"}],"wp:attachment":[{"href":"https:\/\/www.blogseite.com\/geschenke\/wp-json\/wp\/v2\/media?parent=1369"}],"wp:term":[{"taxonomy":"product_cat","embeddable":true,"href":"https:\/\/www.blogseite.com\/geschenke\/wp-json\/wp\/v2\/product_cat?post=1369"},{"taxonomy":"product_tag","embeddable":true,"href":"https:\/\/www.blogseite.com\/geschenke\/wp-json\/wp\/v2\/product_tag?post=1369"}],"curies":[{"name":"wp","href":"https:\/\/api.w.org\/{rel}","templated":true}]}}