{"id":1364,"date":"2021-01-08T16:41:04","date_gmt":"2021-01-08T15:41:04","guid":{"rendered":"https:\/\/geschenke.blogseite.com\/?post_type=product&#038;p=1364"},"modified":"2022-04-05T20:04:42","modified_gmt":"2022-04-05T18:04:42","slug":"wow-herzkette-925-silber-rosegold-gold-damen-%f0%9f%99%8b","status":"publish","type":"product","link":"https:\/\/www.blogseite.com\/geschenke\/s\/wow-herzkette-925-silber-rosegold-gold-damen-%f0%9f%99%8b\/","title":{"rendered":"WOW: Herzkette 925 Silber Rosegold Gold Damen \ud83d\ude4b"},"content":{"rendered":"<ul class=\"a-unordered-list a-vertical a-spacing-mini\">\n<li><span class=\"a-list-item\"> Wertvolles Material: Es wurde aus 925er Sterlingsilber und 5A Kubikstein gefertigt . 925er Sterling silber ist ein gro\u00dfartiges Metall &#8211; es ist leicht zu reinigen und hypoallergen <\/span><\/li>\n<li><span class=\"a-list-item\"> Herz-Design: Herz-Design zeigen Sie Ihre Liebe f\u00fcr Ihre Freundin, Frau, Familie. Wir verwenden einen 8 mm x 8 mm gro\u00dfen kubischen Herzstein in der Mitte der Halskette, ungef\u00e4hr 13 St\u00fcck kleiner Stein, der so gl\u00e4nzend und elegant ist. <\/span><\/li>\n<li><span class=\"a-list-item\"> Ein gro\u00dfz\u00fcgiges Geschenk: Die 925er Silber kette ist ein gro\u00dfz\u00fcgiges Geschenk f\u00fcr viele Gelegenheiten. Es ist preisg\u00fcnstig und wird als Luxusartikel wahrgenommen. Es wird mit einer Geschenkbox geliefert <\/span><\/li>\n<li><span class=\"a-list-item\"> Gute Qualit\u00e4t: Wir haben strenge Qualit\u00e4tskontrollen bei jedem Prozess, einschlie\u00dflich Materialqualit\u00e4t, Beschichtung, Polieren und Einlegen von Stein. <\/span><\/li>\n<li><span class=\"a-list-item\"> Sicher f\u00fcr Haut: 925 Silber Halskette ist hypoallergen, sicher f\u00fcr Ihre Haut.Wird keine Farbe \u00e4ndern. <\/span><\/li>\n<\/ul>\n","protected":false},"excerpt":{"rendered":"<p>Wertvolles Material: Es wurde aus 925er Sterlingsilber und 5A Kubikstein gefertigt . 925er Sterling silber ist ein gro\u00dfartiges Metall &#8211; es ist leicht zu reinigen und hypoallergen Herz-Design: Herz-Design zeigen Sie Ihre Liebe f\u00fcr Ihre Freundin, Frau, Familie. Wir verwenden einen 8 mm x 8 mm gro\u00dfen kubischen Herzstein in der Mitte der Halskette, ungef\u00e4hr [&hellip;]<\/p>\n","protected":false},"featured_media":1363,"comment_status":"open","ping_status":"closed","template":"","meta":[],"product_cat":[78,103,116,63,53,45,73,52,280,55,426,432,433,431,301,70,297,295,294,296,298],"product_tag":[82,113,542],"class_list":{"0":"post-1364","1":"product","2":"type-product","3":"status-publish","4":"has-post-thumbnail","6":"product_cat-weihnachtsgeschenke","7":"product_cat-studenten","8":"product_cat-frauen","9":"product_cat-mutter","10":"product_cat-muttertag","11":"product_cat-freundin","12":"product_cat-beste-freundin","13":"product_cat-hochzeitsgeschenke","14":"product_cat-geburtstagsgeschenke","15":"product_cat-valentinstag","16":"product_cat-nach-preis","17":"product_cat-ueber-35-euro","18":"product_cat-ueber-40-euro","19":"product_cat-unter-50-euro","20":"product_cat-eltern","21":"product_cat-geschenke-fuer-jeden-anlass","22":"product_cat--maedchen","23":"product_cat--tochter","24":"product_cat--schwester","25":"product_cat--schwiegermutter","26":"product_cat--ehefrau","27":"product_tag-geburtstagsgeschenk","28":"product_tag-geschenk-fuer-frauen","29":"product_tag-halskette","31":"first","32":"instock","33":"shipping-taxable","34":"product-type-external"},"_links":{"self":[{"href":"https:\/\/www.blogseite.com\/geschenke\/wp-json\/wp\/v2\/product\/1364"}],"collection":[{"href":"https:\/\/www.blogseite.com\/geschenke\/wp-json\/wp\/v2\/product"}],"about":[{"href":"https:\/\/www.blogseite.com\/geschenke\/wp-json\/wp\/v2\/types\/product"}],"replies":[{"embeddable":true,"href":"https:\/\/www.blogseite.com\/geschenke\/wp-json\/wp\/v2\/comments?post=1364"}],"wp:featuredmedia":[{"embeddable":true,"href":"https:\/\/www.blogseite.com\/geschenke\/wp-json\/wp\/v2\/media\/1363"}],"wp:attachment":[{"href":"https:\/\/www.blogseite.com\/geschenke\/wp-json\/wp\/v2\/media?parent=1364"}],"wp:term":[{"taxonomy":"product_cat","embeddable":true,"href":"https:\/\/www.blogseite.com\/geschenke\/wp-json\/wp\/v2\/product_cat?post=1364"},{"taxonomy":"product_tag","embeddable":true,"href":"https:\/\/www.blogseite.com\/geschenke\/wp-json\/wp\/v2\/product_tag?post=1364"}],"curies":[{"name":"wp","href":"https:\/\/api.w.org\/{rel}","templated":true}]}}