{"id":1357,"date":"2021-01-08T16:20:17","date_gmt":"2021-01-08T15:20:17","guid":{"rendered":"https:\/\/geschenke.blogseite.com\/?post_type=product&#038;p=1357"},"modified":"2022-04-05T20:05:42","modified_gmt":"2022-04-05T18:05:42","slug":"halskette-mit-herz-anhaenger-dephini-geschenk-freundin-%f0%9f%98%8d","status":"publish","type":"product","link":"https:\/\/www.blogseite.com\/geschenke\/s\/halskette-mit-herz-anhaenger-dephini-geschenk-freundin-%f0%9f%98%8d\/","title":{"rendered":"Halskette mit Herz-Anh\u00e4nger Dephini: Geschenk Freundin! \ud83d\ude0d"},"content":{"rendered":"<ul class=\"a-unordered-list a-vertical a-spacing-mini\">\n<li><span class=\"a-list-item\"> \u2665 Herz Symbol: Das Herz Symbol ist einer der beliebtesten Charakteren im World Wide Web und wird jeden Tag benutzt, fast eine Million Mal. Kein Wunder \u2013 es gilt als einfachen Ausdruck von Liebe, Freundschaft und Solidarit\u00e4t. Mit diesem Symbol f\u00fcr Liebe k\u00f6nnen Sie eine Vielzahl von Emotionen Ausdr\u00fccken mit nur einer Charakter. Die macht der das Herz Symbol ist ziemlich erstaunlich, wenn Sie denken \u00fcber sie. symbolisiert die sch\u00f6nsten gemeinsamen Erinnerungen von Ihnen sowohl <\/span><\/li>\n<li><span class=\"a-list-item\"> \u2665 Material: aus feinem Schmuck 925 Sterling Silber und verziert mit hochwertigen kubischen Zirkon Kristalle, die Kette ist erwiesen sich als Bodysave nach strengen Test kontaktieren. ohne sch\u00e4dliche Inhaltsstoffe, Wasser Ripple Kette 45,7 cm\/45 cm. Es ist Nickelfrei, frei von Blei, Cadmium und eine allergische. Rhodium-Plattierung: als inerte oder edlen Metall, wodurch es resistent gegen Korrosion und Oxidation auch in feuchter Luft Rhodium erh\u00f6ht die Haltbarkeit von jeden Schmuck seine Platten <\/span><\/li>\n<li><span class=\"a-list-item\"> \u2665 SCHMUCK-ELEMENTE: Echter Swarovski rosa Kristall in der Mitte. Hochwertiger Zirkonia um. Heute eines der beliebtesten Designs von Schmuck ist das Cluster-Design Unter allen Edelsteinen, ist Birthstone Zirkonia der Diamant in Erscheinung. Aber es ist g\u00fcnstiger als ein St\u00fcck Diamant <\/span><\/li>\n<li><span class=\"a-list-item\"> \u2665 Amazing Geschenk: Einfache Silber Halskette, Eleganz und gl\u00e4nzend Love Gifts Special, wie z.B. Freundin, Frau, Tochter, Mutter oder Freunde etc. Ideal Auswahl als Weihnachts-Geschenk, Valentinstag Valentine Geschenk, Best Friend Ketten Mother &#8216;s Day Geschenk, Geburtstag Geschenke f\u00fcr Ihre Unterhaltung Geburtsstein-Halskette, Best Friend Ketten, Hochzeitstag, Geschenk f\u00fcr M\u00e4dchen <\/span><\/li>\n<li><span class=\"a-list-item\"> \u2665 HINWEIS: Dies ist kein Swarovski Heart Produkt, sondern ein St\u00fcck mit Swarovski-Kristall. Wir haben die Kristalle von Swarovski mit ihrer Erlaubnis importiert, nachdem die Halskette von Dephini gut entworfen und dann geschickt in unseren unabh\u00e4ngigen Werkst\u00e4tten hergestellt wurde <\/span><\/li>\n<\/ul>\n","protected":false},"excerpt":{"rendered":"<p>\u2665 Herz Symbol: Das Herz Symbol ist einer der beliebtesten Charakteren im World Wide Web und wird jeden Tag benutzt, fast eine Million Mal. Kein Wunder \u2013 es gilt als einfachen Ausdruck von Liebe, Freundschaft und Solidarit\u00e4t. Mit diesem Symbol f\u00fcr Liebe k\u00f6nnen Sie eine Vielzahl von Emotionen Ausdr\u00fccken mit nur einer Charakter. Die macht [&hellip;]<\/p>\n","protected":false},"featured_media":1358,"comment_status":"open","ping_status":"closed","template":"","meta":[],"product_cat":[78,103,116,63,53,45,73,52,280,55,426,432,433,301,70,297,295,294,296,298],"product_tag":[82,113,542],"class_list":{"0":"post-1357","1":"product","2":"type-product","3":"status-publish","4":"has-post-thumbnail","6":"product_cat-weihnachtsgeschenke","7":"product_cat-studenten","8":"product_cat-frauen","9":"product_cat-mutter","10":"product_cat-muttertag","11":"product_cat-freundin","12":"product_cat-beste-freundin","13":"product_cat-hochzeitsgeschenke","14":"product_cat-geburtstagsgeschenke","15":"product_cat-valentinstag","16":"product_cat-nach-preis","17":"product_cat-ueber-35-euro","18":"product_cat-ueber-40-euro","19":"product_cat-eltern","20":"product_cat-geschenke-fuer-jeden-anlass","21":"product_cat--maedchen","22":"product_cat--tochter","23":"product_cat--schwester","24":"product_cat--schwiegermutter","25":"product_cat--ehefrau","26":"product_tag-geburtstagsgeschenk","27":"product_tag-geschenk-fuer-frauen","28":"product_tag-halskette","30":"first","31":"instock","32":"shipping-taxable","33":"product-type-external"},"_links":{"self":[{"href":"https:\/\/www.blogseite.com\/geschenke\/wp-json\/wp\/v2\/product\/1357"}],"collection":[{"href":"https:\/\/www.blogseite.com\/geschenke\/wp-json\/wp\/v2\/product"}],"about":[{"href":"https:\/\/www.blogseite.com\/geschenke\/wp-json\/wp\/v2\/types\/product"}],"replies":[{"embeddable":true,"href":"https:\/\/www.blogseite.com\/geschenke\/wp-json\/wp\/v2\/comments?post=1357"}],"wp:featuredmedia":[{"embeddable":true,"href":"https:\/\/www.blogseite.com\/geschenke\/wp-json\/wp\/v2\/media\/1358"}],"wp:attachment":[{"href":"https:\/\/www.blogseite.com\/geschenke\/wp-json\/wp\/v2\/media?parent=1357"}],"wp:term":[{"taxonomy":"product_cat","embeddable":true,"href":"https:\/\/www.blogseite.com\/geschenke\/wp-json\/wp\/v2\/product_cat?post=1357"},{"taxonomy":"product_tag","embeddable":true,"href":"https:\/\/www.blogseite.com\/geschenke\/wp-json\/wp\/v2\/product_tag?post=1357"}],"curies":[{"name":"wp","href":"https:\/\/api.w.org\/{rel}","templated":true}]}}