{"id":1353,"date":"2021-01-08T16:09:34","date_gmt":"2021-01-08T15:09:34","guid":{"rendered":"https:\/\/geschenke.blogseite.com\/?post_type=product&#038;p=1353"},"modified":"2022-04-05T20:06:48","modified_gmt":"2022-04-05T18:06:48","slug":"dicheng-creolen-silber-damen-ohrringe-%f0%9f%98%8a","status":"publish","type":"product","link":"https:\/\/www.blogseite.com\/geschenke\/s\/dicheng-creolen-silber-damen-ohrringe-%f0%9f%98%8a\/","title":{"rendered":"Dicheng Creolen Silber Damen Ohrringe \ud83d\ude0a"},"content":{"rendered":"<ul class=\"a-unordered-list a-vertical a-spacing-mini\">\n<li><span class=\"a-list-item\"> \u3010Hochwertig Material\u3011: Diese Klein Creolen sind aus 925 Sterling Silber &amp; AAA Zirkonia. Hochglanzpoliert, Rosegold Vergoldet, Nickelfrei, Hypoallergen und f\u00fcr immer Gl\u00e4nzend. Perfekt f\u00fcr Alltag Leben. Unsere Silber Ohrringe sind f\u00fcr fast alle Empfindlichen Ohren Geeignet. <\/span><\/li>\n<li><span class=\"a-list-item\"> \u3010 Creolen Gr\u00f6\u00dfe \u3011: Der Innen Durchmesser der Silber Creolen ist : 13mm * 13mm. Leicht und Angenehm zu tragen, kann als Schlafen Ohrringe sein. Geeignet f\u00fcr Frauen, M\u00e4nner, M\u00e4dchen, Jungen und Kinder. <\/span><\/li>\n<li><span class=\"a-list-item\"> \u3010Leicht zu Passen\u3011: Die Einfach Design Creolen eignen sich perfekt f\u00fcr jeden Anlass: Alltag, Party, Ball, Hochzeit, Jubil\u00e4um, Abschlussfeier, Verlobung oder andere besondere Anl\u00e4sse. Geeignet f\u00fcr passen T-Shirt, Rock, Jeans, Kleid, Anzug, Pullover, Mantel etc. <\/span><\/li>\n<li><span class=\"a-list-item\"> \u3010Ideal Geschenkauswahl\u3011: Dicheng Silber Creolen werden in einer sch\u00f6nen Wei\u00df &amp; Blau Schmuck Box geliefert. Einen guten Geburtstag \/ Hochzeit \/ Abschluss \/ Muttertag \/ Erntedankfest \/ Weihnachten \/ Neujahr \/ Valentinstag Geschenk f\u00fcr dich, Mutti. Tante, Frau, Schwester, Nichte, Tochter Freundin. <\/span><\/li>\n<li><span class=\"a-list-item\"> \u3010100% Geld-Zur\u00fcck-Garantie\u3011: Unsere 925 Sterling SIlber Creolen werden von Amazon geliefert. Genie\u00dfen Sie die schnelle und sichere Lieferung. Problemlose R\u00fcckgabe und R\u00fcckerstattung f\u00fcr 180 Tage. Kontaktieren Sie uns bitte bei Fragen oder Problemen! Wir werden ihnen von ganzem herzen dienen, um die probleme zu l\u00f6sen. <\/span><\/li>\n<\/ul>\n","protected":false},"excerpt":{"rendered":"<p>\u3010Hochwertig Material\u3011: Diese Klein Creolen sind aus 925 Sterling Silber &amp; AAA Zirkonia. Hochglanzpoliert, Rosegold Vergoldet, Nickelfrei, Hypoallergen und f\u00fcr immer Gl\u00e4nzend. Perfekt f\u00fcr Alltag Leben. Unsere Silber Ohrringe sind f\u00fcr fast alle Empfindlichen Ohren Geeignet. \u3010 Creolen Gr\u00f6\u00dfe \u3011: Der Innen Durchmesser der Silber Creolen ist : 13mm * 13mm. Leicht und Angenehm zu [&hellip;]<\/p>\n","protected":false},"featured_media":1354,"comment_status":"open","ping_status":"closed","template":"","meta":[],"product_cat":[78,103,116,63,53,45,73,52,280,55,426,430,431,301,70,297,295,294,296,298],"product_tag":[442,82,113],"class_list":{"0":"post-1353","1":"product","2":"type-product","3":"status-publish","4":"has-post-thumbnail","6":"product_cat-weihnachtsgeschenke","7":"product_cat-studenten","8":"product_cat-frauen","9":"product_cat-mutter","10":"product_cat-muttertag","11":"product_cat-freundin","12":"product_cat-beste-freundin","13":"product_cat-hochzeitsgeschenke","14":"product_cat-geburtstagsgeschenke","15":"product_cat-valentinstag","16":"product_cat-nach-preis","17":"product_cat-unter-20-euro","18":"product_cat-unter-50-euro","19":"product_cat-eltern","20":"product_cat-geschenke-fuer-jeden-anlass","21":"product_cat--maedchen","22":"product_cat--tochter","23":"product_cat--schwester","24":"product_cat--schwiegermutter","25":"product_cat--ehefrau","26":"product_tag-frauen-ohrringe","27":"product_tag-geburtstagsgeschenk","28":"product_tag-geschenk-fuer-frauen","30":"first","31":"instock","32":"shipping-taxable","33":"product-type-external"},"_links":{"self":[{"href":"https:\/\/www.blogseite.com\/geschenke\/wp-json\/wp\/v2\/product\/1353"}],"collection":[{"href":"https:\/\/www.blogseite.com\/geschenke\/wp-json\/wp\/v2\/product"}],"about":[{"href":"https:\/\/www.blogseite.com\/geschenke\/wp-json\/wp\/v2\/types\/product"}],"replies":[{"embeddable":true,"href":"https:\/\/www.blogseite.com\/geschenke\/wp-json\/wp\/v2\/comments?post=1353"}],"wp:featuredmedia":[{"embeddable":true,"href":"https:\/\/www.blogseite.com\/geschenke\/wp-json\/wp\/v2\/media\/1354"}],"wp:attachment":[{"href":"https:\/\/www.blogseite.com\/geschenke\/wp-json\/wp\/v2\/media?parent=1353"}],"wp:term":[{"taxonomy":"product_cat","embeddable":true,"href":"https:\/\/www.blogseite.com\/geschenke\/wp-json\/wp\/v2\/product_cat?post=1353"},{"taxonomy":"product_tag","embeddable":true,"href":"https:\/\/www.blogseite.com\/geschenke\/wp-json\/wp\/v2\/product_tag?post=1353"}],"curies":[{"name":"wp","href":"https:\/\/api.w.org\/{rel}","templated":true}]}}