{"id":1351,"date":"2021-01-08T16:03:48","date_gmt":"2021-01-08T15:03:48","guid":{"rendered":"https:\/\/geschenke.blogseite.com\/?post_type=product&#038;p=1351"},"modified":"2022-04-05T20:07:07","modified_gmt":"2022-04-05T18:07:07","slug":"top-ninamaid-damen-armband-unendlichkeit-%f0%9f%98%87","status":"publish","type":"product","link":"https:\/\/www.blogseite.com\/geschenke\/s\/top-ninamaid-damen-armband-unendlichkeit-%f0%9f%98%87\/","title":{"rendered":"TOP: NINAMAID Damen Armband Unendlichkeit \ud83d\ude07"},"content":{"rendered":"<ul class=\"a-unordered-list a-vertical a-spacing-mini\">\n<li><span class=\"a-list-item\"> \u2665 MATERIALIEN &amp; MESSUNGEN \u2665 925 Sterling Silber, nickelfrei, sicher f\u00fcr empfindliche haut. Gesamtl\u00e4nge der Kette: 25,5 cm \/ 10 Zoll verstellbar, b\u00f6sen Blick Gr\u00f6\u00dfe: 0,4 * 0,4 Zoll. Nettogewicht 6.7g. <\/span><\/li>\n<li><span class=\"a-list-item\"> \u2665EINZIGARTIGES DESIGN\u2665 Das schwarz\u00e4ugige Modeschmuckarmband funkelt mit kubischem Zirkonia, das in einem simulierten blauen Saphir glitzert. Versilbertes Silber und Hochglanzlackierungen verblassen nicht lange. <\/span><\/li>\n<li><span class=\"a-list-item\"> \u2665GL\u00dcCKLICHER SCHMUCK\u2665 Dieses Armband zeigt eine gro\u00dfartige Pers\u00f6nlichkeit. Mehrfachauswahl f\u00fcr Sie.Es wird geglaubt, um Gl\u00fcck und Hilfe zu einem gesunden Leben zu bringen, w\u00fcnschen Ihnen viel Gl\u00fcck. <\/span><\/li>\n<li><span class=\"a-list-item\"> \u2665BEFAHRBARKEIT\u2665 Das voll verstellbare Armband passt zu fast jeder Handgr\u00f6\u00dfe mit lustigen und modischen Quasten, die sich leicht mit Kleidung kombinieren lassen. Perfekter Schmuck um die modische Garderobe einer Frau mit einem zeitlosen, einzigartigen Stil zu erweitern. <\/span><\/li>\n<li><span class=\"a-list-item\"> \u2665Gro\u00dfes Geschenk f\u00fcr sie\u2665 Gut verpackt in einer eleganten Geschenkbox, gro\u00dfes Geschenk f\u00fcr Freundin, Familien oder beste Freunde an Weihnachten, Geburtstag, Valentinstag, Jahrestag, Erntedankfest, etc. Es wird zweifellos ihr Herz fangen. <\/span><\/li>\n<\/ul>\n","protected":false},"excerpt":{"rendered":"<p>\u2665 MATERIALIEN &amp; MESSUNGEN \u2665 925 Sterling Silber, nickelfrei, sicher f\u00fcr empfindliche haut. Gesamtl\u00e4nge der Kette: 25,5 cm \/ 10 Zoll verstellbar, b\u00f6sen Blick Gr\u00f6\u00dfe: 0,4 * 0,4 Zoll. Nettogewicht 6.7g. \u2665EINZIGARTIGES DESIGN\u2665 Das schwarz\u00e4ugige Modeschmuckarmband funkelt mit kubischem Zirkonia, das in einem simulierten blauen Saphir glitzert. Versilbertes Silber und Hochglanzlackierungen verblassen nicht lange. \u2665GL\u00dcCKLICHER [&hellip;]<\/p>\n","protected":false},"featured_media":1352,"comment_status":"open","ping_status":"closed","template":"","meta":[],"product_cat":[78,103,116,63,53,45,73,52,280,426,431,301,70,297,295,294,296,298],"product_tag":[443,82,113],"class_list":{"0":"post-1351","1":"product","2":"type-product","3":"status-publish","4":"has-post-thumbnail","6":"product_cat-weihnachtsgeschenke","7":"product_cat-studenten","8":"product_cat-frauen","9":"product_cat-mutter","10":"product_cat-muttertag","11":"product_cat-freundin","12":"product_cat-beste-freundin","13":"product_cat-hochzeitsgeschenke","14":"product_cat-geburtstagsgeschenke","15":"product_cat-nach-preis","16":"product_cat-unter-50-euro","17":"product_cat-eltern","18":"product_cat-geschenke-fuer-jeden-anlass","19":"product_cat--maedchen","20":"product_cat--tochter","21":"product_cat--schwester","22":"product_cat--schwiegermutter","23":"product_cat--ehefrau","24":"product_tag-frauen-armband","25":"product_tag-geburtstagsgeschenk","26":"product_tag-geschenk-fuer-frauen","28":"first","29":"instock","30":"shipping-taxable","31":"product-type-external"},"_links":{"self":[{"href":"https:\/\/www.blogseite.com\/geschenke\/wp-json\/wp\/v2\/product\/1351"}],"collection":[{"href":"https:\/\/www.blogseite.com\/geschenke\/wp-json\/wp\/v2\/product"}],"about":[{"href":"https:\/\/www.blogseite.com\/geschenke\/wp-json\/wp\/v2\/types\/product"}],"replies":[{"embeddable":true,"href":"https:\/\/www.blogseite.com\/geschenke\/wp-json\/wp\/v2\/comments?post=1351"}],"wp:featuredmedia":[{"embeddable":true,"href":"https:\/\/www.blogseite.com\/geschenke\/wp-json\/wp\/v2\/media\/1352"}],"wp:attachment":[{"href":"https:\/\/www.blogseite.com\/geschenke\/wp-json\/wp\/v2\/media?parent=1351"}],"wp:term":[{"taxonomy":"product_cat","embeddable":true,"href":"https:\/\/www.blogseite.com\/geschenke\/wp-json\/wp\/v2\/product_cat?post=1351"},{"taxonomy":"product_tag","embeddable":true,"href":"https:\/\/www.blogseite.com\/geschenke\/wp-json\/wp\/v2\/product_tag?post=1351"}],"curies":[{"name":"wp","href":"https:\/\/api.w.org\/{rel}","templated":true}]}}