{"id":1345,"date":"2021-01-08T10:16:51","date_gmt":"2021-01-08T09:16:51","guid":{"rendered":"https:\/\/geschenke.blogseite.com\/?post_type=product&#038;p=1345"},"modified":"2022-04-05T20:10:21","modified_gmt":"2022-04-05T18:10:21","slug":"blinggem-damen-ketten-925-sterling-silber","status":"publish","type":"product","link":"https:\/\/www.blogseite.com\/geschenke\/s\/blinggem-damen-ketten-925-sterling-silber\/","title":{"rendered":"BlingGem Damen Ketten 925 Sterling Silber"},"content":{"rendered":"<ul class=\"a-unordered-list a-vertical a-spacing-mini\">\n<li><span class=\"a-list-item\">Diese sch\u00f6ne und elegante Halskette ist aus vergoldetem 925 Sterling silber und mit gl\u00e4nzendem Zirkonia verziert.Als Halskette ist das Herz mit der Unendlichkeit ein perfektes Geschenk f\u00fcr die Person, die du interessierst, jemand, mit dem du sprunghaft gegangen bist, um deine unzerbrechliche, starke Bindung auszudr\u00fccken<\/span><\/li>\n<li><span class=\"a-list-item\">Unser Designer hat diese wundersch\u00f6ne Halskette genannt \u201cF\u00fcr immer zusammen\u201d.Die Unendlichkeits-Liebeshalskette kennzeichnet einen Anh\u00e4nger in der Form des unendlich kombinierten Herzsymbols und tr\u00e4gt die Mitteilung der endlosen M\u00f6glichkeiten f\u00fcr damen.Die Unendlichkeit ist f\u00fcr immer, die ewige Liebe kann uns einmal ber\u00fchren und ein Leben lang dauern, und niemals loslassen, bis wir eins sind<\/span><\/li>\n<li><span class=\"a-list-item\">BlingGem silber Unendlichkeits kette, eine romantische Weise, Frau gl\u00fccklich zu machen, Einheit, Erm\u00e4chtigung oder ewig Liebe zu symbolisieren.Die Unendlichkeit kann ihre modernere Interpretation von Ewigkeit und f\u00fcr immer Liebe symbolisieren.Diese silberne Anh\u00e4nger Halskette ist eine gro\u00dfartige Erg\u00e4nzung f\u00fcr jede Art von Outfit und kann einen sentimentalen Touch zu Ihrem Stil hinzuf\u00fcgen<\/span><\/li>\n<li><span class=\"a-list-item\">F\u00fcr die Menschen von heute ist die Unendlichkeit eine Darstellung von etwas Endlosem, wie eine Liebe oder Verbindung.Mit den beiden miteinander verbundenen Kreisen, von denen jeder eine Seite der Beziehung darstellt, umfasst die Idee, &#8220;f\u00fcr immer zusammen zu sein&#8221;.W\u00e4hrend das Konzept der Unendlichkeit oder wahrhaft f\u00fcr immer nicht wirklich erfasst werden kann, repr\u00e4sentiert es das Verlangen nach etwas, das immerw\u00e4hrend ist<\/span><\/li>\n<li><span class=\"a-list-item\">Das Unendlichkeitssymbol ist ein sehr cooles und interessantes Schmuckdesign. Stellen Sie sich eine liebevolle Beziehung oder eine starke Bindung zu Ihrem Geschwister vor, die Sie niemals beenden wollen,bevorzuge f\u00fcr deinen Liebhaber, Mutter, Tochter, Ehefrau, Freundin, beste Freunde als Geschenk zum Geburtstag, Jubil\u00e4um, Hochzeit, Weihnachten, Valentinstag, romantische \u00dcberraschung oder besondere Anl\u00e4sse<\/span><\/li>\n<\/ul>\n","protected":false},"excerpt":{"rendered":"<p>Diese sch\u00f6ne und elegante Halskette ist aus vergoldetem 925 Sterling silber und mit gl\u00e4nzendem Zirkonia verziert.Als Halskette ist das Herz mit der Unendlichkeit ein perfektes Geschenk f\u00fcr die Person, die du interessierst, jemand, mit dem du sprunghaft gegangen bist, um deine unzerbrechliche, starke Bindung auszudr\u00fccken Unser Designer hat diese wundersch\u00f6ne Halskette genannt \u201cF\u00fcr immer zusammen\u201d.Die [&hellip;]<\/p>\n","protected":false},"featured_media":1346,"comment_status":"open","ping_status":"closed","template":"","meta":[],"product_cat":[78,103,116,63,53,45,73,52,280,55,426,431,301,70,295,294,296,298],"product_tag":[82,113,542],"class_list":{"0":"post-1345","1":"product","2":"type-product","3":"status-publish","4":"has-post-thumbnail","6":"product_cat-weihnachtsgeschenke","7":"product_cat-studenten","8":"product_cat-frauen","9":"product_cat-mutter","10":"product_cat-muttertag","11":"product_cat-freundin","12":"product_cat-beste-freundin","13":"product_cat-hochzeitsgeschenke","14":"product_cat-geburtstagsgeschenke","15":"product_cat-valentinstag","16":"product_cat-nach-preis","17":"product_cat-unter-50-euro","18":"product_cat-eltern","19":"product_cat-geschenke-fuer-jeden-anlass","20":"product_cat--tochter","21":"product_cat--schwester","22":"product_cat--schwiegermutter","23":"product_cat--ehefrau","24":"product_tag-geburtstagsgeschenk","25":"product_tag-geschenk-fuer-frauen","26":"product_tag-halskette","28":"first","29":"instock","30":"shipping-taxable","31":"product-type-external"},"_links":{"self":[{"href":"https:\/\/www.blogseite.com\/geschenke\/wp-json\/wp\/v2\/product\/1345"}],"collection":[{"href":"https:\/\/www.blogseite.com\/geschenke\/wp-json\/wp\/v2\/product"}],"about":[{"href":"https:\/\/www.blogseite.com\/geschenke\/wp-json\/wp\/v2\/types\/product"}],"replies":[{"embeddable":true,"href":"https:\/\/www.blogseite.com\/geschenke\/wp-json\/wp\/v2\/comments?post=1345"}],"wp:featuredmedia":[{"embeddable":true,"href":"https:\/\/www.blogseite.com\/geschenke\/wp-json\/wp\/v2\/media\/1346"}],"wp:attachment":[{"href":"https:\/\/www.blogseite.com\/geschenke\/wp-json\/wp\/v2\/media?parent=1345"}],"wp:term":[{"taxonomy":"product_cat","embeddable":true,"href":"https:\/\/www.blogseite.com\/geschenke\/wp-json\/wp\/v2\/product_cat?post=1345"},{"taxonomy":"product_tag","embeddable":true,"href":"https:\/\/www.blogseite.com\/geschenke\/wp-json\/wp\/v2\/product_tag?post=1345"}],"curies":[{"name":"wp","href":"https:\/\/api.w.org\/{rel}","templated":true}]}}