{"id":1322,"date":"2021-01-08T08:40:14","date_gmt":"2021-01-08T07:40:14","guid":{"rendered":"https:\/\/geschenke.blogseite.com\/?post_type=product&#038;p=1322"},"modified":"2022-04-05T20:13:11","modified_gmt":"2022-04-05T18:13:11","slug":"einschlafhilfe-wenn-du-schlecht-schlafen-kannst","status":"publish","type":"product","link":"https:\/\/www.blogseite.com\/geschenke\/s\/einschlafhilfe-wenn-du-schlecht-schlafen-kannst\/","title":{"rendered":"Einschlafhilfe- Wenn du schlecht schlafen kannst!"},"content":{"rendered":"<ul class=\"a-unordered-list a-vertical a-spacing-mini\">\n<li><span class=\"a-list-item\">Dodow ist ein Licht-Metronom, das Ihnen hilft ohne Medikamente und nat\u00fcrlich wieder einzuschlafen.<\/span><\/li>\n<li><span class=\"a-list-item\">Tippen Sie einmal auf das Touchscreen f\u00fcr den 8 Minuten-Modus und zweimal f\u00fcr den 20 Minuten-Modus.<\/span><\/li>\n<li><span class=\"a-list-item\">Am Ende der \u00dcbung (8 oder 20 Minuten) schaltet sich Dodow alleine aus.<\/span><\/li>\n<\/ul>\n","protected":false},"excerpt":{"rendered":"<p>Dodow ist ein Licht-Metronom, das Ihnen hilft ohne Medikamente und nat\u00fcrlich wieder einzuschlafen. Tippen Sie einmal auf das Touchscreen f\u00fcr den 8 Minuten-Modus und zweimal f\u00fcr den 20 Minuten-Modus. Am Ende der \u00dcbung (8 oder 20 Minuten) schaltet sich Dodow alleine aus.<\/p>\n","protected":false},"featured_media":1324,"comment_status":"open","ping_status":"closed","template":"","meta":[],"product_cat":[78,110,58,54,116,63,53,45,108,57,73,280,55,426,431,293,301,292,300,70,299,295,294,296,298],"product_tag":[583,82,113,109],"class_list":{"0":"post-1322","1":"product","2":"type-product","3":"status-publish","4":"has-post-thumbnail","6":"product_cat-weihnachtsgeschenke","7":"product_cat-freund","8":"product_cat-opa","9":"product_cat-vatertag","10":"product_cat-frauen","11":"product_cat-mutter","12":"product_cat-muttertag","13":"product_cat-freundin","14":"product_cat-maenner","15":"product_cat-oma","16":"product_cat-beste-freundin","17":"product_cat-geburtstagsgeschenke","18":"product_cat-valentinstag","19":"product_cat-nach-preis","20":"product_cat-unter-50-euro","21":"product_cat-geschenk-fuer-bruder","22":"product_cat-eltern","23":"product_cat-sohn","24":"product_cat--kollege","25":"product_cat-geschenke-fuer-jeden-anlass","26":"product_cat--chef","27":"product_cat--tochter","28":"product_cat--schwester","29":"product_cat--schwiegermutter","30":"product_cat--ehefrau","31":"product_tag-einschlafhilfe","32":"product_tag-geburtstagsgeschenk","33":"product_tag-geschenk-fuer-frauen","34":"product_tag-geschenk-fuer-maenner","36":"first","37":"instock","38":"shipping-taxable","39":"product-type-external"},"_links":{"self":[{"href":"https:\/\/www.blogseite.com\/geschenke\/wp-json\/wp\/v2\/product\/1322"}],"collection":[{"href":"https:\/\/www.blogseite.com\/geschenke\/wp-json\/wp\/v2\/product"}],"about":[{"href":"https:\/\/www.blogseite.com\/geschenke\/wp-json\/wp\/v2\/types\/product"}],"replies":[{"embeddable":true,"href":"https:\/\/www.blogseite.com\/geschenke\/wp-json\/wp\/v2\/comments?post=1322"}],"wp:featuredmedia":[{"embeddable":true,"href":"https:\/\/www.blogseite.com\/geschenke\/wp-json\/wp\/v2\/media\/1324"}],"wp:attachment":[{"href":"https:\/\/www.blogseite.com\/geschenke\/wp-json\/wp\/v2\/media?parent=1322"}],"wp:term":[{"taxonomy":"product_cat","embeddable":true,"href":"https:\/\/www.blogseite.com\/geschenke\/wp-json\/wp\/v2\/product_cat?post=1322"},{"taxonomy":"product_tag","embeddable":true,"href":"https:\/\/www.blogseite.com\/geschenke\/wp-json\/wp\/v2\/product_tag?post=1322"}],"curies":[{"name":"wp","href":"https:\/\/api.w.org\/{rel}","templated":true}]}}