{"id":1303,"date":"2021-01-07T15:57:46","date_gmt":"2021-01-07T14:57:46","guid":{"rendered":"https:\/\/geschenke.blogseite.com\/?post_type=product&#038;p=1303"},"modified":"2022-04-05T20:16:13","modified_gmt":"2022-04-05T18:16:13","slug":"rhodesy-oktopus-handy-stativ-tripod-dreibein","status":"publish","type":"product","link":"https:\/\/www.blogseite.com\/geschenke\/s\/rhodesy-oktopus-handy-stativ-tripod-dreibein\/","title":{"rendered":"Rhodesy Oktopus Handy Stativ Tripod Dreibein \ud83d\ude0a"},"content":{"rendered":"<div id=\"featurebullets_feature_div\" class=\"celwidget\" data-feature-name=\"featurebullets\" data-csa-c-id=\"xo3593-xsjs6e-jvytmb-sp3c5r\" data-cel-widget=\"featurebullets_feature_div\">\n<div id=\"feature-bullets\" class=\"a-section a-spacing-medium a-spacing-top-small\">\n<ul class=\"a-unordered-list a-vertical a-spacing-mini\">\n<li><span class=\"a-list-item\">Das handy Tripod Dreibein Stativ wurde konzipiert um extrem funktionell und langlebig zu sein.<\/span><\/li>\n<li><span class=\"a-list-item\">Perfekt um tolle Aufnahmen auf jeder Art von Oberfl\u00e4che zu machen. Sie k\u00f6nnen die Stativbeine um eine Lampe oder einen Baum wickeln.<\/span><\/li>\n<li><span class=\"a-list-item\">Nehmen Sie dieses leichte Stativ \u00fcberall hin mit, um Ihre Kamera sicher zu fixieren, kompatibel auch f\u00fcr die GoPro Hero 6 Hero 5 Black.<\/span><\/li>\n<li><span class=\"a-list-item\">Stellen Sie dieses Mini-Stativ einfach auf Ihren Scho\u00df, Schreibtisch oder Sofa. Perfekt um Filme auf Ihrem Handy anzuschauen, kompatibel auch f\u00fcr iPhone X, 8, 8 Plus, 7, 7 Plus 6, 6+, 5, Samsung Galaxy S7, S6, S5 oder jedes andere Smartphone oder Kamera.<\/span><\/li>\n<li><span class=\"a-list-item\">Das Stativ hat 360 Grad drehbare und biegsame Stativbeine, so dass sie diesen Tripod St\u00e4nder auch nutzen k\u00f6nnen um ein Buch oder Ihr iPad zu halten. (HINWEIS: Wir haben jetzt sowohl alte als auch neue Versionen, zuf\u00e4llig gesendet.)<\/span><\/li>\n<\/ul>\n<\/div>\n<\/div>\n","protected":false},"excerpt":{"rendered":"<p>Das handy Tripod Dreibein Stativ wurde konzipiert um extrem funktionell und langlebig zu sein. Perfekt um tolle Aufnahmen auf jeder Art von Oberfl\u00e4che zu machen. Sie k\u00f6nnen die Stativbeine um eine Lampe oder einen Baum wickeln. Nehmen Sie dieses leichte Stativ \u00fcberall hin mit, um Ihre Kamera sicher zu fixieren, kompatibel auch f\u00fcr die GoPro [&hellip;]<\/p>\n","protected":false},"featured_media":1304,"comment_status":"open","ping_status":"closed","template":"","meta":[],"product_cat":[78,103,74,110,116,45,108,73,280,55,426,430,431,293,292,300,302,70,297,295,294,291],"product_tag":[178,106,588],"class_list":{"0":"post-1303","1":"product","2":"type-product","3":"status-publish","4":"has-post-thumbnail","6":"product_cat-weihnachtsgeschenke","7":"product_cat-studenten","8":"product_cat-bester-freund","9":"product_cat-freund","10":"product_cat-frauen","11":"product_cat-freundin","12":"product_cat-maenner","13":"product_cat-beste-freundin","14":"product_cat-geburtstagsgeschenke","15":"product_cat-valentinstag","16":"product_cat-nach-preis","17":"product_cat-unter-20-euro","18":"product_cat-unter-50-euro","19":"product_cat-geschenk-fuer-bruder","20":"product_cat-sohn","21":"product_cat--kollege","22":"product_cat--jungen","23":"product_cat-geschenke-fuer-jeden-anlass","24":"product_cat--maedchen","25":"product_cat--tochter","26":"product_cat--schwester","27":"product_cat-nerds","28":"product_tag-geschenk-fuer-nerds","29":"product_tag-geschenk-fuer-studenten","30":"product_tag-handy-stativ","32":"first","33":"instock","34":"shipping-taxable","35":"product-type-external"},"_links":{"self":[{"href":"https:\/\/www.blogseite.com\/geschenke\/wp-json\/wp\/v2\/product\/1303"}],"collection":[{"href":"https:\/\/www.blogseite.com\/geschenke\/wp-json\/wp\/v2\/product"}],"about":[{"href":"https:\/\/www.blogseite.com\/geschenke\/wp-json\/wp\/v2\/types\/product"}],"replies":[{"embeddable":true,"href":"https:\/\/www.blogseite.com\/geschenke\/wp-json\/wp\/v2\/comments?post=1303"}],"wp:featuredmedia":[{"embeddable":true,"href":"https:\/\/www.blogseite.com\/geschenke\/wp-json\/wp\/v2\/media\/1304"}],"wp:attachment":[{"href":"https:\/\/www.blogseite.com\/geschenke\/wp-json\/wp\/v2\/media?parent=1303"}],"wp:term":[{"taxonomy":"product_cat","embeddable":true,"href":"https:\/\/www.blogseite.com\/geschenke\/wp-json\/wp\/v2\/product_cat?post=1303"},{"taxonomy":"product_tag","embeddable":true,"href":"https:\/\/www.blogseite.com\/geschenke\/wp-json\/wp\/v2\/product_tag?post=1303"}],"curies":[{"name":"wp","href":"https:\/\/api.w.org\/{rel}","templated":true}]}}