{"id":1300,"date":"2021-01-07T15:49:52","date_gmt":"2021-01-07T14:49:52","guid":{"rendered":"https:\/\/geschenke.blogseite.com\/?post_type=product&#038;p=1300"},"modified":"2022-04-05T20:16:58","modified_gmt":"2022-04-05T18:16:58","slug":"tonor-q9-usb-mikrofon-kondensator-microphone-kit","status":"publish","type":"product","link":"https:\/\/www.blogseite.com\/geschenke\/s\/tonor-q9-usb-mikrofon-kondensator-microphone-kit\/","title":{"rendered":"TONOR Q9 USB Mikrofon Kondensator Microphone Kit \ud83e\udd29"},"content":{"rendered":"<ul class=\"a-unordered-list a-vertical a-spacing-mini\">\n<li><span class=\"a-list-item\">Plug and Play: Mit dem USB A auf B Kabel kann das Mikrofon einfach an Windows und macOS Computer angeschlossen werden. Es ist keine zus\u00e4tzliche Treibersoftware oder Soundkarte erforderlich. Hinweis: Das Mikrofon ist mit PS4 kompatibel, jedoch nicht mit Xbox.<\/span><\/li>\n<li><span class=\"a-list-item\">Gut Qualit\u00e4t: Ausgestattet mit einer 16mm gro\u00dfen Membran, einem breiten Frequenzgang (20 Hz bis 20 kHz) und einem professionellen Sound Chipsatz.<\/span><\/li>\n<li><span class=\"a-list-item\">Benutzerfreundliches Design: Im Arbeitszustand kurz dr\u00fccken die Lautst\u00e4rketaste, um die Lautst\u00e4rke des Mikrofons einzustellen, 3 Sekunden lang dr\u00fccken, um das Mikrofon auszuschalten.<\/span><\/li>\n<li><span class=\"a-list-item\">Langlebiger Mikrofonarm: Das Q9 Mikrofon verf\u00fcgt \u00fcber einen stabilen Ganzmetall Scherenst\u00e4nder, der sich vertikal bis zu 700mm erstreckt. Maximale Schreibtischdicke: 55mm.<\/span><\/li>\n<li><span class=\"a-list-item\">Komplettes Mikrofonset: Das Paket enth\u00e4lt ein Kondensatormikrofon, 1 Metall Mikrofonspinne, 1 verstellbaren Mikrofonarm, 1 Tischhalterung, 1 Popfilter, 1 Mic Foam Cover, 1 1,8m USB A auf B Kabel und 1 Anleitung.<\/span><\/li>\n<\/ul>\n","protected":false},"excerpt":{"rendered":"<p>Plug and Play: Mit dem USB A auf B Kabel kann das Mikrofon einfach an Windows und macOS Computer angeschlossen werden. Es ist keine zus\u00e4tzliche Treibersoftware oder Soundkarte erforderlich. Hinweis: Das Mikrofon ist mit PS4 kompatibel, jedoch nicht mit Xbox. Gut Qualit\u00e4t: Ausgestattet mit einer 16mm gro\u00dfen Membran, einem breiten Frequenzgang (20 Hz bis 20 [&hellip;]<\/p>\n","protected":false},"featured_media":1301,"comment_status":"open","ping_status":"closed","template":"","meta":[],"product_cat":[78,103,74,110,116,45,108,73,280,55,426,432,433,70,295,294,291],"product_tag":[178,106,589],"class_list":{"0":"post-1300","1":"product","2":"type-product","3":"status-publish","4":"has-post-thumbnail","6":"product_cat-weihnachtsgeschenke","7":"product_cat-studenten","8":"product_cat-bester-freund","9":"product_cat-freund","10":"product_cat-frauen","11":"product_cat-freundin","12":"product_cat-maenner","13":"product_cat-beste-freundin","14":"product_cat-geburtstagsgeschenke","15":"product_cat-valentinstag","16":"product_cat-nach-preis","17":"product_cat-ueber-35-euro","18":"product_cat-ueber-40-euro","19":"product_cat-geschenke-fuer-jeden-anlass","20":"product_cat--tochter","21":"product_cat--schwester","22":"product_cat-nerds","23":"product_tag-geschenk-fuer-nerds","24":"product_tag-geschenk-fuer-studenten","25":"product_tag-mikrofon","27":"first","28":"instock","29":"shipping-taxable","30":"product-type-external"},"_links":{"self":[{"href":"https:\/\/www.blogseite.com\/geschenke\/wp-json\/wp\/v2\/product\/1300"}],"collection":[{"href":"https:\/\/www.blogseite.com\/geschenke\/wp-json\/wp\/v2\/product"}],"about":[{"href":"https:\/\/www.blogseite.com\/geschenke\/wp-json\/wp\/v2\/types\/product"}],"replies":[{"embeddable":true,"href":"https:\/\/www.blogseite.com\/geschenke\/wp-json\/wp\/v2\/comments?post=1300"}],"wp:featuredmedia":[{"embeddable":true,"href":"https:\/\/www.blogseite.com\/geschenke\/wp-json\/wp\/v2\/media\/1301"}],"wp:attachment":[{"href":"https:\/\/www.blogseite.com\/geschenke\/wp-json\/wp\/v2\/media?parent=1300"}],"wp:term":[{"taxonomy":"product_cat","embeddable":true,"href":"https:\/\/www.blogseite.com\/geschenke\/wp-json\/wp\/v2\/product_cat?post=1300"},{"taxonomy":"product_tag","embeddable":true,"href":"https:\/\/www.blogseite.com\/geschenke\/wp-json\/wp\/v2\/product_tag?post=1300"}],"curies":[{"name":"wp","href":"https:\/\/api.w.org\/{rel}","templated":true}]}}