{"id":1294,"date":"2021-01-06T09:39:37","date_gmt":"2021-01-06T08:39:37","guid":{"rendered":"https:\/\/geschenke.blogseite.com\/?post_type=product&#038;p=1294"},"modified":"2022-04-05T20:17:34","modified_gmt":"2022-04-05T18:17:34","slug":"zweckform-l6113-20-sicherheitsetiketten","status":"publish","type":"product","link":"https:\/\/www.blogseite.com\/geschenke\/s\/zweckform-l6113-20-sicherheitsetiketten\/","title":{"rendered":"Zweckform L6113-20 Sicherheitsetiketten"},"content":{"rendered":"<ul>\n<li><span class=\"a-list-item\"> Abziehsichere, wei\u00dfe, matte Klebeetiketten aus Polyester-Folie auf DIN A4 Bl\u00e4ttern. Hinterlassen beim Abziehen ein Schachbrettmuster und verhindern somit jeden Manipulationsversuch <\/span><\/li>\n<li><span class=\"a-list-item\"> Selbstklebende, strapazierf\u00e4hige, robuste, rei\u00df- und wetterfeste, manipulationssichere, \u00f6l- und schmutzabweisende, wasserfeste und temperaturbest\u00e4ndige (-40\u00b0 bis +80\u00b0C) Folienetiketten <\/span><\/li>\n<li><span class=\"a-list-item\"> Blanko Klebeetiketten zum selbst gestalten und bedrucken mit kostenlosen Online-Vorlagen von AVERY Zweckform. Den Link hierzu finden Sie auf der Produktverpackung oder auf der AVERY Zweckform Website <\/span><\/li>\n<li><span class=\"a-list-item\"> Ideal zur Eigentumskennzeichnung im Innen- und Au\u00dfenbereich: Versiegeln von Ger\u00e4ten, Datentr\u00e4gern und Dokumenten, Pr\u00fcfplakette, Garantiesiegel, Sicherheits- und Inventarkennzeichnung <\/span><\/li>\n<li><span class=\"a-list-item\"> Druckereignung: Laserdrucker, Farblaserdrucker und Kopierer. Garantiert staufreier Druckerdurchlauf ohne Klebstoffablagerungen im Drucker mit gestochen scharfen Druckbild ohne Verwischen <\/span><\/li>\n<\/ul>\n","protected":false},"excerpt":{"rendered":"<p>Abziehsichere, wei\u00dfe, matte Klebeetiketten aus Polyester-Folie auf DIN A4 Bl\u00e4ttern. Hinterlassen beim Abziehen ein Schachbrettmuster und verhindern somit jeden Manipulationsversuch Selbstklebende, strapazierf\u00e4hige, robuste, rei\u00df- und wetterfeste, manipulationssichere, \u00f6l- und schmutzabweisende, wasserfeste und temperaturbest\u00e4ndige (-40\u00b0 bis +80\u00b0C) Folienetiketten Blanko Klebeetiketten zum selbst gestalten und bedrucken mit kostenlosen Online-Vorlagen von AVERY Zweckform. Den Link hierzu finden Sie [&hellip;]<\/p>\n","protected":false},"featured_media":1295,"comment_status":"open","ping_status":"closed","template":"","meta":[],"product_cat":[103,73,280,55,426,432,433,431,70,295,294,296,298],"product_tag":[178,106,591],"class_list":{"0":"post-1294","1":"product","2":"type-product","3":"status-publish","4":"has-post-thumbnail","6":"product_cat-studenten","7":"product_cat-beste-freundin","8":"product_cat-geburtstagsgeschenke","9":"product_cat-valentinstag","10":"product_cat-nach-preis","11":"product_cat-ueber-35-euro","12":"product_cat-ueber-40-euro","13":"product_cat-unter-50-euro","14":"product_cat-geschenke-fuer-jeden-anlass","15":"product_cat--tochter","16":"product_cat--schwester","17":"product_cat--schwiegermutter","18":"product_cat--ehefrau","19":"product_tag-geschenk-fuer-nerds","20":"product_tag-geschenk-fuer-studenten","21":"product_tag-sicherheitsettiketten","23":"first","24":"instock","25":"shipping-taxable","26":"product-type-external"},"_links":{"self":[{"href":"https:\/\/www.blogseite.com\/geschenke\/wp-json\/wp\/v2\/product\/1294"}],"collection":[{"href":"https:\/\/www.blogseite.com\/geschenke\/wp-json\/wp\/v2\/product"}],"about":[{"href":"https:\/\/www.blogseite.com\/geschenke\/wp-json\/wp\/v2\/types\/product"}],"replies":[{"embeddable":true,"href":"https:\/\/www.blogseite.com\/geschenke\/wp-json\/wp\/v2\/comments?post=1294"}],"wp:featuredmedia":[{"embeddable":true,"href":"https:\/\/www.blogseite.com\/geschenke\/wp-json\/wp\/v2\/media\/1295"}],"wp:attachment":[{"href":"https:\/\/www.blogseite.com\/geschenke\/wp-json\/wp\/v2\/media?parent=1294"}],"wp:term":[{"taxonomy":"product_cat","embeddable":true,"href":"https:\/\/www.blogseite.com\/geschenke\/wp-json\/wp\/v2\/product_cat?post=1294"},{"taxonomy":"product_tag","embeddable":true,"href":"https:\/\/www.blogseite.com\/geschenke\/wp-json\/wp\/v2\/product_tag?post=1294"}],"curies":[{"name":"wp","href":"https:\/\/api.w.org\/{rel}","templated":true}]}}