{"id":1288,"date":"2020-12-25T09:35:44","date_gmt":"2020-12-25T08:35:44","guid":{"rendered":"https:\/\/geschenke.blogseite.com\/?post_type=product&#038;p=1288"},"modified":"2022-04-05T20:18:38","modified_gmt":"2022-04-05T18:18:38","slug":"wimpernserum-fuer-schnelles-wimpernwachstum-%f0%9f%98%b2","status":"publish","type":"product","link":"https:\/\/www.blogseite.com\/geschenke\/s\/wimpernserum-fuer-schnelles-wimpernwachstum-%f0%9f%98%b2\/","title":{"rendered":"Wimpernserum f\u00fcr Schnelles Wimpernwachstum \ud83d\ude32"},"content":{"rendered":"<ul class=\"a-unordered-list a-vertical a-spacing-mini\">\n<li><span class=\"a-list-item\">\u3010N\u00c4HRENDE&amp; NAT\u00dcRLICHE INHALTSSTOFFE\u3011Unser Wimpernserum enth\u00e4lt eine Vielzahl von Pflanzenextrakten und nat\u00fcrlichem Material, reizfrei. Stellen Sie Wasser und andere wichtige Elemente f\u00fcr das Wimpernwachstum bereit, die dazu beitragen k\u00f6nnen, dass die Wimpern ges\u00fcnder, l\u00e4nger und dicker werden. Wir haben CPNP, FDA-Zertifizierung und EC REP, sodass Sie es sicher verwenden k\u00f6nnen<\/span><\/li>\n<li><span class=\"a-list-item\">\u3010SICHTBARE&amp; ERSTAUNLICHE WIRKUNG\u3011 Verwenden Sie das Serum mindestens 8 Wochen lang t\u00e4glich. Sie werden eine 55% ige Zunahme der nat\u00fcrlichen Wimpern in nur 4-6 Wochen sehen. Da die Wachstumsgeschwindigkeit von Wimpern und Augenbrauen langsamer ist als bei anderen Haaren am menschlichen K\u00f6rper, wird empfohlen, das Produkt 8 Wochen lang zu verwenden, um einen perfekten Wimpernschub zu erzielen!<\/span><\/li>\n<li><span class=\"a-list-item\">\u3010L\u00c4NGER,VOLLER&amp;DICKER\u3011 Es wurde nachgewiesen, dass das MayBeau Wimpernserum die L\u00e4nge, Textur und den Gesundheitszustand Ihrer Wimpern drastisch ver\u00e4ndert. Sie dickere, l\u00e4nger und gl\u00e4nzender machen. Unser Wimpernserum st\u00e4rkt und pflegt auch schwache und besch\u00e4digte Wimpern und f\u00f6rdert so das Wachstum neuer Haare, auch an blo\u00dfen Stellen!<\/span><\/li>\n<li><span class=\"a-list-item\">\u3010EINFACHE ANWENDUNG\u3011 Morgens und abends 3 Minuten lang einen Tropfen Wimpernserum auftragen und auf das obere und untere Augenlid auftragen. Wischen Sie dann Ihre Wimpern mit Eyelash Growth Serum von der Wurzel bis zur Spitze ein. Kann es auch auf deinen Brauen verwenden, um dickere und vollere Augenbrauen zu bekommen, die du immer wolltest! Zieht leicht ein und liefert schnell Zutaten.<\/span><\/li>\n<li><span class=\"a-list-item\">\u3010IDEALES GESCHENK\u3011 Wir versprechen, dass unsere Produkte von hoher Qualit\u00e4t sind. Wenn Sie mit unseren Produkten nicht zufrieden sind, bieten wir einen Ersatz oder eine R\u00fcckerstattung an. Es besteht buchst\u00e4blich kein Risiko f\u00fcr Sie, z\u00f6gern Sie also nicht, unser Wimpernserum zu probieren.<\/span><\/li>\n<\/ul>\n","protected":false},"excerpt":{"rendered":"<p>\u3010N\u00c4HRENDE&amp; NAT\u00dcRLICHE INHALTSSTOFFE\u3011Unser Wimpernserum enth\u00e4lt eine Vielzahl von Pflanzenextrakten und nat\u00fcrlichem Material, reizfrei. Stellen Sie Wasser und andere wichtige Elemente f\u00fcr das Wimpernwachstum bereit, die dazu beitragen k\u00f6nnen, dass die Wimpern ges\u00fcnder, l\u00e4nger und dicker werden. Wir haben CPNP, FDA-Zertifizierung und EC REP, sodass Sie es sicher verwenden k\u00f6nnen \u3010SICHTBARE&amp; ERSTAUNLICHE WIRKUNG\u3011 Verwenden Sie das [&hellip;]<\/p>\n","protected":false},"featured_media":1289,"comment_status":"open","ping_status":"closed","template":"","meta":[],"product_cat":[78,116,63,53,45,73,280,55,426,430,431,70,295,294,296,298],"product_tag":[114,113,92,115,592],"class_list":{"0":"post-1288","1":"product","2":"type-product","3":"status-publish","4":"has-post-thumbnail","6":"product_cat-weihnachtsgeschenke","7":"product_cat-frauen","8":"product_cat-mutter","9":"product_cat-muttertag","10":"product_cat-freundin","11":"product_cat-beste-freundin","12":"product_cat-geburtstagsgeschenke","13":"product_cat-valentinstag","14":"product_cat-nach-preis","15":"product_cat-unter-20-euro","16":"product_cat-unter-50-euro","17":"product_cat-geschenke-fuer-jeden-anlass","18":"product_cat--tochter","19":"product_cat--schwester","20":"product_cat--schwiegermutter","21":"product_cat--ehefrau","22":"product_tag-geschenk-fuer-beste-freundin","23":"product_tag-geschenk-fuer-frauen","24":"product_tag-geschenk-fuer-freundin","25":"product_tag-geschenk-fuer-geburtstag","26":"product_tag-wimpernserum","28":"first","29":"instock","30":"shipping-taxable","31":"product-type-external"},"_links":{"self":[{"href":"https:\/\/www.blogseite.com\/geschenke\/wp-json\/wp\/v2\/product\/1288"}],"collection":[{"href":"https:\/\/www.blogseite.com\/geschenke\/wp-json\/wp\/v2\/product"}],"about":[{"href":"https:\/\/www.blogseite.com\/geschenke\/wp-json\/wp\/v2\/types\/product"}],"replies":[{"embeddable":true,"href":"https:\/\/www.blogseite.com\/geschenke\/wp-json\/wp\/v2\/comments?post=1288"}],"wp:featuredmedia":[{"embeddable":true,"href":"https:\/\/www.blogseite.com\/geschenke\/wp-json\/wp\/v2\/media\/1289"}],"wp:attachment":[{"href":"https:\/\/www.blogseite.com\/geschenke\/wp-json\/wp\/v2\/media?parent=1288"}],"wp:term":[{"taxonomy":"product_cat","embeddable":true,"href":"https:\/\/www.blogseite.com\/geschenke\/wp-json\/wp\/v2\/product_cat?post=1288"},{"taxonomy":"product_tag","embeddable":true,"href":"https:\/\/www.blogseite.com\/geschenke\/wp-json\/wp\/v2\/product_tag?post=1288"}],"curies":[{"name":"wp","href":"https:\/\/api.w.org\/{rel}","templated":true}]}}