{"id":1188,"date":"2020-12-20T10:46:11","date_gmt":"2020-12-20T09:46:11","guid":{"rendered":"https:\/\/geschenke.blogseite.com\/?post_type=product&#038;p=1188"},"modified":"2022-04-05T20:21:20","modified_gmt":"2022-04-05T18:21:20","slug":"cosmetics-bade-und-pflegeset-cranberry-im-holzschrank","status":"publish","type":"product","link":"https:\/\/www.blogseite.com\/geschenke\/s\/cosmetics-bade-und-pflegeset-cranberry-im-holzschrank\/","title":{"rendered":"Cosmetics Bade- und Pflegeset im Holzschrank"},"content":{"rendered":"<div id=\"featurebullets_feature_div\" class=\"celwidget\" data-feature-name=\"featurebullets\" data-csa-c-id=\"kulk34-4fxlud-nlwr30-h83u2d\" data-cel-widget=\"featurebullets_feature_div\">\n<div id=\"feature-bullets\" class=\"a-section a-spacing-medium a-spacing-top-small\">\n<ul class=\"a-unordered-list a-vertical a-spacing-mini\">\n<li><span class=\"a-list-item\">\ud83c\udf45 Das Bade- und Pflegeset Cranberry enth\u00e4lt 3 Duftrosen, Bodylotion (120 ml),\u00a0Duschgel (120 ml),\u00a0Schaumbad (120 ml),\u00a01 Peeling Schwamm,\u00a02 Packungen Badesalz (80g) und\u00a0das Holzschr\u00e4nkchen mit den Abmessungen 19 x 29 x 7,5 cm (B x H x T)<\/span><\/li>\n<li><span class=\"a-list-item\">\ud83d\udc9d Verschenken Sie doch dieses Jahr mal etwas Einzigartiges: Der Shabby Chic Schrank begeistert mit seinem nat\u00fcrlichen Holzmaterial und ist dabei ein Blickfang in Ihrem Bad, der Ihre G\u00e4ste neidisch werden l\u00e4sst! Mit seinem umfangreichen Produktsortiment ist dieses Geschenkset genau das Richtige, um Freunde, die Familie oder sich selbst zu verw\u00f6hnen<\/span><\/li>\n<li><span class=\"a-list-item\">\ud83d\udec0\ud83e\uddfd Genie\u00dfen Sie mit Ihrem Lieblingsduft und nach Lust und Laune: Unsere Beauty Produkte \u00fcberzeugen mit ihrer Kombination aus der duftigen Rezeptur und intensiver Pflege. Mit den Badadditiven, wie dem Badesalz oder den Bl\u00fctenbl\u00e4ttern wird das Baden zu einem ganz besonderen Erlebnis<\/span><\/li>\n<li><span class=\"a-list-item\">\ud83d\ude0d Diesen sch\u00f6nen Vintage-Schrank gibt es mit unseren Pflegeserien in den Duftrichtungen: Sheabutter, Kokosnuss, Erdbeere, Schokolade, Pfirsich, Lemon, Cranberry, Blueberry, Aleo Vera und Olive<\/span><\/li>\n<li><span class=\"a-list-item\">\ud83d\udc07 Tierversuche f\u00fcr Kosmetik? Wir sagen Nein!\u274c Deshalb testen wir alle BRUBAKER Beautyprodukte ausschlie\u00dflich an uns selbst<\/span><\/li>\n<\/ul>\n<\/div>\n<\/div>\n<div id=\"legalEUAtf_feature_div\" class=\"celwidget\" data-feature-name=\"legalEUAtf\" data-csa-c-id=\"eudb3j-rar7oe-yvnics-loazby\" data-cel-widget=\"legalEUAtf_feature_div\"><\/div>\n<div id=\"globalStoreInfoBullets_feature_div\" class=\"celwidget\" data-feature-name=\"globalStoreInfoBullets\" data-csa-c-id=\"ik1hcd-k3ctkc-7luxum-sno1p3\" data-cel-widget=\"globalStoreInfoBullets_feature_div\"><\/div>\n<div id=\"addOnItem_feature_div\" class=\"celwidget\" data-feature-name=\"addOnItem\" data-csa-c-id=\"nvvktz-sccog-rvheam-9sa9hn\" data-cel-widget=\"addOnItem_feature_div\"><\/div>\n<div id=\"andonCord_feature_div\" class=\"celwidget\" data-feature-name=\"andonCord\" data-csa-c-id=\"ujwpmq-whmgn9-zhfq5x-e8cghf\" data-cel-widget=\"andonCord_feature_div\"><\/div>\n<div id=\"newerVersion_feature_div\" class=\"celwidget\" data-feature-name=\"newerVersion\" data-csa-c-id=\"tgo911-q80jm-wxw5rx-xchzix\" data-cel-widget=\"newerVersion_feature_div\"><\/div>\n<div id=\"whiteGloveMessage_feature_div\" class=\"celwidget\" data-feature-name=\"whiteGloveMessage\" data-csa-c-id=\"5ec3y8-xiy1k3-jtvwyu-2dyzyr\" data-cel-widget=\"whiteGloveMessage_feature_div\"><\/div>\n<div id=\"productAlert_feature_div\" class=\"celwidget\" data-feature-name=\"productAlert\" data-csa-c-id=\"c4krqu-260128-r5c1ay-f2s1nl\" data-cel-widget=\"productAlert_feature_div\"><\/div>\n<div id=\"vendorPoweredCoupon_feature_div\" class=\"celwidget\" data-feature-name=\"vendorPoweredCoupon\" data-csa-c-id=\"upn5f8-ew27r4-55gwph-yo1wzr\" data-cel-widget=\"vendorPoweredCoupon_feature_div\"><\/div>\n<div id=\"edpIngress_feature_div\" class=\"celwidget\" data-feature-name=\"edpIngress\" data-csa-c-id=\"8jphyr-99awkd-dif7xf-j1zn3g\" data-cel-widget=\"edpIngress_feature_div\"><\/div>\n","protected":false},"excerpt":{"rendered":"<ul class=\"a-unordered-list a-vertical a-spacing-mini\">\n<li><span class=\"a-list-item\">VIEL PLATZ &#8211; Mit einer Gr\u00f6\u00dfe von 27 x 10 x 20 cm bietet diese Damen Kulturtasche ausreichend Platz f\u00fcr all Ihre Badutensilien \u2013 mit einem Eigengewicht von nur 240g<\/span><\/li>\n<li><span class=\"a-list-item\">EXTRA VIELE F\u00c4CHER &#8211; Die Ausstattung beinhaltet ein mit einem Rei\u00dfverschluss geschlossenes Hauptfach, ein Rei\u00dfverschlussfach, ein Fach mit Organizer, zwei offene F\u00e4cher, ein Netzfach mit Rei\u00dfverschluss und einen Haken zur Aufh\u00e4ngung<\/span><\/li>\n<li><span class=\"a-list-item\">\u00dcBERALL AUFH\u00c4NGEN &#8211; Der H\u00e4ngekulturbeutel l\u00e4sst sich durch den integrierten Haken \u00fcberall aufh\u00e4ngen, was den Zugriff auf den Inhalt besonders auf Reisen stark erleichtert<\/span><\/li>\n<li><span class=\"a-list-item\">TUBEN AUSLAUFSICHER AUFSTELLEN &#8211; Dank einer H\u00f6he von 20 cm und mehreren Steckf\u00e4chern lassen sich Kosmetik Artikel auslaufsicher aufstellen<\/span><\/li>\n<li><span class=\"a-list-item\">ABWASCHBARES MATERIAL &#8211; Der Kulturbeutel ist durch hochwertiges Nylon unanf\u00e4llig f\u00fcr Flecken. Bei Bedarf l\u00e4sst er sich schnell reinigen<\/span><\/li>\n<\/ul>\n","protected":false},"featured_media":1189,"comment_status":"open","ping_status":"closed","template":"","meta":[],"product_cat":[116,63,53,45,73,280,55,431,300,297,299,295,294,296,298],"product_tag":[82,113,208,595],"class_list":{"0":"post-1188","1":"product","2":"type-product","3":"status-publish","4":"has-post-thumbnail","6":"product_cat-frauen","7":"product_cat-mutter","8":"product_cat-muttertag","9":"product_cat-freundin","10":"product_cat-beste-freundin","11":"product_cat-geburtstagsgeschenke","12":"product_cat-valentinstag","13":"product_cat-unter-50-euro","14":"product_cat--kollege","15":"product_cat--maedchen","16":"product_cat--chef","17":"product_cat--tochter","18":"product_cat--schwester","19":"product_cat--schwiegermutter","20":"product_cat--ehefrau","21":"product_tag-geburtstagsgeschenk","22":"product_tag-geschenk-fuer-frauen","23":"product_tag-geschenk-fuer-jeden-anlass","24":"product_tag-pflegeset","26":"first","27":"instock","28":"shipping-taxable","29":"product-type-external"},"_links":{"self":[{"href":"https:\/\/www.blogseite.com\/geschenke\/wp-json\/wp\/v2\/product\/1188"}],"collection":[{"href":"https:\/\/www.blogseite.com\/geschenke\/wp-json\/wp\/v2\/product"}],"about":[{"href":"https:\/\/www.blogseite.com\/geschenke\/wp-json\/wp\/v2\/types\/product"}],"replies":[{"embeddable":true,"href":"https:\/\/www.blogseite.com\/geschenke\/wp-json\/wp\/v2\/comments?post=1188"}],"wp:featuredmedia":[{"embeddable":true,"href":"https:\/\/www.blogseite.com\/geschenke\/wp-json\/wp\/v2\/media\/1189"}],"wp:attachment":[{"href":"https:\/\/www.blogseite.com\/geschenke\/wp-json\/wp\/v2\/media?parent=1188"}],"wp:term":[{"taxonomy":"product_cat","embeddable":true,"href":"https:\/\/www.blogseite.com\/geschenke\/wp-json\/wp\/v2\/product_cat?post=1188"},{"taxonomy":"product_tag","embeddable":true,"href":"https:\/\/www.blogseite.com\/geschenke\/wp-json\/wp\/v2\/product_tag?post=1188"}],"curies":[{"name":"wp","href":"https:\/\/api.w.org\/{rel}","templated":true}]}}