{"id":1175,"date":"2020-12-20T10:12:10","date_gmt":"2020-12-20T09:12:10","guid":{"rendered":"https:\/\/geschenke.blogseite.com\/?post_type=product&#038;p=1175"},"modified":"2022-04-05T20:23:00","modified_gmt":"2022-04-05T18:23:00","slug":"ipuro-classic-noir-raumduft-%f0%9f%98%98","status":"publish","type":"product","link":"https:\/\/www.blogseite.com\/geschenke\/s\/ipuro-classic-noir-raumduft-%f0%9f%98%98\/","title":{"rendered":"iPuro Classic noir Raumduft \ud83d\ude18"},"content":{"rendered":"<ul class=\"a-unordered-list a-vertical a-spacing-mini\">\n<li><span class=\"a-list-item\">ORIENTALISCHE KOMPOSITION: Elegante Rose, geheimnisvolles Patschuli und cremiges Sandelholz treffen auf frischen Eukalyptus und s\u00fc\u00dfe Kokosnuss. Eine orientalische Komposition wie aus 1001 Nacht.<\/span><\/li>\n<li><span class=\"a-list-item\">EINZIGARTIGES DUFTERLEBNIS: Eine Kopfnote aus Eukalyptus, Kokosnuss und Zistrose &#8211; Eine Herznote aus Patschuli und Sandelholz &#8211; Eine Basisnote aus Amber &#8211; Ein traumhafter Duft als Ergebnis.<\/span><\/li>\n<li><span class=\"a-list-item\">IPURO CLASSICS: ipuro Classics steht f\u00fcr angenehm dezente Duftwelten, die sich individuell in jedes Wohnambiente einf\u00fcgen und durch minimalistisch-dekoratives Design \u00fcberzeugen.<\/span><\/li>\n<li><span class=\"a-list-item\">DEKORATIVES DESIGN: Die Raumd\u00fcfte von ipuro gl\u00e4nzen nicht nur durch das besondere Dufterlebnis, sondern begeistern auch als dekoratives Element in deinen R\u00e4umen.<\/span><\/li>\n<li><span class=\"a-list-item\">H\u00d6CHSTE QUALIT\u00c4T: Deine ipuro Raumd\u00fcfte werden in Europa, unter Einsatz der erlesensten Rohstoffe produziert und pr\u00e4sentieren sich in hochqualitativen Materialien.<\/span><\/li>\n<\/ul>\n","protected":false},"excerpt":{"rendered":"<div id=\"featurebullets_feature_div\" class=\"celwidget\" data-feature-name=\"featurebullets\" data-csa-c-id=\"suivao-l0wu2g-8ic61m-ti26bi\" data-cel-widget=\"featurebullets_feature_div\">\n<div id=\"feature-bullets\" class=\"a-section a-spacing-medium a-spacing-top-small\">\n<ul class=\"a-unordered-list a-vertical a-spacing-mini\">\n<li><span class=\"a-list-item\">ORIENTALISCHE KOMPOSITION: Elegante Rose, geheimnisvolles Patschuli und cremiges Sandelholz treffen auf frischen Eukalyptus und s\u00fc\u00dfe Kokosnuss. Eine orientalische Komposition wie aus 1001 Nacht.<\/span><\/li>\n<li><span class=\"a-list-item\">EINZIGARTIGES DUFTERLEBNIS: Eine Kopfnote aus Eukalyptus, Kokosnuss und Zistrose &#8211; Eine Herznote aus Patschuli und Sandelholz &#8211; Eine Basisnote aus Amber &#8211; Ein traumhafter Duft als Ergebnis.<\/span><\/li>\n<li><span class=\"a-list-item\">IPURO CLASSICS: ipuro Classics steht f\u00fcr angenehm dezente Duftwelten, die sich individuell in jedes Wohnambiente einf\u00fcgen und durch minimalistisch-dekoratives Design \u00fcberzeugen.<\/span><\/li>\n<li><span class=\"a-list-item\">DEKORATIVES DESIGN: Die Raumd\u00fcfte von ipuro gl\u00e4nzen nicht nur durch das besondere Dufterlebnis, sondern begeistern auch als dekoratives Element in deinen R\u00e4umen.<\/span><\/li>\n<li><span class=\"a-list-item\">H\u00d6CHSTE QUALIT\u00c4T: Deine ipuro Raumd\u00fcfte werden in Europa, unter Einsatz der erlesensten Rohstoffe produziert und pr\u00e4sentieren sich in hochqualitativen Materialien.<\/span><\/li>\n<\/ul>\n<\/div>\n<\/div>\n<div id=\"legalEUAtf_feature_div\" class=\"celwidget\" data-feature-name=\"legalEUAtf\" data-csa-c-id=\"c67gkv-jxvump-8wz4h5-di7agg\" data-cel-widget=\"legalEUAtf_feature_div\"><\/div>\n","protected":false},"featured_media":1176,"comment_status":"open","ping_status":"closed","template":"","meta":[],"product_cat":[78,74,110,116,63,53,45,73,280,55,426,429,430,431,293,301,300,70,299,294,296,298],"product_tag":[82,113,208,109,598],"class_list":{"0":"post-1175","1":"product","2":"type-product","3":"status-publish","4":"has-post-thumbnail","6":"product_cat-weihnachtsgeschenke","7":"product_cat-bester-freund","8":"product_cat-freund","9":"product_cat-frauen","10":"product_cat-mutter","11":"product_cat-muttertag","12":"product_cat-freundin","13":"product_cat-beste-freundin","14":"product_cat-geburtstagsgeschenke","15":"product_cat-valentinstag","16":"product_cat-nach-preis","17":"product_cat-unter-15-euro","18":"product_cat-unter-20-euro","19":"product_cat-unter-50-euro","20":"product_cat-geschenk-fuer-bruder","21":"product_cat-eltern","22":"product_cat--kollege","23":"product_cat-geschenke-fuer-jeden-anlass","24":"product_cat--chef","25":"product_cat--schwester","26":"product_cat--schwiegermutter","27":"product_cat--ehefrau","28":"product_tag-geburtstagsgeschenk","29":"product_tag-geschenk-fuer-frauen","30":"product_tag-geschenk-fuer-jeden-anlass","31":"product_tag-geschenk-fuer-maenner","32":"product_tag-raumduft","34":"first","35":"instock","36":"shipping-taxable","37":"product-type-external"},"_links":{"self":[{"href":"https:\/\/www.blogseite.com\/geschenke\/wp-json\/wp\/v2\/product\/1175"}],"collection":[{"href":"https:\/\/www.blogseite.com\/geschenke\/wp-json\/wp\/v2\/product"}],"about":[{"href":"https:\/\/www.blogseite.com\/geschenke\/wp-json\/wp\/v2\/types\/product"}],"replies":[{"embeddable":true,"href":"https:\/\/www.blogseite.com\/geschenke\/wp-json\/wp\/v2\/comments?post=1175"}],"wp:featuredmedia":[{"embeddable":true,"href":"https:\/\/www.blogseite.com\/geschenke\/wp-json\/wp\/v2\/media\/1176"}],"wp:attachment":[{"href":"https:\/\/www.blogseite.com\/geschenke\/wp-json\/wp\/v2\/media?parent=1175"}],"wp:term":[{"taxonomy":"product_cat","embeddable":true,"href":"https:\/\/www.blogseite.com\/geschenke\/wp-json\/wp\/v2\/product_cat?post=1175"},{"taxonomy":"product_tag","embeddable":true,"href":"https:\/\/www.blogseite.com\/geschenke\/wp-json\/wp\/v2\/product_tag?post=1175"}],"curies":[{"name":"wp","href":"https:\/\/api.w.org\/{rel}","templated":true}]}}