{"id":11076,"date":"2024-11-11T16:35:51","date_gmt":"2024-11-11T15:35:51","guid":{"rendered":"https:\/\/www.blogseite.com\/geschenke\/s\/top-life-lichttherapielampe-15-000-lux-leistungsstarkes-licht-fuer-besseres-wohlbefinden-einstellbare-tageslichtlampe-mit-3-intensitaeten-10-000-lux-6-000-lux-vollspektrum\/"},"modified":"2024-11-11T19:12:18","modified_gmt":"2024-11-11T18:12:18","slug":"top-life-lichttherapielampe-15-000-lux-leistungsstarkes-licht-fuer-besseres-wohlbefinden-einstellbare-tageslichtlampe-mit-3-intensitaeten-10-000-lux-6-000-lux-vollspektrum","status":"publish","type":"product","link":"https:\/\/www.blogseite.com\/geschenke\/s\/top-life-lichttherapielampe-15-000-lux-leistungsstarkes-licht-fuer-besseres-wohlbefinden-einstellbare-tageslichtlampe-mit-3-intensitaeten-10-000-lux-6-000-lux-vollspektrum\/","title":{"rendered":"Top Life Lichttherapielampe 15.000 Lux \u2013 Leistungsstarkes Licht f\u00fcr besseres Wohlbefinden"},"content":{"rendered":"<div id=\"feature-bullets\" class=\"a-section a-spacing-medium a-spacing-top-small\">\n<hr \/>\n<h1 class=\"a-size-base-plus a-text-bold\">Info zu diesem Artikel<\/h1>\n<ul class=\"a-unordered-list a-vertical a-spacing-mini\">\n<li class=\"a-spacing-mini\"><span class=\"a-list-item\"> VERBRINGEN SIE DEN WINTER MIT EINEM L\u00c4CHELN \u2013 Das intensive wei\u00dfe Licht dieser 15.000 Lux starken Lichttherapielampe h\u00e4lt Sie vital und energiegeladen. Jeden Tag bek\u00e4mpft es Ihre Energieknappheit, macht Sie wacher und hebt Ihre Stimmung. <\/span><\/li>\n<li class=\"a-spacing-mini\"><span class=\"a-list-item\"> IHRE EXPRESS-LICHTKUR \u2013 Im Vergleich zu einer 10.000-Lux-Lichttherapie erm\u00f6glicht die Intensit\u00e4t von 15.000 Lux k\u00fcrzere Sitzungen oder erm\u00f6glicht es, weiter von der Lampe entfernt zu sein. Weniger Zeit, mehr Komfort \u2026 bei jeder Verwendung. <\/span><\/li>\n<li class=\"a-spacing-mini\"><span class=\"a-list-item\"> EINSTELLBAR UND TRANSPORTIERBAR \u2013 Neben dem einzigartigen 15.000-Lux-Modus k\u00f6nnen Sie zwei weitere Intensit\u00e4tsstufen w\u00e4hlen: 10.000 Lux und 6.000 Lux (Lichtst\u00e4rke bei 10 cm). Da sie leicht zu transportieren ist, ist diese Lichttherapielampe immer dabei, wenn Sie lesen, zu Mittag essen oder arbeiten. Ihr verstellbarer St\u00e4nder erm\u00f6glicht es Ihnen, sie horizontal oder vertikal zu verwenden. <\/span><\/li>\n<li class=\"a-spacing-mini\"><span class=\"a-list-item\"> EFFEKTIV, WENN DIE SONNE SELTEN IST \u2013 Phototherapieger\u00e4te werden in den nordischen L\u00e4ndern h\u00e4ufig verwendet, um den Mangel an nat\u00fcrlichem Licht im Winter auszugleichen. Diese Vollspektrumlampe nutzt die Kraft des Tageslichts, um Ihr Wohlbefinden zu steigern. Ideal bei M\u00fcdigkeit, wenn das Licht fehlt. <\/span><\/li>\n<li class=\"a-spacing-mini\"><span class=\"a-list-item\"> VORTEILE \u2013 Franz\u00f6sisches Unternehmen. 100 % der UV-Strahlen werden gefiltert, um sch\u00e4dliche Auswirkungen auf Augen oder Haut zu vermeiden. Extra langes 2,5 Meter Kabel, um die Lampe \u00fcberall zu verwenden. Achtung, es gibt Kontraindikationen, siehe Abschnitt \u201eSicherheitshinweise\u201c auf dieser Seite. <\/span><\/li>\n<\/ul>\n<p>&nbsp;<\/p>\n<\/div>\n","protected":false},"excerpt":{"rendered":"<p>Info zu diesem Artikel VERBRINGEN SIE DEN WINTER MIT EINEM L\u00c4CHELN \u2013 Das intensive wei\u00dfe Licht dieser 15.000 Lux starken Lichttherapielampe h\u00e4lt Sie vital und energiegeladen. Jeden Tag bek\u00e4mpft es Ihre Energieknappheit, macht Sie wacher und hebt Ihre Stimmung. IHRE EXPRESS-LICHTKUR \u2013 Im Vergleich zu einer 10.000-Lux-Lichttherapie erm\u00f6glicht die Intensit\u00e4t von 15.000 Lux k\u00fcrzere Sitzungen [&hellip;]<\/p>\n","protected":false},"featured_media":11075,"comment_status":"open","ping_status":"closed","template":"","meta":[],"product_cat":[814,78,73,1118],"product_tag":[],"class_list":{"0":"post-11076","1":"product","2":"type-product","3":"status-publish","4":"has-post-thumbnail","6":"product_cat-zuhause","7":"product_cat-weihnachtsgeschenke","8":"product_cat-beste-freundin","9":"product_cat--freundin","11":"first","12":"instock","13":"shipping-taxable","14":"product-type-external"},"_links":{"self":[{"href":"https:\/\/www.blogseite.com\/geschenke\/wp-json\/wp\/v2\/product\/11076"}],"collection":[{"href":"https:\/\/www.blogseite.com\/geschenke\/wp-json\/wp\/v2\/product"}],"about":[{"href":"https:\/\/www.blogseite.com\/geschenke\/wp-json\/wp\/v2\/types\/product"}],"replies":[{"embeddable":true,"href":"https:\/\/www.blogseite.com\/geschenke\/wp-json\/wp\/v2\/comments?post=11076"}],"wp:featuredmedia":[{"embeddable":true,"href":"https:\/\/www.blogseite.com\/geschenke\/wp-json\/wp\/v2\/media\/11075"}],"wp:attachment":[{"href":"https:\/\/www.blogseite.com\/geschenke\/wp-json\/wp\/v2\/media?parent=11076"}],"wp:term":[{"taxonomy":"product_cat","embeddable":true,"href":"https:\/\/www.blogseite.com\/geschenke\/wp-json\/wp\/v2\/product_cat?post=11076"},{"taxonomy":"product_tag","embeddable":true,"href":"https:\/\/www.blogseite.com\/geschenke\/wp-json\/wp\/v2\/product_tag?post=11076"}],"curies":[{"name":"wp","href":"https:\/\/api.w.org\/{rel}","templated":true}]}}