{"id":11062,"date":"2024-11-10T18:25:58","date_gmt":"2024-11-10T17:25:58","guid":{"rendered":"https:\/\/www.blogseite.com\/geschenke\/s\/beurer-tl-45-perfect-day-tageslichtlampe-simulation-von-tageslicht-mit-3-farbtemperaturen-fuer-einen-geregelten-tages-nacht-rhythmus-human-centric-lighting-ideal-fuer-den-arbeitsplatz-oder-zuhause\/"},"modified":"2024-11-10T18:30:58","modified_gmt":"2024-11-10T17:30:58","slug":"beurer-tl-45-perfect-day-tageslichtlampe-simulation-von-tageslicht-mit-3-farbtemperaturen-fuer-einen-geregelten-tages-nacht-rhythmus-human-centric-lighting-ideal-fuer-den-arbeitsplatz-oder-zuhause","status":"publish","type":"product","link":"https:\/\/www.blogseite.com\/geschenke\/s\/beurer-tl-45-perfect-day-tageslichtlampe-simulation-von-tageslicht-mit-3-farbtemperaturen-fuer-einen-geregelten-tages-nacht-rhythmus-human-centric-lighting-ideal-fuer-den-arbeitsplatz-oder-zuhause\/","title":{"rendered":"Beurer TL 45 Perfect Day Tageslichtlampe, Simulation von Tageslicht, mit 3 Farbtemperaturen"},"content":{"rendered":"<div id=\"feature-bullets\" class=\"a-section a-spacing-medium a-spacing-top-small\">\n<hr \/>\n<h1 class=\"a-size-base-plus a-text-bold\">Info zu diesem Artikel<\/h1>\n<ul class=\"a-unordered-list a-vertical a-spacing-mini\">\n<li class=\"a-spacing-mini\"><span class=\"a-list-item\"> MEDIZINPRODUKT: Die Tageslichtlampe eignet sich durch die Simulation von Tageslicht zur Anwendung bei Lichtmangelerscheinung wie Unausgeglichenheit, gedr\u00fcckter Stimmung, oder Energie- und Antriebslosigkeit <\/span><\/li>\n<li class=\"a-spacing-mini\"><span class=\"a-list-item\"> 3 FARBTEMPERATUREN: Mit 3 einstellbaren Farbtemperaturen erm\u00f6glicht die Lampe einen geregelten Tages-Nacht-Rhythmus, der Phasen der Therapie (6.500 K), Konzentration (5.000 K) und Erholung (3.000 K) unterst\u00fctzt <\/span><\/li>\n<li class=\"a-spacing-mini\"><span class=\"a-list-item\"> THERAPIE-EINSTELLUNG: Bei einem Abstand von 20 cm zur Lampe wird das Tageslicht mit einer Lichtst\u00e4rke von 10.000 Lux simuliert und ist somit vergleichbar mit der Lichtst\u00e4rke eines hellen Tages <\/span><\/li>\n<li class=\"a-spacing-mini\"><span class=\"a-list-item\"> HANDLICH: Mit ihrer Gr\u00f6\u00dfe und ihrem Gewicht nimmt die TL 45 nicht viel Platz ein und eignet sich ideal f\u00fcr den Arbeitsplatz zu Hause oder im B\u00fcro <\/span><\/li>\n<li class=\"a-spacing-mini\"><span class=\"a-list-item\"> KORMFORTABEL: Die Beleuchtungsfl\u00e4che umfasst 20 x 20 cm und garantiert eine flimm- und UV-freie, gleichm\u00e4\u00dfige Ausleuchtung; in Kombination mit den Touch-Buttons und dem ausklappbaren Standfu\u00df ist die TL 45 besonders komfortabel in der Anwendung <\/span><\/li>\n<\/ul>\n<p><!-- Loading EDP related metadata --><\/p>\n<div class=\"a-section aok-hidden\" data-csa-c-content-id=\"voyager-product-details-jumplink\" data-csa-c-slot-id=\"voyager-product-details-jumplink\" data-csa-c-type=\"link\"><span class=\"caretnext\">\u203a<\/span> <a id=\"seeMoreDetailsLink\" class=\"a-link-normal\" href=\"#productDetails\"> Weitere Produktdetails <\/a><\/div>\n<\/div>\n","protected":false},"excerpt":{"rendered":"<p>Info zu diesem Artikel MEDIZINPRODUKT: Die Tageslichtlampe eignet sich durch die Simulation von Tageslicht zur Anwendung bei Lichtmangelerscheinung wie Unausgeglichenheit, gedr\u00fcckter Stimmung, oder Energie- und Antriebslosigkeit 3 FARBTEMPERATUREN: Mit 3 einstellbaren Farbtemperaturen erm\u00f6glicht die Lampe einen geregelten Tages-Nacht-Rhythmus, der Phasen der Therapie (6.500 K), Konzentration (5.000 K) und Erholung (3.000 K) unterst\u00fctzt THERAPIE-EINSTELLUNG: Bei einem [&hellip;]<\/p>\n","protected":false},"featured_media":11061,"comment_status":"open","ping_status":"closed","template":"","meta":[],"product_cat":[814,78],"product_tag":[],"class_list":{"0":"post-11062","1":"product","2":"type-product","3":"status-publish","4":"has-post-thumbnail","6":"product_cat-zuhause","7":"product_cat-weihnachtsgeschenke","9":"first","10":"instock","11":"shipping-taxable","12":"product-type-external"},"_links":{"self":[{"href":"https:\/\/www.blogseite.com\/geschenke\/wp-json\/wp\/v2\/product\/11062"}],"collection":[{"href":"https:\/\/www.blogseite.com\/geschenke\/wp-json\/wp\/v2\/product"}],"about":[{"href":"https:\/\/www.blogseite.com\/geschenke\/wp-json\/wp\/v2\/types\/product"}],"replies":[{"embeddable":true,"href":"https:\/\/www.blogseite.com\/geschenke\/wp-json\/wp\/v2\/comments?post=11062"}],"wp:featuredmedia":[{"embeddable":true,"href":"https:\/\/www.blogseite.com\/geschenke\/wp-json\/wp\/v2\/media\/11061"}],"wp:attachment":[{"href":"https:\/\/www.blogseite.com\/geschenke\/wp-json\/wp\/v2\/media?parent=11062"}],"wp:term":[{"taxonomy":"product_cat","embeddable":true,"href":"https:\/\/www.blogseite.com\/geschenke\/wp-json\/wp\/v2\/product_cat?post=11062"},{"taxonomy":"product_tag","embeddable":true,"href":"https:\/\/www.blogseite.com\/geschenke\/wp-json\/wp\/v2\/product_tag?post=11062"}],"curies":[{"name":"wp","href":"https:\/\/api.w.org\/{rel}","templated":true}]}}