{"id":11054,"date":"2024-11-05T15:18:48","date_gmt":"2024-11-05T14:18:48","guid":{"rendered":"https:\/\/www.blogseite.com\/geschenke\/s\/shackcom-persoenlicher-alarm-130db-usb-wiederaufladbar-taschenalarm-mit-led-taschenlampe-funktion-wasserdicht-selbstverteidigung-sirene-fuer-persoenliche-sicherheit-frauenkindersenioren-rosa\/"},"modified":"2024-11-05T15:21:00","modified_gmt":"2024-11-05T14:21:00","slug":"shackcom-persoenlicher-alarm-130db-usb-wiederaufladbar-taschenalarm-mit-led-taschenlampe-funktion-wasserdicht-selbstverteidigung-sirene-fuer-persoenliche-sicherheit-frauenkindersenioren-rosa","status":"publish","type":"product","link":"https:\/\/www.blogseite.com\/geschenke\/s\/shackcom-persoenlicher-alarm-130db-usb-wiederaufladbar-taschenalarm-mit-led-taschenlampe-funktion-wasserdicht-selbstverteidigung-sirene-fuer-persoenliche-sicherheit-frauenkindersenioren-rosa\/","title":{"rendered":"Shackcom Pers\u00f6nlicher Alarm 130dB USB Wiederaufladbar Taschenalarm"},"content":{"rendered":"<div id=\"feature-bullets\" class=\"a-section a-spacing-medium a-spacing-top-small\">\n<hr \/>\n<h1 class=\"a-size-base-plus a-text-bold\">Info zu diesem Artikel<\/h1>\n<ul class=\"a-unordered-list a-vertical a-spacing-mini\">\n<li class=\"a-spacing-mini\"><span class=\"a-list-item\"> Super laute Sirene -130dB Minisirene bietet Schutz f\u00fcr Sie in Gefahr oder brauchen Hilfe. Die starke Sirene hat eine starke Durchschlagskraft und kann auch aus der Ferne Aufmerksamkeit erregen. Wenn Sie nachts alleine laufen und schlechte Leute treffen, die Ihnen folgen, k\u00f6nnen Sie Alarm schlagen und um Hilfe bitten.Der Alarmton ist sehr laut, bitte nicht ins Ohr stecken. <\/span><\/li>\n<li class=\"a-spacing-mini\"><span class=\"a-list-item\"> USB wiederaufladbar und wasserdichtes Design-Der pers\u00f6nliche Alarm verf\u00fcgt \u00fcber einen eingebauten Akku, der zyklisch aufgeladen werden kann. Das rote Licht leuchtet beim Laden immer und schaltet sich beim vollst\u00e4ndigen Laden aus. Die Ladezeit betr\u00e4gt nur 30 Minuten und ist langlebig. Die Wasserdichtigkeit des pers\u00f6nlichen Alarms ist IP44, die keine Angst vor Wind und Regen hat und Sie 24 Stunden lang sch\u00fctzen kann. <\/span><\/li>\n<li class=\"a-spacing-mini\"><span class=\"a-list-item\"> LED-Notfalltaschenlampe-Die integrierte LED-Taschenlampe bietet eine schnelle Beleuchtung beim Gehen im Dunkeln und kann einen Alarm ausl\u00f6sen,um zu vermeiden,dass sie auf Reisen fehlt.Oder verwenden Sie die LED-Taschenlampenfunktion,die h\u00e4ufig blinkt,um die Aufmerksamkeit anderer auf sich zu ziehen,rechtzeitig Hilfe anzufordern und Ihre Lebenssicherheit zu sch\u00fctzen. <\/span><\/li>\n<li class=\"a-spacing-mini\"><span class=\"a-list-item\"> Leicht und tragbar:Das Doppelschnallendesign kann an Rucks\u00e4cken,Schultaschen,Brieftaschen,G\u00fcrtelschlaufen,Koffern oder Schl\u00fcsselanh\u00e4nger befestigt werden.Es bietet perfekte Selbstschutzfunktionen f\u00fcr Studenten,Damen, Nachtjogger und Nachtpersonal. <\/span><\/li>\n<li class=\"a-spacing-mini\"><span class=\"a-list-item\"> Beste Geschenkauswahl-2 verschiedene Farbalarme,jeder Alarm ist einzeln verpackt.Pers\u00f6nlicher Alarm ist das intimste Geschenk f\u00fcr \u00e4ltere Kinder,Freundinnen und Angeh\u00f6rige. <\/span><\/li>\n<\/ul>\n<p>&nbsp;<\/p>\n<\/div>\n","protected":false},"excerpt":{"rendered":"<p>Info zu diesem Artikel Super laute Sirene -130dB Minisirene bietet Schutz f\u00fcr Sie in Gefahr oder brauchen Hilfe. Die starke Sirene hat eine starke Durchschlagskraft und kann auch aus der Ferne Aufmerksamkeit erregen. Wenn Sie nachts alleine laufen und schlechte Leute treffen, die Ihnen folgen, k\u00f6nnen Sie Alarm schlagen und um Hilfe bitten.Der Alarmton ist [&hellip;]<\/p>\n","protected":false},"featured_media":11053,"comment_status":"open","ping_status":"closed","template":"","meta":[],"product_cat":[116,63,45,73,1118,297,295,294],"product_tag":[],"class_list":{"0":"post-11054","1":"product","2":"type-product","3":"status-publish","4":"has-post-thumbnail","6":"product_cat-frauen","7":"product_cat-mutter","8":"product_cat-freundin","9":"product_cat-beste-freundin","10":"product_cat--freundin","11":"product_cat--maedchen","12":"product_cat--tochter","13":"product_cat--schwester","15":"first","16":"instock","17":"shipping-taxable","18":"product-type-external"},"_links":{"self":[{"href":"https:\/\/www.blogseite.com\/geschenke\/wp-json\/wp\/v2\/product\/11054"}],"collection":[{"href":"https:\/\/www.blogseite.com\/geschenke\/wp-json\/wp\/v2\/product"}],"about":[{"href":"https:\/\/www.blogseite.com\/geschenke\/wp-json\/wp\/v2\/types\/product"}],"replies":[{"embeddable":true,"href":"https:\/\/www.blogseite.com\/geschenke\/wp-json\/wp\/v2\/comments?post=11054"}],"wp:featuredmedia":[{"embeddable":true,"href":"https:\/\/www.blogseite.com\/geschenke\/wp-json\/wp\/v2\/media\/11053"}],"wp:attachment":[{"href":"https:\/\/www.blogseite.com\/geschenke\/wp-json\/wp\/v2\/media?parent=11054"}],"wp:term":[{"taxonomy":"product_cat","embeddable":true,"href":"https:\/\/www.blogseite.com\/geschenke\/wp-json\/wp\/v2\/product_cat?post=11054"},{"taxonomy":"product_tag","embeddable":true,"href":"https:\/\/www.blogseite.com\/geschenke\/wp-json\/wp\/v2\/product_tag?post=11054"}],"curies":[{"name":"wp","href":"https:\/\/api.w.org\/{rel}","templated":true}]}}