{"id":11052,"date":"2024-11-05T15:14:01","date_gmt":"2024-11-05T14:14:01","guid":{"rendered":"https:\/\/www.blogseite.com\/geschenke\/s\/persoenlicher-alarm-schluesselanhaenger-frauen-taschenalarm-extra-laute-lautsprecher-schluesselanhaenger-fuer-frauen-sicherheit-alarm-mit-stroboskoplicht-und-schluesselanhaenger-hilft-aeltesten\/"},"modified":"2024-11-05T15:15:04","modified_gmt":"2024-11-05T14:15:04","slug":"persoenlicher-alarm-schluesselanhaenger-frauen-taschenalarm-extra-laute-lautsprecher-schluesselanhaenger-fuer-frauen-sicherheit-alarm-mit-stroboskoplicht-und-schluesselanhaenger-hilft-aeltesten","status":"publish","type":"product","link":"https:\/\/www.blogseite.com\/geschenke\/s\/persoenlicher-alarm-schluesselanhaenger-frauen-taschenalarm-extra-laute-lautsprecher-schluesselanhaenger-fuer-frauen-sicherheit-alarm-mit-stroboskoplicht-und-schluesselanhaenger-hilft-aeltesten\/","title":{"rendered":"Pers\u00f6nlicher Alarm Schl\u00fcsselanh\u00e4nger Frauen- Taschenalarm Extra Laute-Lautsprecher"},"content":{"rendered":"<div id=\"feature-bullets\" class=\"a-section a-spacing-medium a-spacing-top-small\">\n<hr \/>\n<h1 class=\"a-size-base-plus a-text-bold\">Info zu diesem Artikel<\/h1>\n<ul class=\"a-unordered-list a-vertical a-spacing-mini\">\n<li class=\"a-spacing-mini\"><span class=\"a-list-item\"> Pers\u00f6nlicher Alarm-Schl\u00fcsselanh\u00e4nger, f\u00fcr jeden geeignet: Der pers\u00f6nliche Alarm-Schl\u00fcsselanh\u00e4nger von Thopeb bietet Sicherheit f\u00fcr deine Liebsten! Mit diesem Schl\u00fcsselanh\u00e4nger f\u00e4llst du auf und bekommst in jeder Situation Hilfe. Wenn du bedroht wirst, aktiviere die laute Thopeb-Sirene und das blinkende Stroboskoplicht, um den Angreifer abzulenken und einen Angriff zu verhindern. <\/span><\/li>\n<li class=\"a-spacing-mini\"><span class=\"a-list-item\"> Dein pers\u00f6nliches Sicherheitsger\u00e4t: Hol dir schnell die Hilfe, die du brauchst. Wird h\u00e4ufig von Senioren benutzt, um bei St\u00fcrzen, Unsicherheit, k\u00f6rperlicher Bedrohung, medizinischen Notf\u00e4llen, Unf\u00e4llen oder allergischen Reaktionen Hilfe zu rufen. Ein tolles Geschenk f\u00fcr Eltern, Studenten und alle, die nachts arbeiten. Ein wunderbarer Schl\u00fcsselanh\u00e4nger f\u00fcr Damen mit Verteidigungssirene. <\/span><\/li>\n<li class=\"a-spacing-mini\"><span class=\"a-list-item\"> Modernes Design und einfach zu bedienen: Dieser Selbstverteidigungs-Schl\u00fcsselanh\u00e4nger f\u00fcr Damen erfordert keine Ausbildung oder F\u00e4higkeiten, um ihn zu bedienen. Zum Aktivieren einfach den oberen Stift entfernen. Zum Deaktivieren einfach wieder einlegen. Notfall-Sicherheitsalarm rund um die Uhr. L\u00e4sst sich leicht an Schl\u00fcsseln, Geldb\u00f6rsen, Rucks\u00e4cken oder G\u00fcrteln befestigen. Klein und diskret. <\/span><\/li>\n<li class=\"a-spacing-mini\"><span class=\"a-list-item\"> Super langlebige Batterie: Der Alarm kann mehrfach verwendet werden. Batterien sind austauschbar und halten 40 kontinuierliche Minuten. Jeder Birdie-Alarm ist handgepr\u00fcft und langlebig. 365-Tage-Batterielebensdauer. Wasserfest. <\/span><\/li>\n<li class=\"a-spacing-mini\"><span class=\"a-list-item\"> Frieden und Liebe: Der Thopeb-Store hat es sich zur Aufgabe gemacht, ein sicheres und effektives Alarmger\u00e4t zur Selbstverteidigung anzubieten. Im Notfall muss das Opfer die M\u00f6glichkeit haben, Hilfe herbeizurufen. Sch\u00fctze dich im Notfall mit der Selbstverteidigungssirene. #1 Thopeb, minimaler Gewinn, maximale Qualit\u00e4t. <\/span><\/li>\n<\/ul>\n<p>&nbsp;<\/p>\n<\/div>\n","protected":false},"excerpt":{"rendered":"<p>Info zu diesem Artikel Pers\u00f6nlicher Alarm-Schl\u00fcsselanh\u00e4nger, f\u00fcr jeden geeignet: Der pers\u00f6nliche Alarm-Schl\u00fcsselanh\u00e4nger von Thopeb bietet Sicherheit f\u00fcr deine Liebsten! Mit diesem Schl\u00fcsselanh\u00e4nger f\u00e4llst du auf und bekommst in jeder Situation Hilfe. Wenn du bedroht wirst, aktiviere die laute Thopeb-Sirene und das blinkende Stroboskoplicht, um den Angreifer abzulenken und einen Angriff zu verhindern. Dein pers\u00f6nliches Sicherheitsger\u00e4t: [&hellip;]<\/p>\n","protected":false},"featured_media":11051,"comment_status":"open","ping_status":"closed","template":"","meta":[],"product_cat":[116,63,45,73,1118,280,297,295,294],"product_tag":[],"class_list":{"0":"post-11052","1":"product","2":"type-product","3":"status-publish","4":"has-post-thumbnail","6":"product_cat-frauen","7":"product_cat-mutter","8":"product_cat-freundin","9":"product_cat-beste-freundin","10":"product_cat--freundin","11":"product_cat-geburtstagsgeschenke","12":"product_cat--maedchen","13":"product_cat--tochter","14":"product_cat--schwester","16":"first","17":"instock","18":"shipping-taxable","19":"product-type-external"},"_links":{"self":[{"href":"https:\/\/www.blogseite.com\/geschenke\/wp-json\/wp\/v2\/product\/11052"}],"collection":[{"href":"https:\/\/www.blogseite.com\/geschenke\/wp-json\/wp\/v2\/product"}],"about":[{"href":"https:\/\/www.blogseite.com\/geschenke\/wp-json\/wp\/v2\/types\/product"}],"replies":[{"embeddable":true,"href":"https:\/\/www.blogseite.com\/geschenke\/wp-json\/wp\/v2\/comments?post=11052"}],"wp:featuredmedia":[{"embeddable":true,"href":"https:\/\/www.blogseite.com\/geschenke\/wp-json\/wp\/v2\/media\/11051"}],"wp:attachment":[{"href":"https:\/\/www.blogseite.com\/geschenke\/wp-json\/wp\/v2\/media?parent=11052"}],"wp:term":[{"taxonomy":"product_cat","embeddable":true,"href":"https:\/\/www.blogseite.com\/geschenke\/wp-json\/wp\/v2\/product_cat?post=11052"},{"taxonomy":"product_tag","embeddable":true,"href":"https:\/\/www.blogseite.com\/geschenke\/wp-json\/wp\/v2\/product_tag?post=11052"}],"curies":[{"name":"wp","href":"https:\/\/api.w.org\/{rel}","templated":true}]}}