{"id":11048,"date":"2024-11-05T15:01:39","date_gmt":"2024-11-05T14:01:39","guid":{"rendered":"https:\/\/www.blogseite.com\/geschenke\/s\/hion-taschenalarm-frauen130db-wiederaufladbar-persoenlicher-selbstverteidigung-alarm-mit-led-beleuchtungpanikalarm-handtaschenalarm-schluesselanhaenger-fuer-frauenkinderaeltere-menschen%ef%bc%88sc\/"},"modified":"2024-11-05T15:03:03","modified_gmt":"2024-11-05T14:03:03","slug":"hion-taschenalarm-frauen130db-wiederaufladbar-persoenlicher-selbstverteidigung-alarm-mit-led-beleuchtungpanikalarm-handtaschenalarm-schluesselanhaenger-fuer-frauenkinderaeltere-menschen%ef%bc%88sc","status":"publish","type":"product","link":"https:\/\/www.blogseite.com\/geschenke\/s\/hion-taschenalarm-frauen130db-wiederaufladbar-persoenlicher-selbstverteidigung-alarm-mit-led-beleuchtungpanikalarm-handtaschenalarm-schluesselanhaenger-fuer-frauenkinderaeltere-menschen%ef%bc%88sc\/","title":{"rendered":"Hion Taschenalarm Frauen,130DB Wiederaufladbar"},"content":{"rendered":"<div id=\"feature-bullets\" class=\"a-section a-spacing-medium a-spacing-top-small\">\n<hr \/>\n<h1 class=\"a-size-base-plus a-text-bold\">Info zu diesem Artikel<\/h1>\n<ul class=\"a-unordered-list a-vertical a-spacing-mini\">\n<li class=\"a-spacing-mini\"><span class=\"a-list-item\"> Geben Sie Ihnen zus\u00e4tzliches Sicherheitsgef\u00fchl: Was Angreifer f\u00fcrchten, ist, der \u00d6ffentlichkeit ausgesetzt zu sein. Dieser Selbstverteidigungsschl\u00fcsselanh\u00e4nger soll Ihnen helfen, Hilfe anzufordern und Angreifer durch einen 130-dB-Alarmton, wenn Sie in Schwierigkeiten sind. Das Ger\u00e4usch ist laut und lang genug, um Aufmerksamkeit zu erregen und Kriminelle abzuschrecken. Es ist bis zu 150 m entfernt h\u00f6rbar und dauert 90 Minuten. <\/span><\/li>\n<li class=\"a-spacing-mini\"><span class=\"a-list-item\"> Kleiner,Verdeckter,Wiederaufladbarer Panikalarm:Dieser von der Polizei zugelassene Mini-Safe-Personal-Alarm-Schl\u00fcsselanh\u00e4nger mit attraktivem Aussehen ist als Dekoration getarnt und klein genug, um nicht bemerkt zu werden.Dieser taschenalarm kann bequem in Rucksack,Handtasche,Tasche und so weiter mitgenommen werden und ist sofort einsatzbereit!Der pers\u00f6nliche Alarm f\u00fcr Frauen kann mit nur 1 Stunde Aufladung \u00fcber ein Kabel bis zu 6 Monate oder 90 Minuten ununterbrochenen Alarm bereitstellen. <\/span><\/li>\n<li class=\"a-spacing-mini\"><span class=\"a-list-item\"> Dauerhaft,wasserdicht und umweltfreundlich: Dieser Safe Sound Taschenalarm hat eine gute Wasserdichtigkeit (IP44) und ist aus hochwertigem ABS-Material hergestellt. <\/span><\/li>\n<li class=\"a-spacing-mini\"><span class=\"a-list-item\"> Einfach zu bedienen: Ziehen Sie einfach den Stift oben oder dr\u00fccken Sie die SOS-Taste zweimal schnell, um den Alarm, das den durchdringenden Ton ausl\u00f6st, um Angreifer zu desorientieren oder abzuschrecken oder im Notfall die Aufmerksamkeit anderer auf sich zu ziehen. Anti-Vergewaltigung, Anti-Diebstahl, Anti-Raub. Der beste Schl\u00fcsselanh\u00e4nger-Alarm f\u00fcr \u00e4ltere Menschen, Studenten, Kinder, Frauen und Nachtarbeiter. <\/span><\/li>\n<li class=\"a-spacing-mini\"><span class=\"a-list-item\"> Kunde zuerst: Die empfindliche Verpackung enth\u00e4lt trillerpfeife laut notfall pers\u00f6nlichen Sicherheitsalarm x 1, Bedienungsanleitung x 1. Es ist eine tolle Geschenkidee f\u00fcr Frauen, M\u00e4dchen, Senioren und Studenten. <\/span><\/li>\n<\/ul>\n<p>&nbsp;<\/p>\n<\/div>\n","protected":false},"excerpt":{"rendered":"<p>Info zu diesem Artikel Geben Sie Ihnen zus\u00e4tzliches Sicherheitsgef\u00fchl: Was Angreifer f\u00fcrchten, ist, der \u00d6ffentlichkeit ausgesetzt zu sein. Dieser Selbstverteidigungsschl\u00fcsselanh\u00e4nger soll Ihnen helfen, Hilfe anzufordern und Angreifer durch einen 130-dB-Alarmton, wenn Sie in Schwierigkeiten sind. Das Ger\u00e4usch ist laut und lang genug, um Aufmerksamkeit zu erregen und Kriminelle abzuschrecken. Es ist bis zu 150 m [&hellip;]<\/p>\n","protected":false},"featured_media":11047,"comment_status":"open","ping_status":"closed","template":"","meta":[],"product_cat":[116,63,53,45,73,1118,297,295,294],"product_tag":[],"class_list":{"0":"post-11048","1":"product","2":"type-product","3":"status-publish","4":"has-post-thumbnail","6":"product_cat-frauen","7":"product_cat-mutter","8":"product_cat-muttertag","9":"product_cat-freundin","10":"product_cat-beste-freundin","11":"product_cat--freundin","12":"product_cat--maedchen","13":"product_cat--tochter","14":"product_cat--schwester","16":"first","17":"instock","18":"shipping-taxable","19":"product-type-external"},"_links":{"self":[{"href":"https:\/\/www.blogseite.com\/geschenke\/wp-json\/wp\/v2\/product\/11048"}],"collection":[{"href":"https:\/\/www.blogseite.com\/geschenke\/wp-json\/wp\/v2\/product"}],"about":[{"href":"https:\/\/www.blogseite.com\/geschenke\/wp-json\/wp\/v2\/types\/product"}],"replies":[{"embeddable":true,"href":"https:\/\/www.blogseite.com\/geschenke\/wp-json\/wp\/v2\/comments?post=11048"}],"wp:featuredmedia":[{"embeddable":true,"href":"https:\/\/www.blogseite.com\/geschenke\/wp-json\/wp\/v2\/media\/11047"}],"wp:attachment":[{"href":"https:\/\/www.blogseite.com\/geschenke\/wp-json\/wp\/v2\/media?parent=11048"}],"wp:term":[{"taxonomy":"product_cat","embeddable":true,"href":"https:\/\/www.blogseite.com\/geschenke\/wp-json\/wp\/v2\/product_cat?post=11048"},{"taxonomy":"product_tag","embeddable":true,"href":"https:\/\/www.blogseite.com\/geschenke\/wp-json\/wp\/v2\/product_tag?post=11048"}],"curies":[{"name":"wp","href":"https:\/\/api.w.org\/{rel}","templated":true}]}}