{"id":11045,"date":"2024-11-05T14:57:35","date_gmt":"2024-11-05T13:57:35","guid":{"rendered":"https:\/\/www.blogseite.com\/geschenke\/s\/amathings-taschenalarm-schluesselanhaenger-alarm-mit-led-licht-panikalarm-schluesselanhaenger-zur-selbstverteidigung-alarmgeraete-fuer-die-handtasche-geeignet-fuer-jede-altersgrupp\/"},"modified":"2024-11-05T14:59:25","modified_gmt":"2024-11-05T13:59:25","slug":"amathings-taschenalarm-schluesselanhaenger-alarm-mit-led-licht-panikalarm-schluesselanhaenger-zur-selbstverteidigung-alarmgeraete-fuer-die-handtasche-geeignet-fuer-jede-altersgrupp","status":"publish","type":"product","link":"https:\/\/www.blogseite.com\/geschenke\/s\/amathings-taschenalarm-schluesselanhaenger-alarm-mit-led-licht-panikalarm-schluesselanhaenger-zur-selbstverteidigung-alarmgeraete-fuer-die-handtasche-geeignet-fuer-jede-altersgrupp\/","title":{"rendered":"AMATHINGS Taschenalarm Schl\u00fcsselanh\u00e4nger Alarm mit LED-Licht"},"content":{"rendered":"<div id=\"feature-bullets\" class=\"a-section a-spacing-medium a-spacing-top-small\">\n<hr \/>\n<h1 class=\"a-size-base-plus a-text-bold\">Info zu diesem Artikel<\/h1>\n<ul class=\"a-unordered-list a-vertical a-spacing-mini\">\n<li class=\"a-spacing-mini\"><span class=\"a-list-item\"> \u2705 SICHERHEIT \u2013 Der Selbstverteidigung Schl\u00fcsselanh\u00e4nger erzeugt einen lauten 140db-Alarm und schreckt damit jeden Angreifer und jede potenzielle Gefahr ab. Gleichzeitig wird die Aufmerksamkeit anderer Menschen ausgel\u00f6st, die zur Hilfe kommen k\u00f6nnen. <\/span><\/li>\n<li class=\"a-spacing-mini\"><span class=\"a-list-item\"> \u2705 VIELSEITIG \u2013 Unser Sicherheits Schl\u00fcsselanh\u00e4nger ist mit einer zus\u00e4tzlichen LED-Notbeleuchtung ausgestattet, die ideal bei Dunkelheit ihren Zweck erf\u00fcllt. <\/span><\/li>\n<li class=\"a-spacing-mini\"><span class=\"a-list-item\"> \u2705 F\u00dcR JEDEN GEEIGNET \u2013 Das Handalarmger\u00e4t ist f\u00fcr jede Menschengruppe geeignet. Ob Studenten, Senioren, Kinder, Frauen oder Nachtarbeiter \u2013 der Alarm Schl\u00fcsselanh\u00e4nger ist der perfekte t\u00e4gliche Begleiter f\u00fcr Selbstverteidigung Zwecke. <\/span><\/li>\n<li class=\"a-spacing-mini\"><span class=\"a-list-item\"> \u2705 EINFACHE BEDIENUNG \u2013 In einer Ernstsituation einfach den Stift entfernen und es ert\u00f6nt gleich ein Alarmton. Um den Taschenalarm f\u00fcr Frauen wieder stummzuschalten, den Stift wieder reinschieben. <\/span><\/li>\n<li class=\"a-spacing-mini\"><span class=\"a-list-item\"> \u2705 LIEFERUMFANG \u2013 Die Lieferung enth\u00e4lt einen Verteidigungs Schl\u00fcsselanh\u00e4nger. <\/span><\/li>\n<\/ul>\n<p><!-- Loading EDP related metadata --><br \/>\n<span class=\"caretnext\">\u203a<\/span> <a id=\"seeMoreDetailsLink\" class=\"a-link-normal\" href=\"#productDetails\"> Weitere Produktdetails <\/a><\/p>\n<\/div>\n","protected":false},"excerpt":{"rendered":"<p>Info zu diesem Artikel \u2705 SICHERHEIT \u2013 Der Selbstverteidigung Schl\u00fcsselanh\u00e4nger erzeugt einen lauten 140db-Alarm und schreckt damit jeden Angreifer und jede potenzielle Gefahr ab. Gleichzeitig wird die Aufmerksamkeit anderer Menschen ausgel\u00f6st, die zur Hilfe kommen k\u00f6nnen. \u2705 VIELSEITIG \u2013 Unser Sicherheits Schl\u00fcsselanh\u00e4nger ist mit einer zus\u00e4tzlichen LED-Notbeleuchtung ausgestattet, die ideal bei Dunkelheit ihren Zweck erf\u00fcllt. [&hellip;]<\/p>\n","protected":false},"featured_media":11044,"comment_status":"open","ping_status":"closed","template":"","meta":[],"product_cat":[78,116,63,53,45,297,295,294],"product_tag":[],"class_list":{"0":"post-11045","1":"product","2":"type-product","3":"status-publish","4":"has-post-thumbnail","6":"product_cat-weihnachtsgeschenke","7":"product_cat-frauen","8":"product_cat-mutter","9":"product_cat-muttertag","10":"product_cat-freundin","11":"product_cat--maedchen","12":"product_cat--tochter","13":"product_cat--schwester","15":"first","16":"instock","17":"shipping-taxable","18":"product-type-external"},"_links":{"self":[{"href":"https:\/\/www.blogseite.com\/geschenke\/wp-json\/wp\/v2\/product\/11045"}],"collection":[{"href":"https:\/\/www.blogseite.com\/geschenke\/wp-json\/wp\/v2\/product"}],"about":[{"href":"https:\/\/www.blogseite.com\/geschenke\/wp-json\/wp\/v2\/types\/product"}],"replies":[{"embeddable":true,"href":"https:\/\/www.blogseite.com\/geschenke\/wp-json\/wp\/v2\/comments?post=11045"}],"wp:featuredmedia":[{"embeddable":true,"href":"https:\/\/www.blogseite.com\/geschenke\/wp-json\/wp\/v2\/media\/11044"}],"wp:attachment":[{"href":"https:\/\/www.blogseite.com\/geschenke\/wp-json\/wp\/v2\/media?parent=11045"}],"wp:term":[{"taxonomy":"product_cat","embeddable":true,"href":"https:\/\/www.blogseite.com\/geschenke\/wp-json\/wp\/v2\/product_cat?post=11045"},{"taxonomy":"product_tag","embeddable":true,"href":"https:\/\/www.blogseite.com\/geschenke\/wp-json\/wp\/v2\/product_tag?post=11045"}],"curies":[{"name":"wp","href":"https:\/\/api.w.org\/{rel}","templated":true}]}}