{"id":11024,"date":"2024-11-05T09:40:04","date_gmt":"2024-11-05T08:40:04","guid":{"rendered":"https:\/\/www.blogseite.com\/geschenke\/s\/bozhihong-led-sternenhimmel-projektor-nachtlicht-galaxy-sternenprojektor-lampe-mit-musik-player-timing-funktion-fernbedienung-sternenhimmel-projektor-kinder-erwachsene-schlafzimmer-geschenk-party\/"},"modified":"2024-11-05T09:53:51","modified_gmt":"2024-11-05T08:53:51","slug":"bozhihong-led-sternenhimmel-projektor-nachtlicht-galaxy-sternenprojektor-lampe-mit-musik-player-timing-funktion-fernbedienung-sternenhimmel-projektor-kinder-erwachsene-schlafzimmer-geschenk-party","status":"publish","type":"product","link":"https:\/\/www.blogseite.com\/geschenke\/s\/bozhihong-led-sternenhimmel-projektor-nachtlicht-galaxy-sternenprojektor-lampe-mit-musik-player-timing-funktion-fernbedienung-sternenhimmel-projektor-kinder-erwachsene-schlafzimmer-geschenk-party\/","title":{"rendered":"Bozhihong LED Sternenhimmel Projektor Nachtlicht, Galaxy Sternenprojektor"},"content":{"rendered":"<div id=\"feature-bullets\" class=\"a-section a-spacing-medium a-spacing-top-small\">\n<hr \/>\n<h1 class=\"a-size-base-plus a-text-bold\">Info zu diesem Artikel<\/h1>\n<ul class=\"a-unordered-list a-vertical a-spacing-mini\">\n<li class=\"a-spacing-mini\"><span class=\"a-list-item\"> \u30102024 Neuester Sternenhimmel Projektor\u3011Beleuchten Sie Ihr Weltraumabenteuer mit ein- und ausblendenden Sternen und rotierender, sich bewegender Ozeanwellenprojektion. Sie k\u00f6nnen sowohl Sterne als auch Nebeleffekte im Einklang oder unabh\u00e4ngig voneinander arbeiten lassen. Sie k\u00f6nnen statisch oder sich bewegend, schnell oder langsam, blinkend oder durchgehend sein und in jedem Raum eine unglaubliche Atmosph\u00e4re schaffen <\/span><\/li>\n<li class=\"a-spacing-mini\"><span class=\"a-list-item\"> \u3010Einfache Fernbedienung &amp; Mehrere Beleuchtungsoptionen\u3011Der Projektor Sternenhimmel mit Fernbedienung. Wenn Sie nach einem anstrengenden Arbeitstag ersch\u00f6pft auf dem Sofa oder Bett sitzen, k\u00f6nnen Sie den Bozhihong-Projektor einschalten, Musik genie\u00dfen, Stress und M\u00fcdigkeit l\u00f6sen und eine entspannte und angenehme Zeit genie\u00dfen. Mit der Fernbedienung k\u00f6nnen Sie die Farbe der Lichter, den Beleuchtungsmodus, die Helligkeit und die Geschwindigkeit frei \u00e4ndern. Der Projektor Sternenhimmel selbst verf\u00fcgt auch \u00fcber Bedientasten, die die Bedienung erleichtern <\/span><\/li>\n<li class=\"a-spacing-mini\"><span class=\"a-list-item\"> \u3010Skylight Projector mit Timing-Funktion\u3011Der LED Sternenhimmel Projektor hat einen 45-Minuten- und 90-Minuten-Auto-Off-Timer, der nach der aktuellen Zeit von der Fernbedienung nach Bedarf automatisch ausgeschaltet werden kann. Es eignet sich sehr gut als Nachtlicht Kinder, ger\u00e4uschfreier und leiser Betrieb, um den ganzen Raum auszuleuchten und Ihre Kinder s\u00fc\u00df einschlafen zu lassen <\/span><\/li>\n<li class=\"a-spacing-mini\"><span class=\"a-list-item\"> \u3010Sternenprojektor mit eingebauten Lautsprechern\u3011Dieser Sternenhimmel Projektor mit Musik kann sich nicht nur \u00fcber Bluetooth verbinden und TF-Karte anschlie\u00dfen oder USB-Flash-Disk anschlie\u00dfen, um Musik abzuspielen, sondern kann ihn auch an Ihren iPod, MP3, Laptop, Mobiltelefon anschlie\u00dfen, um Musik abzuspielen <\/span><\/li>\n<li class=\"a-spacing-mini\"><span class=\"a-list-item\"> \u3010Perfektes Geschenk f\u00fcr Kinder und Erwachsene\u3011Bozhihong Sternenlicht Projektor ist ein gro\u00dfartiger Stimmungsmacher. Dies ist auch ein sehr gutes Nachtlicht f\u00fcr Erwachsene und Kinder. Dieser Galaxy Projektor eignet sich f\u00fcr Geburtstag, Hochzeit, Schlafzimmer Deko, Kinderzimmer Deko, Kinderzimmer Deko, Babyzimmer Deko, Kinderzimmer Deko, Kindertag, Jubil\u00e4um oder Weihnachtsgeschenke <\/span><\/li>\n<\/ul>\n<p>&nbsp;<\/p>\n<\/div>\n","protected":false},"excerpt":{"rendered":"<p>Info zu diesem Artikel \u30102024 Neuester Sternenhimmel Projektor\u3011Beleuchten Sie Ihr Weltraumabenteuer mit ein- und ausblendenden Sternen und rotierender, sich bewegender Ozeanwellenprojektion. Sie k\u00f6nnen sowohl Sterne als auch Nebeleffekte im Einklang oder unabh\u00e4ngig voneinander arbeiten lassen. Sie k\u00f6nnen statisch oder sich bewegend, schnell oder langsam, blinkend oder durchgehend sein und in jedem Raum eine unglaubliche Atmosph\u00e4re [&hellip;]<\/p>\n","protected":false},"featured_media":11023,"comment_status":"open","ping_status":"closed","template":"","meta":[],"product_cat":[814,78,45,73,1118,295,294,291],"product_tag":[],"class_list":{"0":"post-11024","1":"product","2":"type-product","3":"status-publish","4":"has-post-thumbnail","6":"product_cat-zuhause","7":"product_cat-weihnachtsgeschenke","8":"product_cat-freundin","9":"product_cat-beste-freundin","10":"product_cat--freundin","11":"product_cat--tochter","12":"product_cat--schwester","13":"product_cat-nerds","15":"first","16":"instock","17":"shipping-taxable","18":"product-type-external"},"_links":{"self":[{"href":"https:\/\/www.blogseite.com\/geschenke\/wp-json\/wp\/v2\/product\/11024"}],"collection":[{"href":"https:\/\/www.blogseite.com\/geschenke\/wp-json\/wp\/v2\/product"}],"about":[{"href":"https:\/\/www.blogseite.com\/geschenke\/wp-json\/wp\/v2\/types\/product"}],"replies":[{"embeddable":true,"href":"https:\/\/www.blogseite.com\/geschenke\/wp-json\/wp\/v2\/comments?post=11024"}],"wp:featuredmedia":[{"embeddable":true,"href":"https:\/\/www.blogseite.com\/geschenke\/wp-json\/wp\/v2\/media\/11023"}],"wp:attachment":[{"href":"https:\/\/www.blogseite.com\/geschenke\/wp-json\/wp\/v2\/media?parent=11024"}],"wp:term":[{"taxonomy":"product_cat","embeddable":true,"href":"https:\/\/www.blogseite.com\/geschenke\/wp-json\/wp\/v2\/product_cat?post=11024"},{"taxonomy":"product_tag","embeddable":true,"href":"https:\/\/www.blogseite.com\/geschenke\/wp-json\/wp\/v2\/product_tag?post=11024"}],"curies":[{"name":"wp","href":"https:\/\/api.w.org\/{rel}","templated":true}]}}