{"id":11018,"date":"2024-11-04T20:02:44","date_gmt":"2024-11-04T19:02:44","guid":{"rendered":"https:\/\/www.blogseite.com\/geschenke\/s\/galaxie-sternenhimmel-astronaut-projektor-led-weltraum-nachthimmel-lichtprojektor-lampe-mit-timer-fernbedienung-sternenlicht-fuer-schlafzimmer-und-decke-perfekt-geschenk-fuer-kinder-und-erwac\/"},"modified":"2024-11-04T20:03:56","modified_gmt":"2024-11-04T19:03:56","slug":"galaxie-sternenhimmel-astronaut-projektor-led-weltraum-nachthimmel-lichtprojektor-lampe-mit-timer-fernbedienung-sternenlicht-fuer-schlafzimmer-und-decke-perfekt-geschenk-fuer-kinder-und-erwac","status":"publish","type":"product","link":"https:\/\/www.blogseite.com\/geschenke\/s\/galaxie-sternenhimmel-astronaut-projektor-led-weltraum-nachthimmel-lichtprojektor-lampe-mit-timer-fernbedienung-sternenlicht-fuer-schlafzimmer-und-decke-perfekt-geschenk-fuer-kinder-und-erwac\/","title":{"rendered":"Galaxie Sternenhimmel Astronaut Projektor, Led Weltraum Nachthimmel"},"content":{"rendered":"<div id=\"feature-bullets\" class=\"a-section a-spacing-medium a-spacing-top-small\">\n<hr \/>\n<h1 class=\"a-size-base-plus a-text-bold\">Info zu diesem Artikel<\/h1>\n<ul class=\"a-unordered-list a-vertical a-spacing-mini\">\n<li class=\"a-spacing-mini\"><span class=\"a-list-item\"> Sternenhimmel projektor mit mehreren Modi\uff1aDie Kombination aus Nebel und Sternenlicht kann einzeln oder in Kombination eingeschaltet werden (bis zu 17 Modi), und die Projektion des Nebelflusses schafft eine entspannende Atmosph\u00e4re. Die hochaufl\u00f6sende Sternengalaxie kann an Wand und Decke projiziert werden. Sie werden sich f\u00fchlen, als w\u00fcrden Sie wie Astronauten in der Galaxie reisen <\/span><\/li>\n<li class=\"a-spacing-mini\"><span class=\"a-list-item\"> Manueller Schalter, Fernbedienung und Timer\uff1aSie haben 2 M\u00f6glichkeiten, den Astronaut Projektor einzuschalten: die Zur\u00fcck-Tasten und die Fernbedienung. Die Taste auf der R\u00fcckseite kann nur den Projektor, Nebel- und Sternschalter einschalten und lange dr\u00fccken, um ihn auszuschalten; Die Fernbedienung kann Farben, Geschwindigkeit und Helligkeit von Nebel und Stern sowie den Zeitschalter (45 Minuten oder 90 Minuten automatisch ausschalten) einstellen. <\/span><\/li>\n<li class=\"a-spacing-mini\"><span class=\"a-list-item\"> Einzigartiges und flexibles Projektions design\uff1aKopf und K\u00f6rper des Weltraum Projektor sind durch Magnete miteinander verbunden, es ist abnehmbar. Sie k\u00f6nnen es durch Drehen des Kopfes auftragen oder vom K\u00f6rper abnehmen und Sterne und Nebel \u00fcberall hin projizieren, wie Sie m\u00f6chten, und so eine wunderbare und vertr\u00e4umte Umgebung f\u00fcr Ihr Babyzimmer\/Schlafzimmer\/Auto\/Zelt\/Wohnzimmer\/kleines Heimkino\/Spielzimmer schaffen \/Arbeitszimmer\/ und so weiter <\/span><\/li>\n<li class=\"a-spacing-mini\"><span class=\"a-list-item\"> Bestes Nachtlicht &amp; Geschenkidee\uff1aDieser Galaxie Nachthimmel Projektor ist ein ziemlich cooles Nachtlicht, gut f\u00fcr schlafende Kinder, hilft ihnen, schneller einzuschlafen; Holen Sie sich dieses Licht, um Ihr Baby zu unterhalten, und es ist so entspannend; perfekt f\u00fcr den Geburtstag und die Camp-Mottoparty Ihrer Kleinen. Sowie eine tolle Geschenkauswahl f\u00fcr Feiertage (Weihnachten, Valentinstag, Kindertag usw.) und Geburtstage <\/span><\/li>\n<li class=\"a-spacing-mini\"><span class=\"a-list-item\"> 100% zufriedener After-Sell-Service\uff1aWenn Sie mit unserem Led Sternenhimmel Projektor Lampe zufrieden sind, Probleme mit dem Artikel haben, k\u00f6nnen Sie sich gerne an uns wenden. Wir bieten einen 180-t\u00e4gigen Kundendienst<\/span><\/li>\n<\/ul>\n<\/div>\n","protected":false},"excerpt":{"rendered":"<p>Info zu diesem Artikel Sternenhimmel projektor mit mehreren Modi\uff1aDie Kombination aus Nebel und Sternenlicht kann einzeln oder in Kombination eingeschaltet werden (bis zu 17 Modi), und die Projektion des Nebelflusses schafft eine entspannende Atmosph\u00e4re. Die hochaufl\u00f6sende Sternengalaxie kann an Wand und Decke projiziert werden. Sie werden sich f\u00fchlen, als w\u00fcrden Sie wie Astronauten in der [&hellip;]<\/p>\n","protected":false},"featured_media":11017,"comment_status":"open","ping_status":"closed","template":"","meta":[],"product_cat":[814,78,116,63,56,45,108,300,70,297,299,295],"product_tag":[],"class_list":{"0":"post-11018","1":"product","2":"type-product","3":"status-publish","4":"has-post-thumbnail","6":"product_cat-zuhause","7":"product_cat-weihnachtsgeschenke","8":"product_cat-frauen","9":"product_cat-mutter","10":"product_cat-hochzeit","11":"product_cat-freundin","12":"product_cat-maenner","13":"product_cat--kollege","14":"product_cat-geschenke-fuer-jeden-anlass","15":"product_cat--maedchen","16":"product_cat--chef","17":"product_cat--tochter","19":"first","20":"instock","21":"shipping-taxable","22":"product-type-external"},"_links":{"self":[{"href":"https:\/\/www.blogseite.com\/geschenke\/wp-json\/wp\/v2\/product\/11018"}],"collection":[{"href":"https:\/\/www.blogseite.com\/geschenke\/wp-json\/wp\/v2\/product"}],"about":[{"href":"https:\/\/www.blogseite.com\/geschenke\/wp-json\/wp\/v2\/types\/product"}],"replies":[{"embeddable":true,"href":"https:\/\/www.blogseite.com\/geschenke\/wp-json\/wp\/v2\/comments?post=11018"}],"wp:featuredmedia":[{"embeddable":true,"href":"https:\/\/www.blogseite.com\/geschenke\/wp-json\/wp\/v2\/media\/11017"}],"wp:attachment":[{"href":"https:\/\/www.blogseite.com\/geschenke\/wp-json\/wp\/v2\/media?parent=11018"}],"wp:term":[{"taxonomy":"product_cat","embeddable":true,"href":"https:\/\/www.blogseite.com\/geschenke\/wp-json\/wp\/v2\/product_cat?post=11018"},{"taxonomy":"product_tag","embeddable":true,"href":"https:\/\/www.blogseite.com\/geschenke\/wp-json\/wp\/v2\/product_tag?post=11018"}],"curies":[{"name":"wp","href":"https:\/\/api.w.org\/{rel}","templated":true}]}}