{"id":11009,"date":"2024-11-04T19:39:55","date_gmt":"2024-11-04T18:39:55","guid":{"rendered":"https:\/\/www.blogseite.com\/geschenke\/s\/burnnove-astronaut-sternenhimmel-projektor-led-sternenprojektor-mit-8-nebelmodi-2-sternenmodi-fernbedienung-einstellbare-helligkeit-und-geschwindigkeit-360-rotation-fuer-kinder-und-erwachsene\/"},"modified":"2024-11-04T19:44:19","modified_gmt":"2024-11-04T18:44:19","slug":"burnnove-astronaut-sternenhimmel-projektor-led-sternenprojektor-mit-8-nebelmodi-2-sternenmodi-fernbedienung-einstellbare-helligkeit-und-geschwindigkeit-360-rotation-fuer-kinder-und-erwachsene","status":"publish","type":"product","link":"https:\/\/www.blogseite.com\/geschenke\/s\/burnnove-astronaut-sternenhimmel-projektor-led-sternenprojektor-mit-8-nebelmodi-2-sternenmodi-fernbedienung-einstellbare-helligkeit-und-geschwindigkeit-360-rotation-fuer-kinder-und-erwachsene\/","title":{"rendered":"BURNNOVE Astronaut Sternenhimmel Projektor LED Sternenprojektor mit 8 Nebelmodi"},"content":{"rendered":"<div id=\"feature-bullets\" class=\"a-section a-spacing-medium a-spacing-top-small\">\n<hr \/>\n<h1 class=\"a-size-base-plus a-text-bold\">Info zu diesem Artikel<\/h1>\n<ul class=\"a-unordered-list a-vertical a-spacing-mini\">\n<li class=\"a-spacing-mini\"><span class=\"a-list-item\"> 26 Arten von Lichtmodi &#8211; Dieses Nachtlicht bietet 8 erstaunliche Nebeleffekte (rot, blau, gr\u00fcn, rot-blau, blau-gr\u00fcn, rot-gr\u00fcn, zweifarbiger Farbverlauf und dreifarbiger Mix) und 2 Sternmodi (atmendes und konstantes Licht). Sie k\u00f6nnen die Stern- und Nebelmodi gleichzeitig oder separat verwenden und sie zu 26 verschiedenen Lichtmodi kombinieren <\/span><\/li>\n<li class=\"a-spacing-mini\"><span class=\"a-list-item\"> Zwei Steuerungsmethoden &#8211; Der Galaxy Projektor verf\u00fcgt \u00fcber zwei Steuermethoden: R\u00fccktaste und Fernbedienung. Die R\u00fccktaste kann nur das Licht einschalten und zwischen Nebel- und Sternmodus umschalten, was verwendet werden kann, wenn die Fernbedienung keinen Strom hat. Mit der Fernbedienung k\u00f6nnen Sie den Effekt, die Helligkeit und die Geschwindigkeit des Nebels und der Sterne usw. einstellen, was bequemer zu bedienen ist <\/span><\/li>\n<li class=\"a-spacing-mini\"><span class=\"a-list-item\"> Einstellbare Helligkeit und Geschwindigkeit &#8211; Sie k\u00f6nnen die Fernbedienung verwenden, um die Helligkeit und Geschwindigkeit des 5-stufigen Nebels sowie den 3-stufigen Sternmodus je nach Umgebung und Stimmung einzustellen. Wenn Sie studieren oder arbeiten, k\u00f6nnen Sie die Helligkeit und Geschwindigkeit des Nebels reduzieren. Und bei einer fr\u00f6hlichen Party erh\u00f6hen Sie die Helligkeit und Geschwindigkeit des Nebels, um dem ganzen Raum eine lebendige und fr\u00f6hliche Atmosph\u00e4re zu verleihen <\/span><\/li>\n<li class=\"a-spacing-mini\"><span class=\"a-list-item\"> 360\u00b0 einstellbarer Projektionswinkel &#8211; Der Kopf und der K\u00f6rper des Spacebuddy sind durch Magnete miteinander verbunden und k\u00f6nnen um 360\u00b0 gedreht werden, um Nebel auf das Schlafzimmer, die Decke oder \u00fcberall ohne Einschr\u00e4nkung zu projizieren und einen Bereich von bis zu 30m\u00b2 Raum abzudecken und einen spektakul\u00e4ren Sternenhimmel-Effekt f\u00fcr Sie zu schaffen <\/span><\/li>\n<li class=\"a-spacing-mini\"><span class=\"a-list-item\"> Ein aufmerksames Geschenk \u2013 Die Astronaut Sternenhimmel Projektor verf\u00fcgt \u00fcber ein einzigartiges Weltraumthema, das jedem Raum eine sternenklare Atmosph\u00e4re verleiht und ein aufmerksames Geschenk f\u00fcr Ihre Kinder oder Freunde und Familie ist. Bitte beachten Sie: Sie hat keinen eingebauten Akku und muss zur Verwendung an eine Stromquelle angeschlossen werden (im Lieferumfang ist nur ein USB-Datenkabel enthalten und ein 5-V\/1-A-Adapter ist erforderlich) <\/span><\/li>\n<\/ul>\n<p>&nbsp;<\/p>\n<\/div>\n","protected":false},"excerpt":{"rendered":"<p>Info zu diesem Artikel 26 Arten von Lichtmodi &#8211; Dieses Nachtlicht bietet 8 erstaunliche Nebeleffekte (rot, blau, gr\u00fcn, rot-blau, blau-gr\u00fcn, rot-gr\u00fcn, zweifarbiger Farbverlauf und dreifarbiger Mix) und 2 Sternmodi (atmendes und konstantes Licht). Sie k\u00f6nnen die Stern- und Nebelmodi gleichzeitig oder separat verwenden und sie zu 26 verschiedenen Lichtmodi kombinieren Zwei Steuerungsmethoden &#8211; Der Galaxy [&hellip;]<\/p>\n","protected":false},"featured_media":11008,"comment_status":"open","ping_status":"closed","template":"","meta":[],"product_cat":[78,63,45,73,1118,280],"product_tag":[],"class_list":{"0":"post-11009","1":"product","2":"type-product","3":"status-publish","4":"has-post-thumbnail","6":"product_cat-weihnachtsgeschenke","7":"product_cat-mutter","8":"product_cat-freundin","9":"product_cat-beste-freundin","10":"product_cat--freundin","11":"product_cat-geburtstagsgeschenke","13":"first","14":"instock","15":"shipping-taxable","16":"product-type-external"},"_links":{"self":[{"href":"https:\/\/www.blogseite.com\/geschenke\/wp-json\/wp\/v2\/product\/11009"}],"collection":[{"href":"https:\/\/www.blogseite.com\/geschenke\/wp-json\/wp\/v2\/product"}],"about":[{"href":"https:\/\/www.blogseite.com\/geschenke\/wp-json\/wp\/v2\/types\/product"}],"replies":[{"embeddable":true,"href":"https:\/\/www.blogseite.com\/geschenke\/wp-json\/wp\/v2\/comments?post=11009"}],"wp:featuredmedia":[{"embeddable":true,"href":"https:\/\/www.blogseite.com\/geschenke\/wp-json\/wp\/v2\/media\/11008"}],"wp:attachment":[{"href":"https:\/\/www.blogseite.com\/geschenke\/wp-json\/wp\/v2\/media?parent=11009"}],"wp:term":[{"taxonomy":"product_cat","embeddable":true,"href":"https:\/\/www.blogseite.com\/geschenke\/wp-json\/wp\/v2\/product_cat?post=11009"},{"taxonomy":"product_tag","embeddable":true,"href":"https:\/\/www.blogseite.com\/geschenke\/wp-json\/wp\/v2\/product_tag?post=11009"}],"curies":[{"name":"wp","href":"https:\/\/api.w.org\/{rel}","templated":true}]}}