{"id":10998,"date":"2024-11-03T17:14:41","date_gmt":"2024-11-03T16:14:41","guid":{"rendered":"https:\/\/www.blogseite.com\/geschenke\/s\/boxlegend-shirt-faltbrett-t-shirt-zusammenlegen-t-shirts-falter-falthilfe-einfach-und-schnell-fuer-kinder-kleidung-waesche-falten-waeschefalter-und-hemdenfalter-schwarz-weiss\/"},"modified":"2024-11-03T17:15:35","modified_gmt":"2024-11-03T16:15:35","slug":"boxlegend-shirt-faltbrett-t-shirt-zusammenlegen-t-shirts-falter-falthilfe-einfach-und-schnell-fuer-kinder-kleidung-waesche-falten-waeschefalter-und-hemdenfalter-schwarz-weiss","status":"publish","type":"product","link":"https:\/\/www.blogseite.com\/geschenke\/s\/boxlegend-shirt-faltbrett-t-shirt-zusammenlegen-t-shirts-falter-falthilfe-einfach-und-schnell-fuer-kinder-kleidung-waesche-falten-waeschefalter-und-hemdenfalter-schwarz-weiss\/","title":{"rendered":"BoxLegend Shirt Faltbrett t Shirt Zusammenlegen t-Shirts Falter Falthilfe"},"content":{"rendered":"<div id=\"feature-bullets\" class=\"a-section a-spacing-medium a-spacing-top-small\">\n<hr \/>\n<h1 class=\"a-size-base-plus a-text-bold\">Info zu diesem Artikel<\/h1>\n<ul class=\"a-unordered-list a-vertical a-spacing-mini\">\n<li class=\"a-spacing-mini\"><span class=\"a-list-item\"> Hohe Qualit\u00e4t: Hergestellt aus umweltfreundlichen PP-Materialien, besonders haltbarem Material, starker Z\u00e4higkeit. <\/span><\/li>\n<li class=\"a-spacing-mini\"><span class=\"a-list-item\"> Breiter Anwendungsbereich: Effektives Design, passt zu d\u00fcnner, mittlerer und dicker Kleidung, perfekt f\u00fcr Hosen, Hosen, Shorts, Pyjamas, kurz- und lang\u00e4rmlige T-Shirts, Handt\u00fccher, Uniformen und mehr. <\/span><\/li>\n<li class=\"a-spacing-mini\"><span class=\"a-list-item\"> Sparen Sie Zeit: Nur 3 Schritte und 3 Sekunden, um die Kleidung flacher und ordentlicher zu machen. Falten Sie alle Ihre Kleidungsst\u00fccke, um eine perfekte einheitliche Gr\u00f6\u00dfe zu erhalten. <\/span><\/li>\n<li class=\"a-spacing-mini\"><span class=\"a-list-item\"> Lebenslange Garantie: Wenn Sie aus irgendeinem Grund mit Ihrem faltbaren Kleiderbrett nicht zufrieden sind, k\u00f6nnen Sie es ohne weitere Fragen gegen eine volle R\u00fcckerstattung zur\u00fcckgeben. <\/span><\/li>\n<li class=\"a-spacing-mini\"><span class=\"a-list-item\"> Mehr als 10 Jahre Erfahrung, mehr als 8 professionelle Designs und die h\u00f6chsten Kundenbewertungen der Rekordmarke. Wir sind zuversichtlich, dass Sie unser faltbares Kleiderbrett lieben werden. <\/span><\/li>\n<\/ul>\n<p>&nbsp;<\/p>\n<\/div>\n","protected":false},"excerpt":{"rendered":"<p>Info zu diesem Artikel Hohe Qualit\u00e4t: Hergestellt aus umweltfreundlichen PP-Materialien, besonders haltbarem Material, starker Z\u00e4higkeit. Breiter Anwendungsbereich: Effektives Design, passt zu d\u00fcnner, mittlerer und dicker Kleidung, perfekt f\u00fcr Hosen, Hosen, Shorts, Pyjamas, kurz- und lang\u00e4rmlige T-Shirts, Handt\u00fccher, Uniformen und mehr. Sparen Sie Zeit: Nur 3 Schritte und 3 Sekunden, um die Kleidung flacher und ordentlicher [&hellip;]<\/p>\n","protected":false},"featured_media":10997,"comment_status":"open","ping_status":"closed","template":"","meta":[],"product_cat":[78,74,110,58,116,63],"product_tag":[],"class_list":{"0":"post-10998","1":"product","2":"type-product","3":"status-publish","4":"has-post-thumbnail","6":"product_cat-weihnachtsgeschenke","7":"product_cat-bester-freund","8":"product_cat-freund","9":"product_cat-opa","10":"product_cat-frauen","11":"product_cat-mutter","13":"first","14":"instock","15":"shipping-taxable","16":"product-type-external"},"_links":{"self":[{"href":"https:\/\/www.blogseite.com\/geschenke\/wp-json\/wp\/v2\/product\/10998"}],"collection":[{"href":"https:\/\/www.blogseite.com\/geschenke\/wp-json\/wp\/v2\/product"}],"about":[{"href":"https:\/\/www.blogseite.com\/geschenke\/wp-json\/wp\/v2\/types\/product"}],"replies":[{"embeddable":true,"href":"https:\/\/www.blogseite.com\/geschenke\/wp-json\/wp\/v2\/comments?post=10998"}],"wp:featuredmedia":[{"embeddable":true,"href":"https:\/\/www.blogseite.com\/geschenke\/wp-json\/wp\/v2\/media\/10997"}],"wp:attachment":[{"href":"https:\/\/www.blogseite.com\/geschenke\/wp-json\/wp\/v2\/media?parent=10998"}],"wp:term":[{"taxonomy":"product_cat","embeddable":true,"href":"https:\/\/www.blogseite.com\/geschenke\/wp-json\/wp\/v2\/product_cat?post=10998"},{"taxonomy":"product_tag","embeddable":true,"href":"https:\/\/www.blogseite.com\/geschenke\/wp-json\/wp\/v2\/product_tag?post=10998"}],"curies":[{"name":"wp","href":"https:\/\/api.w.org\/{rel}","templated":true}]}}