{"id":10996,"date":"2024-11-03T15:34:45","date_gmt":"2024-11-03T14:34:45","guid":{"rendered":"https:\/\/www.blogseite.com\/geschenke\/s\/snagger-doppelpack-der-snackspender-saubere-haende-beim-snacken-geeignet-fuer-erdnuesse-nicnacs-uvm-gamer-geschenk-geschenke-fuer-maenner-frauen-nicnac-spender-doppelpack-classic\/"},"modified":"2024-11-03T15:36:42","modified_gmt":"2024-11-03T14:36:42","slug":"snagger-doppelpack-der-snackspender-saubere-haende-beim-snacken-geeignet-fuer-erdnuesse-nicnacs-uvm-gamer-geschenk-geschenke-fuer-maenner-frauen-nicnac-spender-doppelpack-classic","status":"publish","type":"product","link":"https:\/\/www.blogseite.com\/geschenke\/s\/snagger-doppelpack-der-snackspender-saubere-haende-beim-snacken-geeignet-fuer-erdnuesse-nicnacs-uvm-gamer-geschenk-geschenke-fuer-maenner-frauen-nicnac-spender-doppelpack-classic\/","title":{"rendered":"snagger DOPPELPACK &#8211; Der Snackspender\/saubere H\u00e4nde beim snacken"},"content":{"rendered":"<div id=\"feature-bullets\" class=\"a-section a-spacing-medium a-spacing-top-small\">\n<hr \/>\n<h1 class=\"a-size-base-plus a-text-bold\">Info zu diesem Artikel<\/h1>\n<ul class=\"a-unordered-list a-vertical a-spacing-mini\">\n<li class=\"a-spacing-mini\"><span class=\"a-list-item\"> \u2705 Doppelpack beinhaltet: 1x SNAGGER rot; 1x SNAGGER blau; 1x NicNac\u00b4s 110g <\/span><\/li>\n<li class=\"a-spacing-mini\"><span class=\"a-list-item\"> Mit dem SNAGGER bekommst du den ersten, wiederbef\u00fcllbaren, hygienischen Snack-Spender f\u00fcr deine Lieblingssnacks! Deine Vorteile: \u27a1\ufe0f hygienisch Snacken! (Snacks bleiben unber\u00fchrt) | saubere Finger, sauberes Equipment | perfekte Portion, tolles Snackerlebnis | Lieblingssnacks entspannt genie\u00dfen <\/span><\/li>\n<li class=\"a-spacing-mini\"><span class=\"a-list-item\"> \ud83e\udd5c Der SNAGGER ist z.Bsp. geeignet f\u00fcr: Erdn\u00fcsse, NicNacs, M&amp;M\u00b4s, Schokolinsen u.v.m. (Durchmesser Snack bis ca. 14mm), besteht aus hochwertigen Kunststoffmaterialien, ist BPA-frei \ud83d\udc9a und zu 100% Made in Germany. Reinigen l\u00e4sst sich der SNAGGER einfach unter flie\u00dfendem Wasser \ud83d\udca6 oder in der Sp\u00fclmaschine. <\/span><\/li>\n<li class=\"a-spacing-mini\"><span class=\"a-list-item\"> \ud83c\udf81 Geliefert wird der SNAGGER in einer hochwertigen Produktverpackung und ist damit das perfekte Geschenk f\u00fcr Gamer, M\u00e4nner, Frauen oder Kollegen. Der SNAGGER hat folgende Abmessungen: Durchmesser 7,5cm, H\u00f6he 12cm <\/span><\/li>\n<li class=\"a-spacing-mini\"><span class=\"a-list-item\"> \ud83c\udfae Optimale Erweiterung f\u00fcr dein Gaming Zubeh\u00f6r. Halte deinen PS4 \/ PS5 \/ xbox Controller oder deine Gaming Tastatur bzw. Maus sauber! <\/span><\/li>\n<\/ul>\n<p>&nbsp;<\/p>\n<\/div>\n","protected":false},"excerpt":{"rendered":"<p>Info zu diesem Artikel \u2705 Doppelpack beinhaltet: 1x SNAGGER rot; 1x SNAGGER blau; 1x NicNac\u00b4s 110g Mit dem SNAGGER bekommst du den ersten, wiederbef\u00fcllbaren, hygienischen Snack-Spender f\u00fcr deine Lieblingssnacks! Deine Vorteile: \u27a1\ufe0f hygienisch Snacken! (Snacks bleiben unber\u00fchrt) | saubere Finger, sauberes Equipment | perfekte Portion, tolles Snackerlebnis | Lieblingssnacks entspannt genie\u00dfen \ud83e\udd5c Der SNAGGER ist [&hellip;]<\/p>\n","protected":false},"featured_media":10995,"comment_status":"open","ping_status":"closed","template":"","meta":[],"product_cat":[78,103,74,110],"product_tag":[],"class_list":{"0":"post-10996","1":"product","2":"type-product","3":"status-publish","4":"has-post-thumbnail","6":"product_cat-weihnachtsgeschenke","7":"product_cat-studenten","8":"product_cat-bester-freund","9":"product_cat-freund","11":"first","12":"instock","13":"shipping-taxable","14":"product-type-external"},"_links":{"self":[{"href":"https:\/\/www.blogseite.com\/geschenke\/wp-json\/wp\/v2\/product\/10996"}],"collection":[{"href":"https:\/\/www.blogseite.com\/geschenke\/wp-json\/wp\/v2\/product"}],"about":[{"href":"https:\/\/www.blogseite.com\/geschenke\/wp-json\/wp\/v2\/types\/product"}],"replies":[{"embeddable":true,"href":"https:\/\/www.blogseite.com\/geschenke\/wp-json\/wp\/v2\/comments?post=10996"}],"wp:featuredmedia":[{"embeddable":true,"href":"https:\/\/www.blogseite.com\/geschenke\/wp-json\/wp\/v2\/media\/10995"}],"wp:attachment":[{"href":"https:\/\/www.blogseite.com\/geschenke\/wp-json\/wp\/v2\/media?parent=10996"}],"wp:term":[{"taxonomy":"product_cat","embeddable":true,"href":"https:\/\/www.blogseite.com\/geschenke\/wp-json\/wp\/v2\/product_cat?post=10996"},{"taxonomy":"product_tag","embeddable":true,"href":"https:\/\/www.blogseite.com\/geschenke\/wp-json\/wp\/v2\/product_tag?post=10996"}],"curies":[{"name":"wp","href":"https:\/\/api.w.org\/{rel}","templated":true}]}}