{"id":10993,"date":"2024-11-03T15:26:55","date_gmt":"2024-11-03T14:26:55","guid":{"rendered":"https:\/\/www.blogseite.com\/geschenke\/s\/russell-hobbs-heissluftfritteuse-l-4l-rapid-airfryer-sehr-kleines-gehaeuse-7-kochfunktionen-10-programme-satisfry-spuelmaschinenfest-max-220c-fritteuse-ohne-oel-grillenbackenbraten-etc\/"},"modified":"2024-11-03T15:30:53","modified_gmt":"2024-11-03T14:30:53","slug":"russell-hobbs-heissluftfritteuse-l-4l-rapid-airfryer-sehr-kleines-gehaeuse-7-kochfunktionen-10-programme-satisfry-spuelmaschinenfest-max-220c-fritteuse-ohne-oel-grillenbackenbraten-etc","status":"publish","type":"product","link":"https:\/\/www.blogseite.com\/geschenke\/s\/russell-hobbs-heissluftfritteuse-l-4l-rapid-airfryer-sehr-kleines-gehaeuse-7-kochfunktionen-10-programme-satisfry-spuelmaschinenfest-max-220c-fritteuse-ohne-oel-grillenbackenbraten-etc\/","title":{"rendered":"Russell Hobbs Hei\u00dfluftfritteuse L 4L Rapid AirFryer"},"content":{"rendered":"<div id=\"feature-bullets\" class=\"a-section a-spacing-medium a-spacing-top-small\">\n<hr \/>\n<h1 class=\"a-size-base-plus a-text-bold\">Info zu diesem Artikel<\/h1>\n<ul class=\"a-unordered-list a-vertical a-spacing-mini\">\n<li class=\"a-spacing-mini\"><span class=\"a-list-item\"> Mit gutem Gewissen kochen &#8211; wenig oder kein \u00d6l erforderlich, 4 Liter Hei\u00dfluftfritteuse mit schneller Luftzirkulation bis zu 220\u00b0C <\/span><\/li>\n<li class=\"a-spacing-mini\"><span class=\"a-list-item\"> Leicht zu reinigen &#8211; Antihaftbeschichteter Frittierkorb und Einsatz f\u00fcr knusprig-krosse Ergebnisse sind sp\u00fclmaschinenfest* (getestet mit 100 Sp\u00fclmaschineng\u00e4ngen) <\/span><\/li>\n<li class=\"a-spacing-mini\"><span class=\"a-list-item\"> 7-in-1 Funktionen: Hei\u00dfluftfrittieren, Grillen, Backen, Braten, D\u00f6rren, Aufw\u00e4rmen und Auftauen <\/span><\/li>\n<li class=\"a-spacing-mini\"><span class=\"a-list-item\"> Leicht zu reinigendes, digitales Touchscreen-Bedienfeld mit 10 voreingestellten Programmen: Pommes Frites, Fisch, Eier, Huhn, Gem\u00fcse, Backen, Grillen, D\u00f6rren, Auftauen, Aufw\u00e4rmen <\/span><\/li>\n<li class=\"a-spacing-mini\"><span class=\"a-list-item\"> Erinnerung zum Wenden des Gargutes (Signalton nach der H\u00e4lfte der Garzeit), variable Temperaturregelung f\u00fcr ein gleichm\u00e4\u00dfiges Garergebnis, Zeiteinstellungen und automatischer Sicherheitsabschaltung<\/span><\/li>\n<\/ul>\n<\/div>\n","protected":false},"excerpt":{"rendered":"<p>Info zu diesem Artikel Mit gutem Gewissen kochen &#8211; wenig oder kein \u00d6l erforderlich, 4 Liter Hei\u00dfluftfritteuse mit schneller Luftzirkulation bis zu 220\u00b0C Leicht zu reinigen &#8211; Antihaftbeschichteter Frittierkorb und Einsatz f\u00fcr knusprig-krosse Ergebnisse sind sp\u00fclmaschinenfest* (getestet mit 100 Sp\u00fclmaschineng\u00e4ngen) 7-in-1 Funktionen: Hei\u00dfluftfrittieren, Grillen, Backen, Braten, D\u00f6rren, Aufw\u00e4rmen und Auftauen Leicht zu reinigendes, digitales Touchscreen-Bedienfeld [&hellip;]<\/p>\n","protected":false},"featured_media":10992,"comment_status":"open","ping_status":"closed","template":"","meta":[],"product_cat":[78,74,110,116,63,45,108,73,1118],"product_tag":[],"class_list":{"0":"post-10993","1":"product","2":"type-product","3":"status-publish","4":"has-post-thumbnail","6":"product_cat-weihnachtsgeschenke","7":"product_cat-bester-freund","8":"product_cat-freund","9":"product_cat-frauen","10":"product_cat-mutter","11":"product_cat-freundin","12":"product_cat-maenner","13":"product_cat-beste-freundin","14":"product_cat--freundin","16":"first","17":"instock","18":"shipping-taxable","19":"product-type-external"},"_links":{"self":[{"href":"https:\/\/www.blogseite.com\/geschenke\/wp-json\/wp\/v2\/product\/10993"}],"collection":[{"href":"https:\/\/www.blogseite.com\/geschenke\/wp-json\/wp\/v2\/product"}],"about":[{"href":"https:\/\/www.blogseite.com\/geschenke\/wp-json\/wp\/v2\/types\/product"}],"replies":[{"embeddable":true,"href":"https:\/\/www.blogseite.com\/geschenke\/wp-json\/wp\/v2\/comments?post=10993"}],"wp:featuredmedia":[{"embeddable":true,"href":"https:\/\/www.blogseite.com\/geschenke\/wp-json\/wp\/v2\/media\/10992"}],"wp:attachment":[{"href":"https:\/\/www.blogseite.com\/geschenke\/wp-json\/wp\/v2\/media?parent=10993"}],"wp:term":[{"taxonomy":"product_cat","embeddable":true,"href":"https:\/\/www.blogseite.com\/geschenke\/wp-json\/wp\/v2\/product_cat?post=10993"},{"taxonomy":"product_tag","embeddable":true,"href":"https:\/\/www.blogseite.com\/geschenke\/wp-json\/wp\/v2\/product_tag?post=10993"}],"curies":[{"name":"wp","href":"https:\/\/api.w.org\/{rel}","templated":true}]}}