{"id":10990,"date":"2024-11-03T15:21:57","date_gmt":"2024-11-03T14:21:57","guid":{"rendered":"https:\/\/www.blogseite.com\/geschenke\/s\/ocoopa-handwaermer-elektrisch-10000-mah-split-magnetic-2er-pack-4-heizmodi-schnelleres-aufheizen-handwaermer-wiederverwendbar%ef%bc%8chandwaermer-usb-powerbank-fuer-outdoor-im-winter-ut2s-magtwin\/"},"modified":"2024-11-03T15:23:24","modified_gmt":"2024-11-03T14:23:24","slug":"ocoopa-handwaermer-elektrisch-10000-mah-split-magnetic-2er-pack-4-heizmodi-schnelleres-aufheizen-handwaermer-wiederverwendbar%ef%bc%8chandwaermer-usb-powerbank-fuer-outdoor-im-winter-ut2s-magtwin","status":"publish","type":"product","link":"https:\/\/www.blogseite.com\/geschenke\/s\/ocoopa-handwaermer-elektrisch-10000-mah-split-magnetic-2er-pack-4-heizmodi-schnelleres-aufheizen-handwaermer-wiederverwendbar%ef%bc%8chandwaermer-usb-powerbank-fuer-outdoor-im-winter-ut2s-magtwin\/","title":{"rendered":"OCOOPA handw\u00e4rmer elektrisch, 10000 mAh"},"content":{"rendered":"<div id=\"feature-bullets\" class=\"a-section a-spacing-medium a-spacing-top-small\">\n<hr \/>\n<h1 class=\"a-size-base-plus a-text-bold\">Info zu diesem Artikel<\/h1>\n<ul class=\"a-unordered-list a-vertical a-spacing-mini\">\n<li class=\"a-spacing-mini\"><span class=\"a-list-item\"> Einfaches Aufstecken. Magnetische Anziehung, Jenseits der Vorstellungskraft. Magische magnetische Anziehungskraft sorgt daf\u00fcr, dass die Zwillinge Handw\u00e4rmer aneinander befestigt und bei Bedarf leicht zu trennen sind. Stecken Sie diese in die Taschen, halten Sie einen in jeder Hand, teilen Sie einen mit Ihrer Familie oder kombinieren Sie die beiden, um einen handtellergro\u00dfen Handw\u00e4rmer zu erhalten. <\/span><\/li>\n<li class=\"a-spacing-mini\"><span class=\"a-list-item\"> Schnelle W\u00e4rmeabgabe. Eine einfache Taste. Mit einer um 20% erh\u00f6hten Leistungsdichte erzeugt MagTwins in Sekundenschnelle eine enorme Hitze. Das extrem haltbare, glatte und hochwertige Geh\u00e4use aus geb\u00fcrstetem Aluminium sorgt f\u00fcr eine gleichm\u00e4\u00dfige W\u00e4rmeverteilung. <\/span><\/li>\n<li class=\"a-spacing-mini\"><span class=\"a-list-item\"> Ultimative W\u00e4rmeerlebnisse. Ergonomisch komfortabel. \u00c4sthetisch ansprechend. MagTwins bietet 4 Heizstufen von angenehm warm bis 137\u2109\/58\u2103 hei\u00df. W\u00e4hle die f\u00fcr dich angenehmste W\u00e4rme aus. Wir erleichtern dir die Bedienung, indem wir die beim letzten Mal eingestellte Heizstufe speichern und sie beim n\u00e4chsten Gebrauch automatisch aktivieren. <\/span><\/li>\n<li class=\"a-spacing-mini\"><span class=\"a-list-item\"> Langanhaltende W\u00e4rme. Zweifacher Nutzen. Jedes MagTwins-Ger\u00e4t ist mit einem wiederaufladbaren 5000-mAh-Akku ausgestattet, der auf niedriger Stufe eine Laufzeit von mehr als 8 Stunden bietet oder Ihr Telefon bei voller Kapazit\u00e4t bis zu 1,5 Mal aufladen kann. <\/span><\/li>\n<li class=\"a-spacing-mini\"><span class=\"a-list-item\"> F\u00fcr die Ewigkeit gebaut. Wir haben die Details optimiert: Die Gummischutzabdeckungen sch\u00fctzen die Ladeanschl\u00fcsse vor Staub und Schmutz aus der Tasche. MagTwins ist ein ideales Geschenk f\u00fcr Menschen, die Golf, Camping, Jagen, Wandern und andere Outdoor-Aktivit\u00e4ten lieben.<\/span><\/li>\n<\/ul>\n<\/div>\n","protected":false},"excerpt":{"rendered":"<p>Info zu diesem Artikel Einfaches Aufstecken. Magnetische Anziehung, Jenseits der Vorstellungskraft. Magische magnetische Anziehungskraft sorgt daf\u00fcr, dass die Zwillinge Handw\u00e4rmer aneinander befestigt und bei Bedarf leicht zu trennen sind. Stecken Sie diese in die Taschen, halten Sie einen in jeder Hand, teilen Sie einen mit Ihrer Familie oder kombinieren Sie die beiden, um einen handtellergro\u00dfen [&hellip;]<\/p>\n","protected":false},"featured_media":10989,"comment_status":"open","ping_status":"closed","template":"","meta":[],"product_cat":[78,103,74,110,116,63],"product_tag":[],"class_list":{"0":"post-10990","1":"product","2":"type-product","3":"status-publish","4":"has-post-thumbnail","6":"product_cat-weihnachtsgeschenke","7":"product_cat-studenten","8":"product_cat-bester-freund","9":"product_cat-freund","10":"product_cat-frauen","11":"product_cat-mutter","13":"first","14":"instock","15":"shipping-taxable","16":"product-type-external"},"_links":{"self":[{"href":"https:\/\/www.blogseite.com\/geschenke\/wp-json\/wp\/v2\/product\/10990"}],"collection":[{"href":"https:\/\/www.blogseite.com\/geschenke\/wp-json\/wp\/v2\/product"}],"about":[{"href":"https:\/\/www.blogseite.com\/geschenke\/wp-json\/wp\/v2\/types\/product"}],"replies":[{"embeddable":true,"href":"https:\/\/www.blogseite.com\/geschenke\/wp-json\/wp\/v2\/comments?post=10990"}],"wp:featuredmedia":[{"embeddable":true,"href":"https:\/\/www.blogseite.com\/geschenke\/wp-json\/wp\/v2\/media\/10989"}],"wp:attachment":[{"href":"https:\/\/www.blogseite.com\/geschenke\/wp-json\/wp\/v2\/media?parent=10990"}],"wp:term":[{"taxonomy":"product_cat","embeddable":true,"href":"https:\/\/www.blogseite.com\/geschenke\/wp-json\/wp\/v2\/product_cat?post=10990"},{"taxonomy":"product_tag","embeddable":true,"href":"https:\/\/www.blogseite.com\/geschenke\/wp-json\/wp\/v2\/product_tag?post=10990"}],"curies":[{"name":"wp","href":"https:\/\/api.w.org\/{rel}","templated":true}]}}