{"id":10984,"date":"2024-11-03T13:56:55","date_gmt":"2024-11-03T12:56:55","guid":{"rendered":"https:\/\/www.blogseite.com\/geschenke\/s\/roborock-q7-max-saugroboter-mit-absaugstation-vollgummibuerste-4200pa-saugkraft-staubsauger-wischroboter-precisense-lidar-navigation-3d-mapping-teppiche-tierhaare-app-alexa-schwarz\/"},"modified":"2024-11-03T14:00:56","modified_gmt":"2024-11-03T13:00:56","slug":"roborock-q7-max-saugroboter-mit-absaugstation-vollgummibuerste-4200pa-saugkraft-staubsauger-wischroboter-precisense-lidar-navigation-3d-mapping-teppiche-tierhaare-app-alexa-schwarz","status":"publish","type":"product","link":"https:\/\/www.blogseite.com\/geschenke\/s\/roborock-q7-max-saugroboter-mit-absaugstation-vollgummibuerste-4200pa-saugkraft-staubsauger-wischroboter-precisense-lidar-navigation-3d-mapping-teppiche-tierhaare-app-alexa-schwarz\/","title":{"rendered":"roborock Q7 Max+ Saugroboter mit Absaugstation, Vollgummib\u00fcrste,"},"content":{"rendered":"<div id=\"feature-bullets\" class=\"a-section a-spacing-medium a-spacing-top-small\">\n<hr \/>\n<h1 class=\"a-size-base-plus a-text-bold\">Info zu diesem Artikel<\/h1>\n<ul class=\"a-unordered-list a-vertical a-spacing-mini\">\n<li class=\"a-spacing-mini\"><span class=\"a-list-item\"> Starke Saugkraft &#8211; Mit einer maximalen Saugkraft von 4200Pa k\u00f6nnen Sie den Schmutz aus den Teppichen und die Verschmutzungen in den Ritzen der Dielen entfernen. <\/span><\/li>\n<li class=\"a-spacing-mini\"><span class=\"a-list-item\"> Dauerhafte Schmutzentfernung &#8211; Die langlebige Vollgummib\u00fcrste w\u00fchlt Teppiche kraftvoll auf, um mehr Schmutz zu l\u00f6sen, wirbelt Staub in den Saugstrom und widersteht stark verfilzten Haaren. Sie ist in der Lage, sich \u00fcber mehrere Scheiben zu bewegen und bleibt nah am Boden, um eine effektivere Reinigung zu erm\u00f6glichen. <\/span><\/li>\n<li class=\"a-spacing-mini\"><span class=\"a-list-item\"> Kombinierter Staubbeh\u00e4lter und Wassertank &#8211; Die Kombination von Staubbeh\u00e4lter und Wassertank in einem Ger\u00e4t erh\u00f6ht die Kapazit\u00e4t beider Beh\u00e4lter und erleichtert das Entleeren des Beh\u00e4lters und das Nachf\u00fcllen des Tanks in einem Arbeitsgang. <\/span><\/li>\n<li class=\"a-spacing-mini\"><span class=\"a-list-item\"> 7 Wochen ohne Leerung &#8211; Mit dem Auto-Empty Dock Pure reinigen Sie oft und leeren selten. Es entleert Ihren Roboter bei jeder Reinigung automatisch in seinen 2,5-Liter-Staubsaugerbeutel, und das bis zu 7 Wochen lang. Wenn der Beutel voll ist, kann er in Sekundenschnelle ausgetauscht werden. <\/span><\/li>\n<li class=\"a-spacing-mini\"><span class=\"a-list-item\"> PreciSense-LiDAR-Navigation &amp; 3D Mapping &#8211; F\u00fchrt einen Scan aus und erstellt detaillierte Karten, um eine optimale Route f\u00fcr die Reinigung deines Zuhauses zu finden, damit der Schmutz keine Chance hat. Saugroboter erstelle ein virtuelles Modell deines Hauses, um dank einer besonders detaillierten Karte dein Zuhause optimal reinigen zu k\u00f6nnen. <\/span><\/li>\n<li class=\"a-spacing-mini\"><span class=\"a-list-item\"> 2 Jahres Garantie &#8211; Wir bieten eine 2-Jahres-Garantie auf die roborock Saugroboter, wenn Sie also Fragen haben, k\u00f6nnen Sie sich an unseren Kundendienst wenden. Hinweis: 2.4-GHz- WLAN f\u00fcr App-Verbindung erforderlich. <\/span><\/li>\n<\/ul>\n<p><!-- Loading EDP related metadata --><\/p>\n<\/div>\n","protected":false},"excerpt":{"rendered":"<p>Info zu diesem Artikel Starke Saugkraft &#8211; Mit einer maximalen Saugkraft von 4200Pa k\u00f6nnen Sie den Schmutz aus den Teppichen und die Verschmutzungen in den Ritzen der Dielen entfernen. Dauerhafte Schmutzentfernung &#8211; Die langlebige Vollgummib\u00fcrste w\u00fchlt Teppiche kraftvoll auf, um mehr Schmutz zu l\u00f6sen, wirbelt Staub in den Saugstrom und widersteht stark verfilzten Haaren. Sie [&hellip;]<\/p>\n","protected":false},"featured_media":10983,"comment_status":"open","ping_status":"closed","template":"","meta":[],"product_cat":[78],"product_tag":[],"class_list":{"0":"post-10984","1":"product","2":"type-product","3":"status-publish","4":"has-post-thumbnail","6":"product_cat-weihnachtsgeschenke","8":"first","9":"instock","10":"shipping-taxable","11":"product-type-external"},"_links":{"self":[{"href":"https:\/\/www.blogseite.com\/geschenke\/wp-json\/wp\/v2\/product\/10984"}],"collection":[{"href":"https:\/\/www.blogseite.com\/geschenke\/wp-json\/wp\/v2\/product"}],"about":[{"href":"https:\/\/www.blogseite.com\/geschenke\/wp-json\/wp\/v2\/types\/product"}],"replies":[{"embeddable":true,"href":"https:\/\/www.blogseite.com\/geschenke\/wp-json\/wp\/v2\/comments?post=10984"}],"wp:featuredmedia":[{"embeddable":true,"href":"https:\/\/www.blogseite.com\/geschenke\/wp-json\/wp\/v2\/media\/10983"}],"wp:attachment":[{"href":"https:\/\/www.blogseite.com\/geschenke\/wp-json\/wp\/v2\/media?parent=10984"}],"wp:term":[{"taxonomy":"product_cat","embeddable":true,"href":"https:\/\/www.blogseite.com\/geschenke\/wp-json\/wp\/v2\/product_cat?post=10984"},{"taxonomy":"product_tag","embeddable":true,"href":"https:\/\/www.blogseite.com\/geschenke\/wp-json\/wp\/v2\/product_tag?post=10984"}],"curies":[{"name":"wp","href":"https:\/\/api.w.org\/{rel}","templated":true}]}}