{"id":10968,"date":"2024-11-01T19:14:04","date_gmt":"2024-11-01T18:14:04","guid":{"rendered":"https:\/\/www.blogseite.com\/geschenke\/s\/stikki-reinigungsknete-fuer-handy-smartphone-kopfhoerer-uvm-professionelles-reinigungsset-inkl-multifunktionsbuersten\/"},"modified":"2024-11-01T19:15:34","modified_gmt":"2024-11-01T18:15:34","slug":"stikki-reinigungsknete-fuer-handy-smartphone-kopfhoerer-uvm-professionelles-reinigungsset-inkl-multifunktionsbuersten","status":"publish","type":"product","link":"https:\/\/www.blogseite.com\/geschenke\/s\/stikki-reinigungsknete-fuer-handy-smartphone-kopfhoerer-uvm-professionelles-reinigungsset-inkl-multifunktionsbuersten\/","title":{"rendered":"STIKKI Reinigungsknete f\u00fcr Handy, Smartphone, Kopfh\u00f6rer"},"content":{"rendered":"<div id=\"feature-bullets\" class=\"a-section a-spacing-medium a-spacing-top-small\">\n<ul class=\"a-unordered-list a-vertical a-spacing-mini\">\n<li class=\"a-spacing-mini\"><span class=\"a-list-item\"> Typenreiniger neu definiert \u2013 Du hast geh\u00f6rt man soll Typenreiniger zur Reinigung von Handy, Smartphone oder Kopfh\u00f6rer nutzen? Typenreiniger war gestern. Daf\u00fcr gibt es heute die STIKKI Reinigungsknete <\/span><\/li>\n<li class=\"a-spacing-mini\"><span class=\"a-list-item\"> Mehr Tools brauchst du nicht \u2013 Unsere ergiebige STIKKI Reinigungsknete erm\u00f6glicht dir mindestens 96 Anwendungen und unsere hochwertigen Reinigungsb\u00fcrsten kannst du jederzeit wiederverwenden <\/span><\/li>\n<li class=\"a-spacing-mini\"><span class=\"a-list-item\"> Kommt \u00fcberall hin \u2013 Mit diesem Reinigungsset reinigst du bspw. die schwer erreichbaren und fest verbauten Gitter an Mikrofon, Lautsprecher oder H\u00f6rschmuschel, wie sie bspw. bei iPhones oder Airpods zu finden sind <\/span><\/li>\n<li class=\"a-spacing-mini\"><span class=\"a-list-item\"> Das Wichtigste Gadget \u2013 Staubschutz Stecker und Co sind hilfreiche Handy Gadgets, aber nicht mehr notwendig. Mit unserem Werkzeug lassen sich bspw. Lightning oder USB-C Ladebuchsen problemlos von Staub befreien <\/span><\/li>\n<li class=\"a-spacing-mini\"><span class=\"a-list-item\"> Dermatologisch getestet \u2013 Nach dem Gebrauch kannst du STIKKI problemlos im Hausm\u00fcll entsorgen. STIKKI ist ungiftig und dermatologisch getestet<\/span><\/li>\n<\/ul>\n<\/div>\n","protected":false},"excerpt":{"rendered":"<p>Typenreiniger neu definiert \u2013 Du hast geh\u00f6rt man soll Typenreiniger zur Reinigung von Handy, Smartphone oder Kopfh\u00f6rer nutzen? Typenreiniger war gestern. Daf\u00fcr gibt es heute die STIKKI Reinigungsknete Mehr Tools brauchst du nicht \u2013 Unsere ergiebige STIKKI Reinigungsknete erm\u00f6glicht dir mindestens 96 Anwendungen und unsere hochwertigen Reinigungsb\u00fcrsten kannst du jederzeit wiederverwenden Kommt \u00fcberall hin \u2013 [&hellip;]<\/p>\n","protected":false},"featured_media":10967,"comment_status":"open","ping_status":"closed","template":"","meta":[],"product_cat":[103,74,110],"product_tag":[],"class_list":{"0":"post-10968","1":"product","2":"type-product","3":"status-publish","4":"has-post-thumbnail","6":"product_cat-studenten","7":"product_cat-bester-freund","8":"product_cat-freund","10":"first","11":"instock","12":"shipping-taxable","13":"product-type-external"},"_links":{"self":[{"href":"https:\/\/www.blogseite.com\/geschenke\/wp-json\/wp\/v2\/product\/10968"}],"collection":[{"href":"https:\/\/www.blogseite.com\/geschenke\/wp-json\/wp\/v2\/product"}],"about":[{"href":"https:\/\/www.blogseite.com\/geschenke\/wp-json\/wp\/v2\/types\/product"}],"replies":[{"embeddable":true,"href":"https:\/\/www.blogseite.com\/geschenke\/wp-json\/wp\/v2\/comments?post=10968"}],"wp:featuredmedia":[{"embeddable":true,"href":"https:\/\/www.blogseite.com\/geschenke\/wp-json\/wp\/v2\/media\/10967"}],"wp:attachment":[{"href":"https:\/\/www.blogseite.com\/geschenke\/wp-json\/wp\/v2\/media?parent=10968"}],"wp:term":[{"taxonomy":"product_cat","embeddable":true,"href":"https:\/\/www.blogseite.com\/geschenke\/wp-json\/wp\/v2\/product_cat?post=10968"},{"taxonomy":"product_tag","embeddable":true,"href":"https:\/\/www.blogseite.com\/geschenke\/wp-json\/wp\/v2\/product_tag?post=10968"}],"curies":[{"name":"wp","href":"https:\/\/api.w.org\/{rel}","templated":true}]}}