{"id":10957,"date":"2024-11-01T14:57:16","date_gmt":"2024-11-01T13:57:16","guid":{"rendered":"https:\/\/www.blogseite.com\/geschenke\/s\/mini-brands-77493-books-single-capsule-buecher-ueberraschungskapsel-serie-1\/"},"modified":"2024-11-01T14:58:52","modified_gmt":"2024-11-01T13:58:52","slug":"mini-brands-77493-books-single-capsule-buecher-ueberraschungskapsel-serie-1","status":"publish","type":"product","link":"https:\/\/www.blogseite.com\/geschenke\/s\/mini-brands-77493-books-single-capsule-buecher-ueberraschungskapsel-serie-1\/","title":{"rendered":"Mini Brands B\u00fccher \u00dcberraschungskapsel, Serie 1"},"content":{"rendered":"<div id=\"feature-bullets\" class=\"a-section a-spacing-medium a-spacing-top-small\">\n<hr \/>\n<h1 class=\"a-size-base-plus a-text-bold\">Info zu diesem Artikel<\/h1>\n<ul class=\"a-unordered-list a-vertical a-spacing-mini\">\n<li class=\"a-spacing-mini\"><span class=\"a-list-item\"> Mini-B\u00fccher: Sie werden von den winzigen Details Ihrer Lieblingsb\u00fccher im Miniformat mit wirklich lesbaren Seiten \u00fcberw\u00e4ltigt sein <\/span><\/li>\n<li class=\"a-spacing-mini\"><span class=\"a-list-item\"> 40+ Minis: Es gibt \u00fcber 40 ikonische Minis zum Sammeln <\/span><\/li>\n<li class=\"a-spacing-mini\"><span class=\"a-list-item\"> Mini-Marken: Entdecken Sie ikonische B\u00fccher wie It Starts With Us von Colleen Hoover, Klassiker wie Alice&#8217;s Adventures in Wonderland und gruselige Lesungen aus der Goosebumps-Serie <\/span><\/li>\n<\/ul>\n<p><!-- Loading EDP related metadata --><br \/>\n<a id=\"seeMoreDetailsLink\" class=\"a-link-normal\" href=\"#productDetails\"><\/a><\/p>\n<\/div>\n","protected":false},"excerpt":{"rendered":"<p>Info zu diesem Artikel Mini-B\u00fccher: Sie werden von den winzigen Details Ihrer Lieblingsb\u00fccher im Miniformat mit wirklich lesbaren Seiten \u00fcberw\u00e4ltigt sein 40+ Minis: Es gibt \u00fcber 40 ikonische Minis zum Sammeln Mini-Marken: Entdecken Sie ikonische B\u00fccher wie It Starts With Us von Colleen Hoover, Klassiker wie Alice&#8217;s Adventures in Wonderland und gruselige Lesungen aus der [&hellip;]<\/p>\n","protected":false},"featured_media":10956,"comment_status":"open","ping_status":"closed","template":"","meta":[],"product_cat":[78,70,297,64],"product_tag":[],"class_list":{"0":"post-10957","1":"product","2":"type-product","3":"status-publish","4":"has-post-thumbnail","6":"product_cat-weihnachtsgeschenke","7":"product_cat-geschenke-fuer-jeden-anlass","8":"product_cat--maedchen","9":"product_cat-vater","11":"first","12":"instock","13":"shipping-taxable","14":"product-type-external"},"_links":{"self":[{"href":"https:\/\/www.blogseite.com\/geschenke\/wp-json\/wp\/v2\/product\/10957"}],"collection":[{"href":"https:\/\/www.blogseite.com\/geschenke\/wp-json\/wp\/v2\/product"}],"about":[{"href":"https:\/\/www.blogseite.com\/geschenke\/wp-json\/wp\/v2\/types\/product"}],"replies":[{"embeddable":true,"href":"https:\/\/www.blogseite.com\/geschenke\/wp-json\/wp\/v2\/comments?post=10957"}],"wp:featuredmedia":[{"embeddable":true,"href":"https:\/\/www.blogseite.com\/geschenke\/wp-json\/wp\/v2\/media\/10956"}],"wp:attachment":[{"href":"https:\/\/www.blogseite.com\/geschenke\/wp-json\/wp\/v2\/media?parent=10957"}],"wp:term":[{"taxonomy":"product_cat","embeddable":true,"href":"https:\/\/www.blogseite.com\/geschenke\/wp-json\/wp\/v2\/product_cat?post=10957"},{"taxonomy":"product_tag","embeddable":true,"href":"https:\/\/www.blogseite.com\/geschenke\/wp-json\/wp\/v2\/product_tag?post=10957"}],"curies":[{"name":"wp","href":"https:\/\/api.w.org\/{rel}","templated":true}]}}