{"id":10934,"date":"2024-11-01T11:28:38","date_gmt":"2024-11-01T10:28:38","guid":{"rendered":"https:\/\/www.blogseite.com\/geschenke\/s\/teampd-leselampe-buch-klemme-buchlampe-mit-10-leds-3-farbtemperatur-modi-dimmbare-helligkeit-augenschutz-klemmlampe-usb-wiederaufladbare-klemmleuchte-360-flexibel-fuer-nachtlesen-ins-bett\/"},"modified":"2024-11-01T11:30:26","modified_gmt":"2024-11-01T10:30:26","slug":"teampd-leselampe-buch-klemme-buchlampe-mit-10-leds-3-farbtemperatur-modi-dimmbare-helligkeit-augenschutz-klemmlampe-usb-wiederaufladbare-klemmleuchte-360-flexibel-fuer-nachtlesen-ins-bett","status":"publish","type":"product","link":"https:\/\/www.blogseite.com\/geschenke\/s\/teampd-leselampe-buch-klemme-buchlampe-mit-10-leds-3-farbtemperatur-modi-dimmbare-helligkeit-augenschutz-klemmlampe-usb-wiederaufladbare-klemmleuchte-360-flexibel-fuer-nachtlesen-ins-bett\/","title":{"rendered":"Leselampe Buch Klemme, Buchlampe mit 10 LEDs, 3 Farbtemperatur"},"content":{"rendered":"<div id=\"feature-bullets\" class=\"a-section a-spacing-medium a-spacing-top-small\">\n<hr \/>\n<h1 class=\"a-size-base-plus a-text-bold\">Info zu diesem Artikel<\/h1>\n<ul class=\"a-unordered-list a-vertical a-spacing-mini\">\n<li class=\"a-spacing-mini\"><span class=\"a-list-item\"> \ud83d\udca1\u30103 Farbtemperatur &amp; Dimmbare\u3011Das Leselampe hat 3 Farbtemperaturmodi (Kaltwei\u00df, Warmwei\u00df und Mischwei\u00df), kein Flimmern, kein Schatten, keine Blendung. Langes Dr\u00fccken der Taste regelt die Lichthelligkeit von 100-10%, um unterschiedliche Leseumgebungen zu ber\u00fccksichtigen. <\/span><\/li>\n<li class=\"a-spacing-mini\"><span class=\"a-list-item\"> \ud83d\udca1\u301010 LEDs &amp; Augenschutz\u3011Die USB leselampe buch gibt ein nat\u00fcrliches und flimmerfreies Licht ab, das Ihre Augen nicht belastet. Verwenden sie dieses leselampe buch klemme, um ihre lesezeit zu genie\u00dfen, ohne ihren partner oder mitbewohner zu st\u00f6ren. <\/span><\/li>\n<li class=\"a-spacing-mini\"><span class=\"a-list-item\"> \ud83d\udca1\u3010USB Wiederaufladbare Klemmlampe\u3011USB leselampe LED verf\u00fcgt \u00fcber einen eingebauten 600-mAh-Akku und Micro-USB-Anschluss, mit dem sie 5 Stunden bei hoher Helligkeit und 12 Stunden bei niedriger Helligkeit kontinuierlich leuchten kann nach eine Ladezeit von nur 2.5 Stunden, sodass man eine l\u00e4ngere kabellose Lesezeit genie\u00dfen kann. <\/span><\/li>\n<li class=\"a-spacing-mini\"><span class=\"a-list-item\"> \ud83d\udca1\u3010360\u00b0 Flexibler Silikon-Schwanenhals\u3011Das Buch Leselampe ist mit einem weichen und um 360\u00b0 flexiblen Schwanenhals ausgestattet, die Anpassung der Beleuchtungsrichtung an Ihren Arbeitsplatz. Die klemm leselampe hat eine leichte Mini-Gr\u00f6\u00dfe und ein Design f\u00fcr einfachen Transport. Hinweis: Bitte rei\u00dfen Sie w\u00e4hrend des Gebrauchs die Schutzfolie am Clip ab, damit Sie bei der Verwendung stabiler sind. <\/span><\/li>\n<li class=\"a-spacing-mini\"><span class=\"a-list-item\"> \ud83d\udca1\u3010Nach Dem Verkauf\u3011CE &amp; ROHS Sicherheit zertifiziert; Perfekt zum Lesen, Malen, Tagebuchschreiben, Notenst\u00e4nder und Camping sowie als Computerbeleuchtung. Wenn Sie irgendwelche Frage \u00fcber diesen LED leselampe klemmleuchte, kontaktieren Sie unseren Kundenservice bitte direkt,Wir werden das problem f\u00fcr sie l\u00f6sen. <\/span><\/li>\n<\/ul>\n<p><!-- Loading EDP related metadata --><br \/>\n<span class=\"caretnext\">\u203a<\/span> <a id=\"seeMoreDetailsLink\" class=\"a-link-normal\" href=\"#productDetails\"> Weitere Produktdetails <\/a><\/p>\n<\/div>\n","protected":false},"excerpt":{"rendered":"<p>Info zu diesem Artikel \ud83d\udca1\u30103 Farbtemperatur &amp; Dimmbare\u3011Das Leselampe hat 3 Farbtemperaturmodi (Kaltwei\u00df, Warmwei\u00df und Mischwei\u00df), kein Flimmern, kein Schatten, keine Blendung. Langes Dr\u00fccken der Taste regelt die Lichthelligkeit von 100-10%, um unterschiedliche Leseumgebungen zu ber\u00fccksichtigen. \ud83d\udca1\u301010 LEDs &amp; Augenschutz\u3011Die USB leselampe buch gibt ein nat\u00fcrliches und flimmerfreies Licht ab, das Ihre Augen nicht belastet. [&hellip;]<\/p>\n","protected":false},"featured_media":10933,"comment_status":"open","ping_status":"closed","template":"","meta":[],"product_cat":[45,108,57,73,1118,293,301,292,300,302,298,64],"product_tag":[],"class_list":{"0":"post-10934","1":"product","2":"type-product","3":"status-publish","4":"has-post-thumbnail","6":"product_cat-freundin","7":"product_cat-maenner","8":"product_cat-oma","9":"product_cat-beste-freundin","10":"product_cat--freundin","11":"product_cat-geschenk-fuer-bruder","12":"product_cat-eltern","13":"product_cat-sohn","14":"product_cat--kollege","15":"product_cat--jungen","16":"product_cat--ehefrau","17":"product_cat-vater","19":"first","20":"instock","21":"shipping-taxable","22":"product-type-external"},"_links":{"self":[{"href":"https:\/\/www.blogseite.com\/geschenke\/wp-json\/wp\/v2\/product\/10934"}],"collection":[{"href":"https:\/\/www.blogseite.com\/geschenke\/wp-json\/wp\/v2\/product"}],"about":[{"href":"https:\/\/www.blogseite.com\/geschenke\/wp-json\/wp\/v2\/types\/product"}],"replies":[{"embeddable":true,"href":"https:\/\/www.blogseite.com\/geschenke\/wp-json\/wp\/v2\/comments?post=10934"}],"wp:featuredmedia":[{"embeddable":true,"href":"https:\/\/www.blogseite.com\/geschenke\/wp-json\/wp\/v2\/media\/10933"}],"wp:attachment":[{"href":"https:\/\/www.blogseite.com\/geschenke\/wp-json\/wp\/v2\/media?parent=10934"}],"wp:term":[{"taxonomy":"product_cat","embeddable":true,"href":"https:\/\/www.blogseite.com\/geschenke\/wp-json\/wp\/v2\/product_cat?post=10934"},{"taxonomy":"product_tag","embeddable":true,"href":"https:\/\/www.blogseite.com\/geschenke\/wp-json\/wp\/v2\/product_tag?post=10934"}],"curies":[{"name":"wp","href":"https:\/\/api.w.org\/{rel}","templated":true}]}}