{"id":10908,"date":"2024-10-31T16:15:27","date_gmt":"2024-10-31T15:15:27","guid":{"rendered":"https:\/\/www.blogseite.com\/geschenke\/s\/thoughtfully-hot-sauce-geschenkset-probierset-mit-30-verschiedenen-scharfen-saucen-weltweit-inspiriert\/"},"modified":"2024-10-31T16:18:04","modified_gmt":"2024-10-31T15:18:04","slug":"thoughtfully-hot-sauce-geschenkset-probierset-mit-30-verschiedenen-scharfen-saucen-weltweit-inspiriert","status":"publish","type":"product","link":"https:\/\/www.blogseite.com\/geschenke\/s\/thoughtfully-hot-sauce-geschenkset-probierset-mit-30-verschiedenen-scharfen-saucen-weltweit-inspiriert\/","title":{"rendered":"Thoughtfully &#8211; Hot Sauce Geschenkset &#8211; Probierset Mit 30 Verschiedenen Scharfen Saucen"},"content":{"rendered":"<div id=\"feature-bullets\" class=\"a-section a-spacing-medium a-spacing-top-small\">\n<hr \/>\n<h1 class=\"a-size-base-plus a-text-bold\">Info zu diesem Artikel<\/h1>\n<ul class=\"a-unordered-list a-vertical a-spacing-mini\">\n<li class=\"a-spacing-mini\"><span class=\"a-list-item\"><strong> PROBIERSET<\/strong>: Das Set besteht aus 30 verschiedenen, individuell gestalteten Fl\u00e4schchen mit scharfen Chilisaucen in einer ansprechenden Verpackung <\/span><\/li>\n<li class=\"a-spacing-mini\"><span class=\"a-list-item\"> INTERNATIONAL: Die unterschiedlichen pikanten Saucen sind inspiriert von den Geschm\u00e4ckern der Welt und sorgen garantiert f\u00fcr Abwechslung &#8211; Perfekt f\u00fcr alle, die es scharf m\u00f6gen! <\/span><\/li>\n<li class=\"a-spacing-mini\"><span class=\"a-list-item\"><strong> INHALT:<\/strong> Das Probierpaket beinhaltet 30 kleine Fl\u00e4schchen \u00e1 20 ml, jede gef\u00fcllt mit einer anderen Hot Sauce. Von Texas Smoky Chipotle Sauce \u00fcber Hawaiian Lava Flow Hot Sauce bis Argentina Style Sauce ist f\u00fcr jeden Geschmack etwas dabei <\/span><\/li>\n<li class=\"a-spacing-mini\"><span class=\"a-list-item\"><strong> VERWENDUNG:<\/strong> Die unterschiedlichen Saucen k\u00f6nnen f\u00fcr den besonders scharfen Genuss nach Belieben zum Ausprobieren, Experimentieren, Dippen und Kombinieren verwendet werden <\/span><\/li>\n<li class=\"a-spacing-mini\"><span class=\"a-list-item\"><strong> GESCHENKIDEE:<\/strong> Das Saucen-Set ist das perfekte Geschenk f\u00fcr alle Fans von scharfem Essen. Ob zum Geburtstag, Vatertag, Muttertag, Weihnachten oder einfach zwischendurch, die Saucen-Auswahl wird f\u00fcr gelungene Abwechslung sorgen<\/span><\/li>\n<\/ul>\n<\/div>\n","protected":false},"excerpt":{"rendered":"<p>Info zu diesem Artikel PROBIERSET: Das Set besteht aus 30 verschiedenen, individuell gestalteten Fl\u00e4schchen mit scharfen Chilisaucen in einer ansprechenden Verpackung INTERNATIONAL: Die unterschiedlichen pikanten Saucen sind inspiriert von den Geschm\u00e4ckern der Welt und sorgen garantiert f\u00fcr Abwechslung &#8211; Perfekt f\u00fcr alle, die es scharf m\u00f6gen! INHALT: Das Probierpaket beinhaltet 30 kleine Fl\u00e4schchen \u00e1 20 [&hellip;]<\/p>\n","protected":false},"featured_media":10907,"comment_status":"open","ping_status":"closed","template":"","meta":[],"product_cat":[814,103,74,110,54,108,73,1118],"product_tag":[],"class_list":{"0":"post-10908","1":"product","2":"type-product","3":"status-publish","4":"has-post-thumbnail","6":"product_cat-zuhause","7":"product_cat-studenten","8":"product_cat-bester-freund","9":"product_cat-freund","10":"product_cat-vatertag","11":"product_cat-maenner","12":"product_cat-beste-freundin","13":"product_cat--freundin","15":"first","16":"instock","17":"shipping-taxable","18":"product-type-external"},"_links":{"self":[{"href":"https:\/\/www.blogseite.com\/geschenke\/wp-json\/wp\/v2\/product\/10908"}],"collection":[{"href":"https:\/\/www.blogseite.com\/geschenke\/wp-json\/wp\/v2\/product"}],"about":[{"href":"https:\/\/www.blogseite.com\/geschenke\/wp-json\/wp\/v2\/types\/product"}],"replies":[{"embeddable":true,"href":"https:\/\/www.blogseite.com\/geschenke\/wp-json\/wp\/v2\/comments?post=10908"}],"wp:featuredmedia":[{"embeddable":true,"href":"https:\/\/www.blogseite.com\/geschenke\/wp-json\/wp\/v2\/media\/10907"}],"wp:attachment":[{"href":"https:\/\/www.blogseite.com\/geschenke\/wp-json\/wp\/v2\/media?parent=10908"}],"wp:term":[{"taxonomy":"product_cat","embeddable":true,"href":"https:\/\/www.blogseite.com\/geschenke\/wp-json\/wp\/v2\/product_cat?post=10908"},{"taxonomy":"product_tag","embeddable":true,"href":"https:\/\/www.blogseite.com\/geschenke\/wp-json\/wp\/v2\/product_tag?post=10908"}],"curies":[{"name":"wp","href":"https:\/\/api.w.org\/{rel}","templated":true}]}}