{"id":10900,"date":"2024-10-31T15:53:47","date_gmt":"2024-10-31T14:53:47","guid":{"rendered":"https:\/\/www.blogseite.com\/geschenke\/s\/mossy-oak-multifunktionszange21-in-1-multi-tool-multifunktion-mit-zange-klappmesser-faltbares-mulitool-camping-wandern-repariereninkl-tragbare-tasche\/"},"modified":"2024-10-31T15:55:22","modified_gmt":"2024-10-31T14:55:22","slug":"mossy-oak-multifunktionszange21-in-1-multi-tool-multifunktion-mit-zange-klappmesser-faltbares-mulitool-camping-wandern-repariereninkl-tragbare-tasche","status":"publish","type":"product","link":"https:\/\/www.blogseite.com\/geschenke\/s\/mossy-oak-multifunktionszange21-in-1-multi-tool-multifunktion-mit-zange-klappmesser-faltbares-mulitool-camping-wandern-repariereninkl-tragbare-tasche\/","title":{"rendered":"Mossy Oak Multifunktionszange,21 in 1 Multi-Tool Multifunktion mit Zange"},"content":{"rendered":"<div id=\"feature-bullets\" class=\"a-section a-spacing-medium a-spacing-top-small\">\n<hr \/>\n<h1 class=\"a-size-base-plus a-text-bold\">Info zu diesem Artikel<\/h1>\n<ul class=\"a-unordered-list a-vertical a-spacing-mini\">\n<li class=\"a-spacing-mini\"><span class=\"a-list-item\"><strong> 21 IN 1 MULTI-ZANGE<\/strong> &#8211; Inkl Drahtschneider, Messer, Lineal, Feile, Schlitzschraubendreher, Bits, Philips Schraubendreher, Spitzzange, kleines Messer, Flaschen\u00f6ffner, Dosen\u00f6ffner, S\u00e4ge usw. (42a konforme) <\/span><\/li>\n<li class=\"a-spacing-mini\"><span class=\"a-list-item\"> HALTBAR &amp; SICHER &#8211; Hergestellt aus geh\u00e4rtetem Edelstahl, w\u00e4rmebehandelt, um ihn extrem hart zu machen. Hochwertige Technik und Verdickter Edelstahl bietet jahrelange zuverl\u00e4ssige Leistung. Wegen der Sicherheitsschl\u00f6\u00dfer kann jedes kleines Werkzeug befestiget werden, um das Verletzungsrisiko zu reduzieren. <\/span><\/li>\n<li class=\"a-spacing-mini\"><span class=\"a-list-item\"><strong> ERGONOMISCHER KLAPPGRIFF<\/strong>&#8211; Handle ist komfortabel zu bedienen.Einfaches und faltbares Design kann die Erm\u00fcdung der H\u00e4nde verringern. <\/span><\/li>\n<li class=\"a-spacing-mini\"><span class=\"a-list-item\"><strong> ROBUSTE OXFORD &#8211; TASCHE MIT G\u00dcRTELSCHLAUFE<\/strong> &#8211; Mossy Oak Multifunktionstool kommt auch mit einem kleinen Oxfordbeutel mit eine G\u00fcrtelschlaufe. Die robuste Oxford k\u00f6nnen Sie einfach am G\u00fcrtel befestigen und verliersicher und vor Schmutz gesch\u00fctzt. <\/span><\/li>\n<li class=\"a-spacing-mini\"><span class=\"a-list-item\"> LIEFERUNG &#8211; 1 x 21 in 1 Multi-zange (Gefaltete Gr\u00f6\u00dfe:150 x40 x20mm) ; 1 x Aufbewahrungstasche <\/span><\/li>\n<\/ul>\n<\/div>\n","protected":false},"excerpt":{"rendered":"<p>Info zu diesem Artikel 21 IN 1 MULTI-ZANGE &#8211; Inkl Drahtschneider, Messer, Lineal, Feile, Schlitzschraubendreher, Bits, Philips Schraubendreher, Spitzzange, kleines Messer, Flaschen\u00f6ffner, Dosen\u00f6ffner, S\u00e4ge usw. (42a konforme) HALTBAR &amp; SICHER &#8211; Hergestellt aus geh\u00e4rtetem Edelstahl, w\u00e4rmebehandelt, um ihn extrem hart zu machen. Hochwertige Technik und Verdickter Edelstahl bietet jahrelange zuverl\u00e4ssige Leistung. Wegen der Sicherheitsschl\u00f6\u00dfer kann [&hellip;]<\/p>\n","protected":false},"featured_media":10899,"comment_status":"open","ping_status":"closed","template":"","meta":[],"product_cat":[293,301,292,300,64],"product_tag":[],"class_list":{"0":"post-10900","1":"product","2":"type-product","3":"status-publish","4":"has-post-thumbnail","6":"product_cat-geschenk-fuer-bruder","7":"product_cat-eltern","8":"product_cat-sohn","9":"product_cat--kollege","10":"product_cat-vater","12":"first","13":"instock","14":"shipping-taxable","15":"product-type-external"},"_links":{"self":[{"href":"https:\/\/www.blogseite.com\/geschenke\/wp-json\/wp\/v2\/product\/10900"}],"collection":[{"href":"https:\/\/www.blogseite.com\/geschenke\/wp-json\/wp\/v2\/product"}],"about":[{"href":"https:\/\/www.blogseite.com\/geschenke\/wp-json\/wp\/v2\/types\/product"}],"replies":[{"embeddable":true,"href":"https:\/\/www.blogseite.com\/geschenke\/wp-json\/wp\/v2\/comments?post=10900"}],"wp:featuredmedia":[{"embeddable":true,"href":"https:\/\/www.blogseite.com\/geschenke\/wp-json\/wp\/v2\/media\/10899"}],"wp:attachment":[{"href":"https:\/\/www.blogseite.com\/geschenke\/wp-json\/wp\/v2\/media?parent=10900"}],"wp:term":[{"taxonomy":"product_cat","embeddable":true,"href":"https:\/\/www.blogseite.com\/geschenke\/wp-json\/wp\/v2\/product_cat?post=10900"},{"taxonomy":"product_tag","embeddable":true,"href":"https:\/\/www.blogseite.com\/geschenke\/wp-json\/wp\/v2\/product_tag?post=10900"}],"curies":[{"name":"wp","href":"https:\/\/api.w.org\/{rel}","templated":true}]}}