{"id":10897,"date":"2024-10-31T15:46:40","date_gmt":"2024-10-31T14:46:40","guid":{"rendered":"https:\/\/www.blogseite.com\/geschenke\/s\/ewa-mit-eva-reise-tragen-case-a106-pro-bluetooth-lautsprecher-wasserdicht-tragbarer-kabelloser-outdoor-mini-lautsprecher-starkem-bass-mit-bass-radiatoren-12-stunden-wiedergabe-schwarz\/"},"modified":"2024-10-31T15:50:48","modified_gmt":"2024-10-31T14:50:48","slug":"ewa-mit-eva-reise-tragen-case-a106-pro-bluetooth-lautsprecher-wasserdicht-tragbarer-kabelloser-outdoor-mini-lautsprecher-starkem-bass-mit-bass-radiatoren-12-stunden-wiedergabe-schwarz","status":"publish","type":"product","link":"https:\/\/www.blogseite.com\/geschenke\/s\/ewa-mit-eva-reise-tragen-case-a106-pro-bluetooth-lautsprecher-wasserdicht-tragbarer-kabelloser-outdoor-mini-lautsprecher-starkem-bass-mit-bass-radiatoren-12-stunden-wiedergabe-schwarz\/","title":{"rendered":"EWA mit Eva Reise Tragen Case, A106 Pro Bluetooth Lautsprecher Wasserdicht"},"content":{"rendered":"<div id=\"feature-bullets\" class=\"a-section a-spacing-medium a-spacing-top-small\">\n<hr \/>\n<h1 class=\"a-size-base-plus a-text-bold\">Info zu diesem Artikel<\/h1>\n<ul class=\"a-unordered-list a-vertical a-spacing-mini\">\n<li class=\"a-spacing-mini\"><span class=\"a-list-item\"><strong> BEEINDRUCKENDE LAUTST\u00c4RKE UND BASS<\/strong>: Der Mini-Lautsprecher A106 ist praktisch klein, kann aber durch einen leistungsstarken Treiber und einen passiven Subwoofer kristallklaren Klang mit beeindruckenden B\u00e4ssen und raumf\u00fcllender Lautst\u00e4rke erzeugen. Kleiner, aber leistungsstarker Bluetooth-Lautsprecher. Kabelloses Streaming von Musik oder Internetradio-Diensten wie Pandora und Spotify von Ihrem Smartphone, iPhone oder anderen Audioger\u00e4ten mit Bluetooth. <\/span><\/li>\n<li class=\"a-spacing-mini\"><span class=\"a-list-item\"><strong> IP67 Wasserdicht: Wasserfeste und staubdichte, Der Bluetooth-Lautsprecher<\/strong> EWA A106 eignet sich sowohl f\u00fcr den Au\u00dfen- als auch f\u00fcr den Innenbereich, perfekt f\u00fcr zum Duschen, Bootfahren, Wandern, Zelten, an den Strand,den Pool,Garten. <\/span><\/li>\n<li class=\"a-spacing-mini\"><span class=\"a-list-item\"><strong> EINFACH ZU TRANSPORTIEREN:<\/strong> Mit einem Gewicht von 176g und Abmessungen von 4,8xH3,9cm. Zum Lautsprecher erhalten Sie einen Metallhaken und eine Tragetasche, mit der Sie Ihre Musik auch unterwegs mitnehmen und Ihren tragbaren Lautsprecher EWA A106 vor Sch\u00e4den sch\u00fctzen k\u00f6nnen. So ist er perfekt f\u00fcr Outdoor, Wandern, Strand, Schlafs\u00e4le, K\u00fcche, Badezimmer, Boot, Golfwagen und mehr. <\/span><\/li>\n<li class=\"a-spacing-mini\"><span class=\"a-list-item\"><strong> EINFACHES ABER STILVOLLES DESIGN:<\/strong> Unsere Vision war es, kleine drahtlose Lautsprecher mit Bluetooth herzustellen, die Sie jederzeit und \u00fcberall verwenden k\u00f6nnen. Wir haben auf Funktionen wie ein Mikrofon, eine 3,5-mm-Klinke und unn\u00f6tige Tasten verzichtet, so dass nur eine Silikontaste (Halten zum Ein- und Ausschalten, Ein-Tipp zum Anhalten, Doppel-Tipp oder Dreier-Tipp zum Umschalten von Songs) bleibt &#8211; ein perfektes Geschenk. <\/span><\/li>\n<li class=\"a-spacing-mini\"><span class=\"a-list-item\"> LIEFERUMFANG: 1 EWA A106 Bluetooth-Lautsprecher, 1 Mikro-USB zu USB-Ladekabel, 1 Bedienungsanleitung, 1 Tragetasche, 1 Metallhaken, 1 Jahr Garantie und eine 30-t\u00e4gige risikofreie Garantie. (Wenn Sie nicht v\u00f6llig begeistert von Ihrem A106 sind, senden Sie ihn gegen eine vollst\u00e4ndige R\u00fcckerstattung zur\u00fcck, ohne Wenn und Aber). <\/span><\/li>\n<\/ul>\n<p><!-- Loading EDP related metadata --><\/p>\n<div class=\"a-section aok-hidden\" data-csa-c-content-id=\"voyager-product-details-jumplink\" data-csa-c-slot-id=\"voyager-product-details-jumplink\" data-csa-c-type=\"link\"><span class=\"caretnext\">\u203a<\/span> <a id=\"seeMoreDetailsLink\" class=\"a-link-normal\" href=\"#productDetails\"> Weitere Produktdetails <\/a><\/div>\n<\/div>\n","protected":false},"excerpt":{"rendered":"<p>Info zu diesem Artikel BEEINDRUCKENDE LAUTST\u00c4RKE UND BASS: Der Mini-Lautsprecher A106 ist praktisch klein, kann aber durch einen leistungsstarken Treiber und einen passiven Subwoofer kristallklaren Klang mit beeindruckenden B\u00e4ssen und raumf\u00fcllender Lautst\u00e4rke erzeugen. Kleiner, aber leistungsstarker Bluetooth-Lautsprecher. Kabelloses Streaming von Musik oder Internetradio-Diensten wie Pandora und Spotify von Ihrem Smartphone, iPhone oder anderen Audioger\u00e4ten mit [&hellip;]<\/p>\n","protected":false},"featured_media":10896,"comment_status":"open","ping_status":"closed","template":"","meta":[],"product_cat":[814,103,74,110,54,108,431,293,292],"product_tag":[],"class_list":{"0":"post-10897","1":"product","2":"type-product","3":"status-publish","4":"has-post-thumbnail","6":"product_cat-zuhause","7":"product_cat-studenten","8":"product_cat-bester-freund","9":"product_cat-freund","10":"product_cat-vatertag","11":"product_cat-maenner","12":"product_cat-unter-50-euro","13":"product_cat-geschenk-fuer-bruder","14":"product_cat-sohn","16":"first","17":"instock","18":"shipping-taxable","19":"product-type-external"},"_links":{"self":[{"href":"https:\/\/www.blogseite.com\/geschenke\/wp-json\/wp\/v2\/product\/10897"}],"collection":[{"href":"https:\/\/www.blogseite.com\/geschenke\/wp-json\/wp\/v2\/product"}],"about":[{"href":"https:\/\/www.blogseite.com\/geschenke\/wp-json\/wp\/v2\/types\/product"}],"replies":[{"embeddable":true,"href":"https:\/\/www.blogseite.com\/geschenke\/wp-json\/wp\/v2\/comments?post=10897"}],"wp:featuredmedia":[{"embeddable":true,"href":"https:\/\/www.blogseite.com\/geschenke\/wp-json\/wp\/v2\/media\/10896"}],"wp:attachment":[{"href":"https:\/\/www.blogseite.com\/geschenke\/wp-json\/wp\/v2\/media?parent=10897"}],"wp:term":[{"taxonomy":"product_cat","embeddable":true,"href":"https:\/\/www.blogseite.com\/geschenke\/wp-json\/wp\/v2\/product_cat?post=10897"},{"taxonomy":"product_tag","embeddable":true,"href":"https:\/\/www.blogseite.com\/geschenke\/wp-json\/wp\/v2\/product_tag?post=10897"}],"curies":[{"name":"wp","href":"https:\/\/api.w.org\/{rel}","templated":true}]}}