{"id":10892,"date":"2024-10-31T15:28:11","date_gmt":"2024-10-31T14:28:11","guid":{"rendered":"https:\/\/www.blogseite.com\/geschenke\/s\/scherzkeks-10er-box-10-kekse-mit-scherzfrage-antwort-im-glueckskeks-lustige-geschenkidee-made-in-germany-fuer-geburtstage-jga-familienfeiern-weihnachten-silvester\/"},"modified":"2024-10-31T15:29:28","modified_gmt":"2024-10-31T14:29:28","slug":"scherzkeks-10er-box-10-kekse-mit-scherzfrage-antwort-im-glueckskeks-lustige-geschenkidee-made-in-germany-fuer-geburtstage-jga-familienfeiern-weihnachten-silvester","status":"publish","type":"product","link":"https:\/\/www.blogseite.com\/geschenke\/s\/scherzkeks-10er-box-10-kekse-mit-scherzfrage-antwort-im-glueckskeks-lustige-geschenkidee-made-in-germany-fuer-geburtstage-jga-familienfeiern-weihnachten-silvester\/","title":{"rendered":"Scherzkeks 10er Box | 10 Kekse mit Scherzfrage"},"content":{"rendered":"<div id=\"feature-bullets\" class=\"a-section a-spacing-medium a-spacing-top-small\">\n<hr \/>\n<h1 class=\"a-size-base-plus a-text-bold\">Info zu diesem Artikel<\/h1>\n<ul class=\"a-unordered-list a-vertical a-spacing-mini\">\n<li class=\"a-spacing-mini\"><span class=\"a-list-item\"><strong> GL\u00dcCKSKEKSE WAREN GESTERN<\/strong> &#8211; Heute gibt es zum Gl\u00fcck unseren Scherzkeks! Jeder Keks enth\u00e4lt einen lustigen Frage-Antwort Witz. Keiner der Flachwitze kommt doppelt vor. Versprochen! Einfach T\u00fcte \u00f6ffnen und lachen. <\/span><\/li>\n<li class=\"a-spacing-mini\"><span class=\"a-list-item\"><strong> ABSOLUTE BR\u00dcLLER<\/strong> &#8211; Frisch, frech, lecker und lustig. Unsere Happy Kekse mit Witz drin kommen hygienisch einzeln verpackt zu Dir nach Hause. Das Besondere: H\u00f6here Spannung durch Fragekarte mit Scherzfrage in der Folie und Antwort im Keks <\/span><\/li>\n<li class=\"a-spacing-mini\"><span class=\"a-list-item\"> LACHEN IST GESUND &#8211; 10 verschiedene Frage-Antwort Witze je Box. Unsere Scherz S\u00fc\u00dfigkeit zaubert jedem ein Grinsen ins Gesicht. Der beste Gag bei der n\u00e4chsten Party oder Treffen mit Freunden, perfekt f\u00fcr die Kollegen, Eisbrecher f\u00fcr Meetings. <\/span><\/li>\n<li class=\"a-spacing-mini\"><span class=\"a-list-item\"><strong> PERFEKTES GASTGESCHENK<\/strong> &#8211; Unsere Scherzkekse sind ein beliebtes Mitbringsel zu allen denkbaren Feierlichkeiten und bringen Schwung in jede lahme Party. Ob Weihnachten, Silvester, Geburtstag, Oster, Halloween, Neujahr oder als Geschenk f\u00fcr Freunde und Kollegen. <\/span><\/li>\n<li class=\"a-spacing-mini\"><span class=\"a-list-item\"> LIEFERUMFANG &#8211; Zu Dir kommt eine Box in der 10 witzige Gl\u00fcckskekse enthalten sind. Jeder Gl\u00fcckskeks enth\u00e4lt eine Karte auf der eine Scherzfrage steht und die Antwort zu dem Witz befindet sich im Keks. Scherz Kekse sind vegan, ohne Palm\u00f6l, ohne Gentechnik, laktosefrei und unter h\u00f6chsten Hygiene Standards in Deutschland hergestellt.<\/span><\/li>\n<\/ul>\n<\/div>\n","protected":false},"excerpt":{"rendered":"<p>Info zu diesem Artikel GL\u00dcCKSKEKSE WAREN GESTERN &#8211; Heute gibt es zum Gl\u00fcck unseren Scherzkeks! Jeder Keks enth\u00e4lt einen lustigen Frage-Antwort Witz. Keiner der Flachwitze kommt doppelt vor. Versprochen! Einfach T\u00fcte \u00f6ffnen und lachen. ABSOLUTE BR\u00dcLLER &#8211; Frisch, frech, lecker und lustig. Unsere Happy Kekse mit Witz drin kommen hygienisch einzeln verpackt zu Dir nach [&hellip;]<\/p>\n","protected":false},"featured_media":10891,"comment_status":"open","ping_status":"closed","template":"","meta":[],"product_cat":[103],"product_tag":[],"class_list":{"0":"post-10892","1":"product","2":"type-product","3":"status-publish","4":"has-post-thumbnail","6":"product_cat-studenten","8":"first","9":"instock","10":"shipping-taxable","11":"product-type-external"},"_links":{"self":[{"href":"https:\/\/www.blogseite.com\/geschenke\/wp-json\/wp\/v2\/product\/10892"}],"collection":[{"href":"https:\/\/www.blogseite.com\/geschenke\/wp-json\/wp\/v2\/product"}],"about":[{"href":"https:\/\/www.blogseite.com\/geschenke\/wp-json\/wp\/v2\/types\/product"}],"replies":[{"embeddable":true,"href":"https:\/\/www.blogseite.com\/geschenke\/wp-json\/wp\/v2\/comments?post=10892"}],"wp:featuredmedia":[{"embeddable":true,"href":"https:\/\/www.blogseite.com\/geschenke\/wp-json\/wp\/v2\/media\/10891"}],"wp:attachment":[{"href":"https:\/\/www.blogseite.com\/geschenke\/wp-json\/wp\/v2\/media?parent=10892"}],"wp:term":[{"taxonomy":"product_cat","embeddable":true,"href":"https:\/\/www.blogseite.com\/geschenke\/wp-json\/wp\/v2\/product_cat?post=10892"},{"taxonomy":"product_tag","embeddable":true,"href":"https:\/\/www.blogseite.com\/geschenke\/wp-json\/wp\/v2\/product_tag?post=10892"}],"curies":[{"name":"wp","href":"https:\/\/api.w.org\/{rel}","templated":true}]}}