{"id":10883,"date":"2024-10-31T15:13:42","date_gmt":"2024-10-31T14:13:42","guid":{"rendered":"https:\/\/www.blogseite.com\/geschenke\/s\/lubiu-lavendelseife-stueck-100g-bio-seife-lavendel-handgemachte-duschseife-ohne-palmoel-und-handseife-fest-natur-seife-stueck-natural-soap\/"},"modified":"2024-10-31T15:15:42","modified_gmt":"2024-10-31T14:15:42","slug":"lubiu-lavendelseife-stueck-100g-bio-seife-lavendel-handgemachte-duschseife-ohne-palmoel-und-handseife-fest-natur-seife-stueck-natural-soap","status":"publish","type":"product","link":"https:\/\/www.blogseite.com\/geschenke\/s\/lubiu-lavendelseife-stueck-100g-bio-seife-lavendel-handgemachte-duschseife-ohne-palmoel-und-handseife-fest-natur-seife-stueck-natural-soap\/","title":{"rendered":"lubiu Lavendelseife St\u00fcck 100g &#8211; Bio Seife Lavendel Handgemachte"},"content":{"rendered":"<div id=\"feature-bullets\" class=\"a-section a-spacing-medium a-spacing-top-small\">\n<hr \/>\n<h1 class=\"a-size-base-plus a-text-bold\">Info zu diesem Artikel<\/h1>\n<ul class=\"a-unordered-list a-vertical a-spacing-mini\">\n<li class=\"a-spacing-mini\"><span class=\"a-list-item\"><strong> LAVENDELSEIFE<\/strong> &#8211; Dies ist eine handgemachte Lavendel seife, die im Kaltverfahren hergestellt wird. Eine nat\u00fcrliche und abfallfreie Alternative zu Waschgelen in Plastikflaschen. Hergestellt in Polen <\/span><\/li>\n<li class=\"a-spacing-mini\"><span class=\"a-list-item\"> ALLE HAUTTYPEN &#8211; Eine naturbelassene Lavendelseife, die die Haut reinigt und pflegt. Unsere Seife ist f\u00fcr alle Hauttypen geeignet und kann f\u00fcr den ganzen K\u00f6rper, die H\u00e4nde und das Gesicht verwendet werden <\/span><\/li>\n<li class=\"a-spacing-mini\"><span class=\"a-list-item\"><strong> PFLEGEND UND ENTSPANNEND<\/strong> &#8211; Diese Bio-Seife macht die Haut weich und spendet ihr Feuchtigkeit, ohne sie auszutrocknen. Angenehm in der Anwendung, beruhigt und entspannt mit dem wohltuenden Duft von Lavendel <\/span><\/li>\n<li class=\"a-spacing-mini\"><span class=\"a-list-item\"><strong> PFLANZLICHE ZUSAMMENSETZUNG<\/strong> &#8211; Eine nat\u00fcrliche Lavendelseife aus nat\u00fcrlichen Zutaten, ohne Zusatz von Palm\u00f6l. Seine Zusammensetzung besteht aus Oliven\u00f6l, Sheabutter, Kokosnuss\u00f6l, Rizinus\u00f6l und nat\u00fcrlichem Lavendel\u00f6l <\/span><\/li>\n<li class=\"a-spacing-mini\"><span class=\"a-list-item\"> IM EINKLANG MIT DER NATUR &#8211; Wir setzen uns daf\u00fcr ein, unsere Produkte umweltfreundlich zu gestalten, daher ist die Seife abfallfrei, papierverpackt, vegan, frei von tierischen Fetten, Konservierungsstoffen, SLS, SLES<\/span><\/li>\n<\/ul>\n<\/div>\n","protected":false},"excerpt":{"rendered":"<p>Info zu diesem Artikel LAVENDELSEIFE &#8211; Dies ist eine handgemachte Lavendel seife, die im Kaltverfahren hergestellt wird. Eine nat\u00fcrliche und abfallfreie Alternative zu Waschgelen in Plastikflaschen. Hergestellt in Polen ALLE HAUTTYPEN &#8211; Eine naturbelassene Lavendelseife, die die Haut reinigt und pflegt. Unsere Seife ist f\u00fcr alle Hauttypen geeignet und kann f\u00fcr den ganzen K\u00f6rper, die [&hellip;]<\/p>\n","protected":false},"featured_media":10882,"comment_status":"open","ping_status":"closed","template":"","meta":[],"product_cat":[814,78,73,1118,280,70],"product_tag":[],"class_list":{"0":"post-10883","1":"product","2":"type-product","3":"status-publish","4":"has-post-thumbnail","6":"product_cat-zuhause","7":"product_cat-weihnachtsgeschenke","8":"product_cat-beste-freundin","9":"product_cat--freundin","10":"product_cat-geburtstagsgeschenke","11":"product_cat-geschenke-fuer-jeden-anlass","13":"first","14":"instock","15":"shipping-taxable","16":"product-type-external"},"_links":{"self":[{"href":"https:\/\/www.blogseite.com\/geschenke\/wp-json\/wp\/v2\/product\/10883"}],"collection":[{"href":"https:\/\/www.blogseite.com\/geschenke\/wp-json\/wp\/v2\/product"}],"about":[{"href":"https:\/\/www.blogseite.com\/geschenke\/wp-json\/wp\/v2\/types\/product"}],"replies":[{"embeddable":true,"href":"https:\/\/www.blogseite.com\/geschenke\/wp-json\/wp\/v2\/comments?post=10883"}],"wp:featuredmedia":[{"embeddable":true,"href":"https:\/\/www.blogseite.com\/geschenke\/wp-json\/wp\/v2\/media\/10882"}],"wp:attachment":[{"href":"https:\/\/www.blogseite.com\/geschenke\/wp-json\/wp\/v2\/media?parent=10883"}],"wp:term":[{"taxonomy":"product_cat","embeddable":true,"href":"https:\/\/www.blogseite.com\/geschenke\/wp-json\/wp\/v2\/product_cat?post=10883"},{"taxonomy":"product_tag","embeddable":true,"href":"https:\/\/www.blogseite.com\/geschenke\/wp-json\/wp\/v2\/product_tag?post=10883"}],"curies":[{"name":"wp","href":"https:\/\/api.w.org\/{rel}","templated":true}]}}