{"id":10875,"date":"2024-10-31T15:04:01","date_gmt":"2024-10-31T14:04:01","guid":{"rendered":"https:\/\/www.blogseite.com\/geschenke\/s\/collection-suedfrankreich-wein-geschenk-set-rotwein-und-weisswein-aus-suedfrankreich-6-x-0-375-l\/"},"modified":"2024-10-31T15:05:24","modified_gmt":"2024-10-31T14:05:24","slug":"collection-suedfrankreich-wein-geschenk-set-rotwein-und-weisswein-aus-suedfrankreich-6-x-0-375-l","status":"publish","type":"product","link":"https:\/\/www.blogseite.com\/geschenke\/s\/collection-suedfrankreich-wein-geschenk-set-rotwein-und-weisswein-aus-suedfrankreich-6-x-0-375-l\/","title":{"rendered":"Collection S\u00fcdfrankreich &#8211; Wein Geschenk Set Rotwein und Wei\u00dfwein aus S\u00fcdfrankreich"},"content":{"rendered":"<div id=\"feature-bullets\" class=\"a-section a-spacing-medium a-spacing-top-small\">\n<hr \/>\n<h1 class=\"a-size-base-plus a-text-bold\">Info zu diesem Artikel<\/h1>\n<ul class=\"a-unordered-list a-vertical a-spacing-mini\">\n<li class=\"a-spacing-mini\"><span class=\"a-list-item\"> Dieses Geschenkset enth\u00e4lt 6 x 0.375l Fl\u00e4schen in Holzkiste : 1x Cht Mas Seguala Rotwein; Cht Boutignane Rotwein; Muscat de Saint Jean de Minervois Wei\u00dfwein; Cht de Tholomies Rotwein; Domaine du Tauch Fitou Rotwein; Cht Belles Eaux Weisswein <\/span><\/li>\n<li class=\"a-spacing-mini\"><span class=\"a-list-item\"> Dieses Weinset ist sorgf\u00e4ltig in einer Holz Geschenkbox verpackt <\/span><\/li>\n<li class=\"a-spacing-mini\"><span class=\"a-list-item\"> Dieses Probierpaket f\u00fchrt Sie auf eine Reise durch S\u00fcdfrankreich <\/span><\/li>\n<li class=\"a-spacing-mini\"><span class=\"a-list-item\"> Ideal zum Verschenken oder selbst genie\u00dfen <\/span><\/li>\n<li class=\"a-spacing-mini\"><span class=\"a-list-item\"> Am Gaumen ist dieses Mischpaket f\u00fcllig, ausgewogen, anhaltend, komplex sowie fruchtig <\/span><\/li>\n<li class=\"a-spacing-mini\"><span class=\"a-list-item\"> Es passt ideal zu rotes Fleisch und Wild, cremige und reife K\u00e4se, zum Foie Gras <\/span><\/li>\n<li class=\"a-spacing-mini\"><span class=\"a-list-item\"> Herkunft : S\u00fcdfrankreich<\/span><\/li>\n<\/ul>\n<\/div>\n","protected":false},"excerpt":{"rendered":"<p>Info zu diesem Artikel Dieses Geschenkset enth\u00e4lt 6 x 0.375l Fl\u00e4schen in Holzkiste : 1x Cht Mas Seguala Rotwein; Cht Boutignane Rotwein; Muscat de Saint Jean de Minervois Wei\u00dfwein; Cht de Tholomies Rotwein; Domaine du Tauch Fitou Rotwein; Cht Belles Eaux Weisswein Dieses Weinset ist sorgf\u00e4ltig in einer Holz Geschenkbox verpackt Dieses Probierpaket f\u00fchrt Sie [&hellip;]<\/p>\n","protected":false},"featured_media":10874,"comment_status":"open","ping_status":"closed","template":"","meta":[],"product_cat":[814,78,108,70,299],"product_tag":[],"class_list":{"0":"post-10875","1":"product","2":"type-product","3":"status-publish","4":"has-post-thumbnail","6":"product_cat-zuhause","7":"product_cat-weihnachtsgeschenke","8":"product_cat-maenner","9":"product_cat-geschenke-fuer-jeden-anlass","10":"product_cat--chef","12":"first","13":"instock","14":"shipping-taxable","15":"product-type-external"},"_links":{"self":[{"href":"https:\/\/www.blogseite.com\/geschenke\/wp-json\/wp\/v2\/product\/10875"}],"collection":[{"href":"https:\/\/www.blogseite.com\/geschenke\/wp-json\/wp\/v2\/product"}],"about":[{"href":"https:\/\/www.blogseite.com\/geschenke\/wp-json\/wp\/v2\/types\/product"}],"replies":[{"embeddable":true,"href":"https:\/\/www.blogseite.com\/geschenke\/wp-json\/wp\/v2\/comments?post=10875"}],"wp:featuredmedia":[{"embeddable":true,"href":"https:\/\/www.blogseite.com\/geschenke\/wp-json\/wp\/v2\/media\/10874"}],"wp:attachment":[{"href":"https:\/\/www.blogseite.com\/geschenke\/wp-json\/wp\/v2\/media?parent=10875"}],"wp:term":[{"taxonomy":"product_cat","embeddable":true,"href":"https:\/\/www.blogseite.com\/geschenke\/wp-json\/wp\/v2\/product_cat?post=10875"},{"taxonomy":"product_tag","embeddable":true,"href":"https:\/\/www.blogseite.com\/geschenke\/wp-json\/wp\/v2\/product_tag?post=10875"}],"curies":[{"name":"wp","href":"https:\/\/api.w.org\/{rel}","templated":true}]}}