{"id":10872,"date":"2024-10-31T14:43:51","date_gmt":"2024-10-31T13:43:51","guid":{"rendered":"https:\/\/www.blogseite.com\/geschenke\/s\/mixibaby-kuscheldecke-flauschige-extra-weich-warm-wohndecke-flanell-fleecedecke-falten-bestaendig-anti-verfaerben-als-sofadecke-oder-bettueberwurf-groesse150-cm-x-200-cm-farberot\/"},"modified":"2024-10-31T15:03:02","modified_gmt":"2024-10-31T14:03:02","slug":"mixibaby-kuscheldecke-flauschige-extra-weich-warm-wohndecke-flanell-fleecedecke-falten-bestaendig-anti-verfaerben-als-sofadecke-oder-bettueberwurf-groesse150-cm-x-200-cm-farberot","status":"publish","type":"product","link":"https:\/\/www.blogseite.com\/geschenke\/s\/mixibaby-kuscheldecke-flauschige-extra-weich-warm-wohndecke-flanell-fleecedecke-falten-bestaendig-anti-verfaerben-als-sofadecke-oder-bettueberwurf-groesse150-cm-x-200-cm-farberot\/","title":{"rendered":"Mixibaby Kuscheldecke Flauschige extra weich"},"content":{"rendered":"<div id=\"feature-bullets\" class=\"a-section a-spacing-medium a-spacing-top-small\">\n<hr \/>\n<h1 class=\"a-size-base-plus a-text-bold\">Info zu diesem Artikel<\/h1>\n<ul class=\"a-unordered-list a-vertical a-spacing-mini\">\n<li class=\"a-spacing-mini\"><span class=\"a-list-item\"><strong> LUXUS KUSCHELDECKE WOHNDECKE TAGESDECKE:<\/strong> Genie\u00dfen Sie Ihre Familiengl\u00fcckszeiten mit der flauschigen und warmen Fleecedecken, kuscheln Sie sich in der Kuscheldecke und Ihre Lieblingssendungen auf der Couch sehen &#8211; Extra Weichheit und Komfort bringen f\u00fcr einen Nachmittagsschlaf im Bett mit unserer Decken &#8211; Geeignet f\u00fcr Innen- und Au\u00dfenbereich, beim Camping und Picknick anhaltende W\u00e4rme zu bieten. <\/span><\/li>\n<li class=\"a-spacing-mini\"><span class=\"a-list-item\"><strong> HERVORANGENDE DECKE VORTEILE:<\/strong> Die Tagesdecke Kuscheldecke ist eine perfekte Wahl f\u00fcr Hausbesitzer mit anspruchsvollem Geschmack in der Hauptdekoration- Die fabelhafte Farbe belebt diese Decke mit einem eleganten und \u00fcberlegenen Aussehen, um Ihr Zimmer ein schickes Gef\u00fchl zu erg\u00e4nzen &#8211; Ihr Luxusbett und Couch von Schmutz und Fleck zu sch\u00fctzen und sie frisch und sauber zu halten. <\/span><\/li>\n<li class=\"a-spacing-mini\"><span class=\"a-list-item\"><strong> EINZIGARTIGE DESIGNKONZEPT:<\/strong> 280 GSM Fleecedecke bringt mehr Atmungsaktivit\u00e4t und leichtes Gef\u00fchl als Decken aus Baumwolle &#8211; Ordentlich Stiche erh\u00f6hen starke Verbindungen an N\u00e4hten und bessere strukturelle Festigkeit mit integriertem Aussehen &#8211; Doppelseiten reversibel Design bietet Ihnen verschiedene Sinne von Weichheit. <\/span><\/li>\n<li class=\"a-spacing-mini\"><span class=\"a-list-item\"> PREMIUM MICROFASER QUALIT\u00c4T: Die Mixibaby Tagesdecken f\u00fchlt sich super sanft auf der Haut an. Die Material Zusammensetzung ist 100% Mikrofasergewebe f\u00fcr Langlebigkeit und bietet bessere Best\u00e4ndigkeit gegen Ausbleichen und Flecken. Die Microfaser Decke ist Hochwertig verarbeitet. Die Tagesdecken wurden ISO 9001:2015 und nach OEKO-TEX STANDARD 100 16.HCN.85855\u00a0HOHENSTEIN HTTI <\/span><\/li>\n<li class=\"a-spacing-mini\"><span class=\"a-list-item\"> WAS SIE BEKOMMEN: Sie bekommen eine Kuscheldecke Ihrer Wahl, Eine Vielzahl von Farbauswahlen stehen zur Verf\u00fcgung Mixibaby garantiert Ihnen einen 1-monatigen R\u00fcck- und Ersatzservice sowie einen kostenlosen Kundendienst. Wir m\u00f6chten, dass unsere Kunden 100% gl\u00fccklich und zufrieden sind. <\/span><\/li>\n<\/ul>\n<p><!-- Loading EDP related metadata --><\/p>\n<div class=\"a-section aok-hidden\" data-csa-c-content-id=\"voyager-product-details-jumplink\" data-csa-c-slot-id=\"voyager-product-details-jumplink\" data-csa-c-type=\"link\"><span class=\"caretnext\">\u203a<\/span> <a id=\"seeMoreDetailsLink\" class=\"a-link-normal\" href=\"#productDetails\"> Weitere Produktdetails <\/a><\/div>\n<\/div>\n","protected":false},"excerpt":{"rendered":"<p>Info zu diesem Artikel LUXUS KUSCHELDECKE WOHNDECKE TAGESDECKE: Genie\u00dfen Sie Ihre Familiengl\u00fcckszeiten mit der flauschigen und warmen Fleecedecken, kuscheln Sie sich in der Kuscheldecke und Ihre Lieblingssendungen auf der Couch sehen &#8211; Extra Weichheit und Komfort bringen f\u00fcr einen Nachmittagsschlaf im Bett mit unserer Decken &#8211; Geeignet f\u00fcr Innen- und Au\u00dfenbereich, beim Camping und Picknick [&hellip;]<\/p>\n","protected":false},"featured_media":10871,"comment_status":"open","ping_status":"closed","template":"","meta":[],"product_cat":[889,1652,814,78],"product_tag":[],"class_list":{"0":"post-10872","1":"product","2":"type-product","3":"status-publish","4":"has-post-thumbnail","6":"product_cat-kinder-2","7":"product_cat-werdende-mutter","8":"product_cat-zuhause","9":"product_cat-weihnachtsgeschenke","11":"first","12":"instock","13":"shipping-taxable","14":"product-type-external"},"_links":{"self":[{"href":"https:\/\/www.blogseite.com\/geschenke\/wp-json\/wp\/v2\/product\/10872"}],"collection":[{"href":"https:\/\/www.blogseite.com\/geschenke\/wp-json\/wp\/v2\/product"}],"about":[{"href":"https:\/\/www.blogseite.com\/geschenke\/wp-json\/wp\/v2\/types\/product"}],"replies":[{"embeddable":true,"href":"https:\/\/www.blogseite.com\/geschenke\/wp-json\/wp\/v2\/comments?post=10872"}],"wp:featuredmedia":[{"embeddable":true,"href":"https:\/\/www.blogseite.com\/geschenke\/wp-json\/wp\/v2\/media\/10871"}],"wp:attachment":[{"href":"https:\/\/www.blogseite.com\/geschenke\/wp-json\/wp\/v2\/media?parent=10872"}],"wp:term":[{"taxonomy":"product_cat","embeddable":true,"href":"https:\/\/www.blogseite.com\/geschenke\/wp-json\/wp\/v2\/product_cat?post=10872"},{"taxonomy":"product_tag","embeddable":true,"href":"https:\/\/www.blogseite.com\/geschenke\/wp-json\/wp\/v2\/product_tag?post=10872"}],"curies":[{"name":"wp","href":"https:\/\/api.w.org\/{rel}","templated":true}]}}