{"id":10865,"date":"2024-10-31T14:25:13","date_gmt":"2024-10-31T13:25:13","guid":{"rendered":"https:\/\/www.blogseite.com\/geschenke\/s\/msense-duftkerzen-lavendel-zitrus-mit-2-dochte-550g-110-std-brenndauer-sojakerzen-aromatherapie-kerze-zur-entspannung-duftkerzegeschenk-fuer-mama-freunde-grosse-glaskerze-fuer-spa-bad-yoga\/"},"modified":"2024-10-31T14:28:28","modified_gmt":"2024-10-31T13:28:28","slug":"msense-duftkerzen-lavendel-zitrus-mit-2-dochte-550g-110-std-brenndauer-sojakerzen-aromatherapie-kerze-zur-entspannung-duftkerzegeschenk-fuer-mama-freunde-grosse-glaskerze-fuer-spa-bad-yoga","status":"publish","type":"product","link":"https:\/\/www.blogseite.com\/geschenke\/s\/msense-duftkerzen-lavendel-zitrus-mit-2-dochte-550g-110-std-brenndauer-sojakerzen-aromatherapie-kerze-zur-entspannung-duftkerzegeschenk-fuer-mama-freunde-grosse-glaskerze-fuer-spa-bad-yoga\/","title":{"rendered":"M&#038;SENSE SENSE Duftkerzen Lavendel Zitrus mit 2 Dochte"},"content":{"rendered":"<div id=\"feature-bullets\" class=\"a-section a-spacing-medium a-spacing-top-small\">\n<hr \/>\n<h1 class=\"a-size-base-plus a-text-bold\">Info zu diesem Artikel<\/h1>\n<ul class=\"a-unordered-list a-vertical a-spacing-mini\">\n<li class=\"a-spacing-mini\"><span class=\"a-list-item\"><strong> Nachhaltige Formel<\/strong> &#8211; M&amp;SENSE-Kerzen werden nur aus den besten und nat\u00fcrlichsten Zutaten hergestellt. Sie verwenden eine hochwertige Mischung aus nat\u00fcrlichem Soja- und Pflanzenwachs mit doppelten ungebleichten Baumwolldochten in einem wiederverwendbaren und recycelbaren Glasgef\u00e4\u00df. Verpackt in einer recycelten Pappschachtel f\u00fcr eine nachhaltigere Zukunft. <\/span><\/li>\n<li class=\"a-spacing-mini\"><span class=\"a-list-item\"> Saubere und gleichm\u00e4\u00dfige Verbrennung &#8211; Mit 2 bleifreien Baumwolldochten f\u00fcr ein gleichm\u00e4\u00dfiges Verbrennungsergebnis. Es handelt sich um flache Baumwolldochte mit durchgehendem Papier, die eine h\u00f6here Steifigkeit und einen gleichm\u00e4\u00dfigeren Abbrand als 100%ige Baumwolldochte bieten. Entwickelt, um Kohlenstoffablagerungen zu reduzieren, die zu schwarzem Ru\u00df f\u00fchren. <\/span><\/li>\n<li class=\"a-spacing-mini\"><span class=\"a-list-item\"><strong> Duft\u00f6le in Parf\u00fcmqualit\u00e4t<\/strong> &#8211; Die von uns verwendeten D\u00fcfte sind frei von Parabenen und Phthalaten und wurden nie (niemals) an Tieren getestet. Die D\u00fcfte von M&amp;SENSE sollen einen Raum aufwerten, anstatt ihn zu \u00fcberw\u00e4ltigen, und sind besonders f\u00fcr Menschen mit Duftempfindlichkeit geeignet. <\/span><\/li>\n<li class=\"a-spacing-mini\"><span class=\"a-list-item\"><strong> Raumf\u00fcllend und langlebig<\/strong> &#8211; Diese Duftkerzen sind so konzipiert, dass sie bei richtiger Pflege 100-120 Stunden brennen. Das Nettogewicht des Wachses betr\u00e4gt 550g. Empfohlen f\u00fcr R\u00e4ume, die kleiner als 20 Quadratmeter sind. Unsere hochwertigen Formeln wurden getestet, um \u00fcber einen l\u00e4ngeren Zeitraum zu funktionieren. <\/span><\/li>\n<li class=\"a-spacing-mini\"><span class=\"a-list-item\"><strong> Verschiedene D\u00fcfte f\u00fcr viele Geschenkanl\u00e4sse<\/strong> &#8211; Das perfekte Kerzengeschenk f\u00fcr M\u00e4nner\/Vater\/Freund\/Bruder\/Lehrer! F\u00fcr jede Gelegenheit: Alles Gute zum Geburtstag, Muttertag, Vatertag, Jahrestag Geschenk, Freundschaft, Thanksgiving Day, Valentinstag. <\/span><\/li>\n<\/ul>\n<p>&nbsp;<\/p>\n<\/div>\n","protected":false},"excerpt":{"rendered":"<p>Info zu diesem Artikel Nachhaltige Formel &#8211; M&amp;SENSE-Kerzen werden nur aus den besten und nat\u00fcrlichsten Zutaten hergestellt. Sie verwenden eine hochwertige Mischung aus nat\u00fcrlichem Soja- und Pflanzenwachs mit doppelten ungebleichten Baumwolldochten in einem wiederverwendbaren und recycelbaren Glasgef\u00e4\u00df. Verpackt in einer recycelten Pappschachtel f\u00fcr eine nachhaltigere Zukunft. Saubere und gleichm\u00e4\u00dfige Verbrennung &#8211; Mit 2 bleifreien Baumwolldochten [&hellip;]<\/p>\n","protected":false},"featured_media":10864,"comment_status":"open","ping_status":"closed","template":"","meta":[],"product_cat":[814,78,87,73,1118,52,280],"product_tag":[797],"class_list":{"0":"post-10865","1":"product","2":"type-product","3":"status-publish","4":"has-post-thumbnail","6":"product_cat-zuhause","7":"product_cat-weihnachtsgeschenke","8":"product_cat-kinder","9":"product_cat-beste-freundin","10":"product_cat--freundin","11":"product_cat-hochzeitsgeschenke","12":"product_cat-geburtstagsgeschenke","13":"product_tag-duftkerze","15":"first","16":"instock","17":"shipping-taxable","18":"product-type-external"},"_links":{"self":[{"href":"https:\/\/www.blogseite.com\/geschenke\/wp-json\/wp\/v2\/product\/10865"}],"collection":[{"href":"https:\/\/www.blogseite.com\/geschenke\/wp-json\/wp\/v2\/product"}],"about":[{"href":"https:\/\/www.blogseite.com\/geschenke\/wp-json\/wp\/v2\/types\/product"}],"replies":[{"embeddable":true,"href":"https:\/\/www.blogseite.com\/geschenke\/wp-json\/wp\/v2\/comments?post=10865"}],"wp:featuredmedia":[{"embeddable":true,"href":"https:\/\/www.blogseite.com\/geschenke\/wp-json\/wp\/v2\/media\/10864"}],"wp:attachment":[{"href":"https:\/\/www.blogseite.com\/geschenke\/wp-json\/wp\/v2\/media?parent=10865"}],"wp:term":[{"taxonomy":"product_cat","embeddable":true,"href":"https:\/\/www.blogseite.com\/geschenke\/wp-json\/wp\/v2\/product_cat?post=10865"},{"taxonomy":"product_tag","embeddable":true,"href":"https:\/\/www.blogseite.com\/geschenke\/wp-json\/wp\/v2\/product_tag?post=10865"}],"curies":[{"name":"wp","href":"https:\/\/api.w.org\/{rel}","templated":true}]}}