{"id":10800,"date":"2024-10-30T12:46:21","date_gmt":"2024-10-30T11:46:21","guid":{"rendered":"https:\/\/www.blogseite.com\/geschenke\/s\/magnetic-fidget-pen-magnet-stift-gravity-pen-magnetischer-stift-jet-strato-pen-crushmetric-stifte-fidgi-kugelschreiber-geschenk-fuer-freunde-regenbogen\/"},"modified":"2024-10-30T12:51:44","modified_gmt":"2024-10-30T11:51:44","slug":"magnetischer-stift","status":"publish","type":"product","link":"https:\/\/www.blogseite.com\/geschenke\/s\/magnetischer-stift\/","title":{"rendered":"Magnetischer StiftJet &#8211;  Geschenk f\u00fcr Freunde (Regenbogen)"},"content":{"rendered":"<h3>Info zu diesem Artikel<\/h3>\n<p>Multifunktionaler Fidget Magetic Writing Pen: Dieser Magnetstift ist nicht nur ein Stift, sondern auchein coole ger\u00e4te. Kann nicht nur als Schreibwerkzeug verwendet werden, sondern auch alsKompass fuir Geometriewerkzeuge. Es kann gedreht und in eine Vielzahl kreativer, freikombinierbarer, vielfaltiger und vielfaltiger Spiele verwandelt werden.Bauen Sie die Form von Ihnen, die Sie wollen: M\u00fcde des Spielzeugs hat nur ein Styling? Dieser Magnetstift kann die Form nach Ihren Bildern jederzeit und \u00fcberall \u00e4ndern, wie Schwerter, Roboter, Monster usw.Im Lieferumfang enthalten: Zwei Stylus-Kopf, kann als Gelstift, Touchscreen-Stiftverwendet werden, 13 Magnetringe, 12 Stahlkugeln, Bedienungsanleitung undGeschenkbox.Tolles Geschenk: Ein perfektes cooles zeug fuir Kinder, Lehrer. Studenten, Ingenieure, Arzte, Anwalte, Designer und andere Denker.Tipps: Nicht fur Kinder unter 14 Jahren geeignet. Anwendbar f\u00fcr Menschen \u00fcber 14 Jahre altes spielzeug. Kinder unter 14 Jahren, Bitte unter Aufsicht vonErwachsenen verwenden. Wenn Sie Fragen zu unserem Produkt haben, brauchenwir Hilfe, kontaktieren Sie uns bitte, wir werden einen guten Service bieten.\u203aWeitere Produktdetails<\/p>\n","protected":false},"excerpt":{"rendered":"<p>Info zu diesem Artikel Multifunktionaler Fidget Magetic Writing Pen: Dieser Magnetstift ist nicht nur ein Stift, sondern auchein coole ger\u00e4te. Kann nicht nur als Schreibwerkzeug verwendet werden, sondern auch alsKompass fuir Geometriewerkzeuge. Es kann gedreht und in eine Vielzahl kreativer, freikombinierbarer, vielfaltiger und vielfaltiger Spiele verwandelt werden.Bauen Sie die Form von Ihnen, die Sie wollen: [&hellip;]<\/p>\n","protected":false},"featured_media":10799,"comment_status":"open","ping_status":"closed","template":"","meta":[],"product_cat":[44],"product_tag":[],"class_list":{"0":"post-10800","1":"product","2":"type-product","3":"status-publish","4":"has-post-thumbnail","6":"product_cat-unkategorisiert","8":"first","9":"instock","10":"shipping-taxable","11":"product-type-external"},"_links":{"self":[{"href":"https:\/\/www.blogseite.com\/geschenke\/wp-json\/wp\/v2\/product\/10800"}],"collection":[{"href":"https:\/\/www.blogseite.com\/geschenke\/wp-json\/wp\/v2\/product"}],"about":[{"href":"https:\/\/www.blogseite.com\/geschenke\/wp-json\/wp\/v2\/types\/product"}],"replies":[{"embeddable":true,"href":"https:\/\/www.blogseite.com\/geschenke\/wp-json\/wp\/v2\/comments?post=10800"}],"wp:featuredmedia":[{"embeddable":true,"href":"https:\/\/www.blogseite.com\/geschenke\/wp-json\/wp\/v2\/media\/10799"}],"wp:attachment":[{"href":"https:\/\/www.blogseite.com\/geschenke\/wp-json\/wp\/v2\/media?parent=10800"}],"wp:term":[{"taxonomy":"product_cat","embeddable":true,"href":"https:\/\/www.blogseite.com\/geschenke\/wp-json\/wp\/v2\/product_cat?post=10800"},{"taxonomy":"product_tag","embeddable":true,"href":"https:\/\/www.blogseite.com\/geschenke\/wp-json\/wp\/v2\/product_tag?post=10800"}],"curies":[{"name":"wp","href":"https:\/\/api.w.org\/{rel}","templated":true}]}}