{"id":10775,"date":"2024-08-23T14:20:10","date_gmt":"2024-08-23T12:20:10","guid":{"rendered":"https:\/\/www.blogseite.com\/geschenke\/?post_type=product&#038;p=10775"},"modified":"2024-08-23T14:20:56","modified_gmt":"2024-08-23T12:20:56","slug":"infinity-cube-unendlicher-wuerfel-spielzeug-zum-stressabbau","status":"publish","type":"product","link":"https:\/\/www.blogseite.com\/geschenke\/s\/infinity-cube-unendlicher-wuerfel-spielzeug-zum-stressabbau\/","title":{"rendered":"Infinity Cube, Unendlicher W\u00fcrfel Spielzeug &#8211; zum Stressabbau"},"content":{"rendered":"<ul class=\"a-unordered-list a-vertical a-spacing-mini\">\n<li class=\"a-spacing-mini\"><span class=\"a-list-item\"> Bestehend aus <strong>acht W\u00fcrfel kleine Box.Jeder W\u00fcrfel kann aus jeder Richtung und Winkel<\/strong> gedreht werden. <\/span><\/li>\n<li class=\"a-spacing-mini\"><span class=\"a-list-item\"> Infinity Cube bringt endlosen Spa\u00df, Fidgen mit Infinity Cube wird Ihren Fokus verbessern und Ihnen erlauben, sich auf Ihre Aufgabe zu konzentrieren. Eine zappelige Pause w\u00e4hrend des Studiums oder der Arbeit wird die aufgebauten \u00c4ngste und den Stress lindern und deinen Verstand dazu bringen, dieses Projekt anzugehen. <\/span><\/li>\n<li class=\"a-spacing-mini\"><span class=\"a-list-item\"> Infinity Cube Hergestellt aus hochwertigem Material, filigran und langlebig. Mehr Sicherheit als herk\u00f6mmliche Hochgeschwindigkeits-Edelstahllager. <\/span><\/li>\n<li class=\"a-spacing-mini\"><span class=\"a-list-item\"> Alle New-Upgrade-Design, st\u00e4rker und langlebiger, ein perfektes Geschenk f\u00fcr Ihre Kinder, Kinder, Freunde oder Lieben. <\/span><\/li>\n<\/ul>\n","protected":false},"excerpt":{"rendered":"<p>Bestehend aus acht W\u00fcrfel kleine Box.Jeder W\u00fcrfel kann aus jeder Richtung und Winkel gedreht werden. Infinity Cube bringt endlosen Spa\u00df, Fidgen mit Infinity Cube wird Ihren Fokus verbessern und Ihnen erlauben, sich auf Ihre Aufgabe zu konzentrieren. Eine zappelige Pause w\u00e4hrend des Studiums oder der Arbeit wird die aufgebauten \u00c4ngste und den Stress lindern und [&hellip;]<\/p>\n","protected":false},"featured_media":10776,"comment_status":"open","ping_status":"closed","template":"","meta":[],"product_cat":[73,1118,280,431,292,300,302],"product_tag":[],"class_list":{"0":"post-10775","1":"product","2":"type-product","3":"status-publish","4":"has-post-thumbnail","6":"product_cat-beste-freundin","7":"product_cat--freundin","8":"product_cat-geburtstagsgeschenke","9":"product_cat-unter-50-euro","10":"product_cat-sohn","11":"product_cat--kollege","12":"product_cat--jungen","14":"first","15":"instock","16":"shipping-taxable","17":"product-type-external"},"_links":{"self":[{"href":"https:\/\/www.blogseite.com\/geschenke\/wp-json\/wp\/v2\/product\/10775"}],"collection":[{"href":"https:\/\/www.blogseite.com\/geschenke\/wp-json\/wp\/v2\/product"}],"about":[{"href":"https:\/\/www.blogseite.com\/geschenke\/wp-json\/wp\/v2\/types\/product"}],"replies":[{"embeddable":true,"href":"https:\/\/www.blogseite.com\/geschenke\/wp-json\/wp\/v2\/comments?post=10775"}],"wp:featuredmedia":[{"embeddable":true,"href":"https:\/\/www.blogseite.com\/geschenke\/wp-json\/wp\/v2\/media\/10776"}],"wp:attachment":[{"href":"https:\/\/www.blogseite.com\/geschenke\/wp-json\/wp\/v2\/media?parent=10775"}],"wp:term":[{"taxonomy":"product_cat","embeddable":true,"href":"https:\/\/www.blogseite.com\/geschenke\/wp-json\/wp\/v2\/product_cat?post=10775"},{"taxonomy":"product_tag","embeddable":true,"href":"https:\/\/www.blogseite.com\/geschenke\/wp-json\/wp\/v2\/product_tag?post=10775"}],"curies":[{"name":"wp","href":"https:\/\/api.w.org\/{rel}","templated":true}]}}