{"id":1055,"date":"2020-12-13T19:22:40","date_gmt":"2020-12-13T18:22:40","guid":{"rendered":"https:\/\/geschenke.blogseite.com\/?post_type=product&#038;p=1055"},"modified":"2022-04-05T20:40:03","modified_gmt":"2022-04-05T18:40:03","slug":"uwell-yearn-pod-system-e-zigaretten-set-%f0%9f%98%b2-%f0%9f%92%a8","status":"publish","type":"product","link":"https:\/\/www.blogseite.com\/geschenke\/s\/uwell-yearn-pod-system-e-zigaretten-set-%f0%9f%98%b2-%f0%9f%92%a8\/","title":{"rendered":"Uwell Yearn (Pod-System) E-Zigaretten Set \ud83d\ude32 \ud83d\udca8"},"content":{"rendered":"<ul class=\"a-unordered-list a-vertical a-spacing-mini\">\n<li><span class=\"a-list-item\">Lieferumfang: 1x Yearn E-Zigarette, 1x Yearn Pod, 1x Micro-USB-Ladekabel, 1x Bedienungsanleitung<\/span><\/li>\n<li><span class=\"a-list-item\">Wichtige Merkmale\/key facts: Akkukapazit\u00e4t: 370 mAh, Ausgangsleistung: 11 Watt, Tankvolumen: 1,5 ml, Widerstand der Wicklung: 1,4 Ohm, Side Filling, Zugautomatik, LED Indikatoren, Gewicht: 30g, H\u00f6he: 86,7 mm, Breite: 20,2 mm, Tiefe: 10,4 mm<\/span><\/li>\n<li><span class=\"a-list-item\">Die Yearn von Uwell ist eine AIO (All-in-One) E-Zigarette mit Zugautomatik &#8211; einfache Bedienung<\/span><\/li>\n<li><span class=\"a-list-item\">Vertrauen Sie nur dem Original! Original Uwell branding! Das Produkt enth\u00e4lt kein Nikotin!<\/span><\/li>\n<li><span class=\"a-list-item\">Nur das Original der Firma Uwell h\u00e4lt was es verspricht! 100%tige Zuverl\u00e4ssigkeit, Top-Verarbeitung und beste Qualit\u00e4t!<\/span><\/li>\n<\/ul>\n","protected":false},"excerpt":{"rendered":"<p>Lieferumfang: 1x Yearn E-Zigarette, 1x Yearn Pod, 1x Micro-USB-Ladekabel, 1x Bedienungsanleitung Wichtige Merkmale\/key facts: Akkukapazit\u00e4t: 370 mAh, Ausgangsleistung: 11 Watt, Tankvolumen: 1,5 ml, Widerstand der Wicklung: 1,4 Ohm, Side Filling, Zugautomatik, LED Indikatoren, Gewicht: 30g, H\u00f6he: 86,7 mm, Breite: 20,2 mm, Tiefe: 10,4 mm Die Yearn von Uwell ist eine AIO (All-in-One) E-Zigarette mit Zugautomatik [&hellip;]<\/p>\n","protected":false},"featured_media":1056,"comment_status":"open","ping_status":"closed","template":"","meta":[],"product_cat":[78,103,74,110,54,116,108,73,280,426,431,293,301,292,300,302,70,294,291,64],"product_tag":[48,624,264,61,79,333,109,335,334],"class_list":{"0":"post-1055","1":"product","2":"type-product","3":"status-publish","4":"has-post-thumbnail","6":"product_cat-weihnachtsgeschenke","7":"product_cat-studenten","8":"product_cat-bester-freund","9":"product_cat-freund","10":"product_cat-vatertag","11":"product_cat-frauen","12":"product_cat-maenner","13":"product_cat-beste-freundin","14":"product_cat-geburtstagsgeschenke","15":"product_cat-nach-preis","16":"product_cat-unter-50-euro","17":"product_cat-geschenk-fuer-bruder","18":"product_cat-eltern","19":"product_cat-sohn","20":"product_cat--kollege","21":"product_cat--jungen","22":"product_cat-geschenke-fuer-jeden-anlass","23":"product_cat--schwester","24":"product_cat-nerds","25":"product_cat-vater","26":"product_tag-beste-freundin-geschenk","27":"product_tag-ezigarette","28":"product_tag-geschenk-bruder","29":"product_tag-geschenk-freundin","30":"product_tag-geschenk-fuer-freund","31":"product_tag-geschenk-fuer-hipstar","32":"product_tag-geschenk-fuer-maenner","33":"product_tag-geschenk-schwester","34":"product_tag-geschenk-sohn","36":"first","37":"instock","38":"shipping-taxable","39":"product-type-external"},"_links":{"self":[{"href":"https:\/\/www.blogseite.com\/geschenke\/wp-json\/wp\/v2\/product\/1055"}],"collection":[{"href":"https:\/\/www.blogseite.com\/geschenke\/wp-json\/wp\/v2\/product"}],"about":[{"href":"https:\/\/www.blogseite.com\/geschenke\/wp-json\/wp\/v2\/types\/product"}],"replies":[{"embeddable":true,"href":"https:\/\/www.blogseite.com\/geschenke\/wp-json\/wp\/v2\/comments?post=1055"}],"wp:featuredmedia":[{"embeddable":true,"href":"https:\/\/www.blogseite.com\/geschenke\/wp-json\/wp\/v2\/media\/1056"}],"wp:attachment":[{"href":"https:\/\/www.blogseite.com\/geschenke\/wp-json\/wp\/v2\/media?parent=1055"}],"wp:term":[{"taxonomy":"product_cat","embeddable":true,"href":"https:\/\/www.blogseite.com\/geschenke\/wp-json\/wp\/v2\/product_cat?post=1055"},{"taxonomy":"product_tag","embeddable":true,"href":"https:\/\/www.blogseite.com\/geschenke\/wp-json\/wp\/v2\/product_tag?post=1055"}],"curies":[{"name":"wp","href":"https:\/\/api.w.org\/{rel}","templated":true}]}}