{"id":1048,"date":"2020-12-13T18:46:32","date_gmt":"2020-12-13T17:46:32","guid":{"rendered":"https:\/\/geschenke.blogseite.com\/?post_type=product&#038;p=1048"},"modified":"2022-04-05T20:40:50","modified_gmt":"2022-04-05T18:40:50","slug":"rituals-the-ritual-of-samurai-autoparfum-6-gr-%f0%9f%9a%97-%f0%9f%98%8d","status":"publish","type":"product","link":"https:\/\/www.blogseite.com\/geschenke\/s\/rituals-the-ritual-of-samurai-autoparfum-6-gr-%f0%9f%9a%97-%f0%9f%98%8d\/","title":{"rendered":"RITUALS The Ritual of Samurai Autoparfum, 6 gr \ud83d\ude97 \ud83d\ude0d"},"content":{"rendered":"<p>Ein Autoparf\u00fcm auf Basis von Amber &amp; Moschus. Verwandeln Sie Ihr Auto mit diesem exklusiven Autoparf\u00fcm, das von der Bel\u00fcftung aktiviert wird, in ein zweites Heim. Ein kr\u00e4ftiger und gleichzeitig eleganter Duft, der rauchigen Amber mit \u00fcppigem Moschus vereint.<\/p>\n","protected":false},"excerpt":{"rendered":"<p>Ein Autoparf\u00fcm auf Basis von Amber &amp; Moschus. Verwandeln Sie Ihr Auto mit diesem exklusiven Autoparf\u00fcm, das von der Bel\u00fcftung aktiviert wird, in ein zweites Heim. Ein kr\u00e4ftiger und gleichzeitig eleganter Duft, der rauchigen Amber mit \u00fcppigem Moschus vereint.<\/p>\n","protected":false},"featured_media":1049,"comment_status":"open","ping_status":"closed","template":"","meta":[],"product_cat":[78,74,110,54,108,280,426,430,431,293,301,292,300,302,70,299,64],"product_tag":[625,79,109],"class_list":{"0":"post-1048","1":"product","2":"type-product","3":"status-publish","4":"has-post-thumbnail","6":"product_cat-weihnachtsgeschenke","7":"product_cat-bester-freund","8":"product_cat-freund","9":"product_cat-vatertag","10":"product_cat-maenner","11":"product_cat-geburtstagsgeschenke","12":"product_cat-nach-preis","13":"product_cat-unter-20-euro","14":"product_cat-unter-50-euro","15":"product_cat-geschenk-fuer-bruder","16":"product_cat-eltern","17":"product_cat-sohn","18":"product_cat--kollege","19":"product_cat--jungen","20":"product_cat-geschenke-fuer-jeden-anlass","21":"product_cat--chef","22":"product_cat-vater","23":"product_tag-autoparfum","24":"product_tag-geschenk-fuer-freund","25":"product_tag-geschenk-fuer-maenner","27":"first","28":"instock","29":"shipping-taxable","30":"product-type-external"},"_links":{"self":[{"href":"https:\/\/www.blogseite.com\/geschenke\/wp-json\/wp\/v2\/product\/1048"}],"collection":[{"href":"https:\/\/www.blogseite.com\/geschenke\/wp-json\/wp\/v2\/product"}],"about":[{"href":"https:\/\/www.blogseite.com\/geschenke\/wp-json\/wp\/v2\/types\/product"}],"replies":[{"embeddable":true,"href":"https:\/\/www.blogseite.com\/geschenke\/wp-json\/wp\/v2\/comments?post=1048"}],"wp:featuredmedia":[{"embeddable":true,"href":"https:\/\/www.blogseite.com\/geschenke\/wp-json\/wp\/v2\/media\/1049"}],"wp:attachment":[{"href":"https:\/\/www.blogseite.com\/geschenke\/wp-json\/wp\/v2\/media?parent=1048"}],"wp:term":[{"taxonomy":"product_cat","embeddable":true,"href":"https:\/\/www.blogseite.com\/geschenke\/wp-json\/wp\/v2\/product_cat?post=1048"},{"taxonomy":"product_tag","embeddable":true,"href":"https:\/\/www.blogseite.com\/geschenke\/wp-json\/wp\/v2\/product_tag?post=1048"}],"curies":[{"name":"wp","href":"https:\/\/api.w.org\/{rel}","templated":true}]}}