{"id":1034,"date":"2020-12-13T11:10:33","date_gmt":"2020-12-13T10:10:33","guid":{"rendered":"https:\/\/geschenke.blogseite.com\/?post_type=product&#038;p=1034"},"modified":"2022-04-05T20:42:08","modified_gmt":"2022-04-05T18:42:08","slug":"amazon-de-geschenkbox-mit-gutschein-10e-20e50e-%f0%9f%a5%b3","status":"publish","type":"product","link":"https:\/\/www.blogseite.com\/geschenke\/s\/amazon-de-geschenkbox-mit-gutschein-10e-20e50e-%f0%9f%a5%b3\/","title":{"rendered":"Amazon.de Geschenkbox mit Gutschein 10\u20ac, 20\u20ac,50\u20ac \ud83e\udd73"},"content":{"rendered":"<ul class=\"a-unordered-list a-vertical a-spacing-mini\">\n<li><span class=\"a-list-item\">W\u00e4hlen Sie aus verschiedenden Nennwerten und Motiven und f\u00fcgen Sie auf Wunsch kostenlos eine pers\u00f6nliche Gru\u00dfnachricht auf dem Lieferschein hinzu.<\/span><\/li>\n<li><span class=\"a-list-item\">G\u00fcltigkeit der Gutscheine betr\u00e4gt zehn Jahre ab Kauf.<\/span><\/li>\n<li><span class=\"a-list-item\">Zur Einl\u00f6sung, scannen Sie den Gutschein-Code \u00fcber die Amazon App oder besuchen Sie amazon.de\/einloesen.<\/span><\/li>\n<li><span class=\"a-list-item\">Dieser Geschenkgutschein kann nach Deutschland und \u00d6sterreich versendet werden. Innerhalb Deutschlands erfolgt die Lieferung kostenlos.<\/span><\/li>\n<li><span class=\"a-list-item\">Amazon.de Gutscheine sind nur auf Amazon.de und Amazon.at einl\u00f6sbar. F\u00fcr die Einl\u00f6sung auf ausl\u00e4ndischen Amazon Seiten k\u00f6nnen Sie Ihren Gutschein auf den jeweiligen Seiten kaufen.<\/span><\/li>\n<li><span class=\"a-list-item\">Einl\u00f6sbar f\u00fcr Millionen Produkte auf Amazon.de.<\/span><\/li>\n<\/ul>\n","protected":false},"excerpt":{"rendered":"<p>W\u00e4hlen Sie aus verschiedenden Nennwerten und Motiven und f\u00fcgen Sie auf Wunsch kostenlos eine pers\u00f6nliche Gru\u00dfnachricht auf dem Lieferschein hinzu. G\u00fcltigkeit der Gutscheine betr\u00e4gt zehn Jahre ab Kauf. Zur Einl\u00f6sung, scannen Sie den Gutschein-Code \u00fcber die Amazon App oder besuchen Sie amazon.de\/einloesen. Dieser Geschenkgutschein kann nach Deutschland und \u00d6sterreich versendet werden. Innerhalb Deutschlands erfolgt die [&hellip;]<\/p>\n","protected":false},"featured_media":1035,"comment_status":"open","ping_status":"closed","template":"","meta":[],"product_cat":[103,74,110,54,116,63,53,45,108,280,293,292,300,302,70,299,295,294,291,296,298,64],"product_tag":[382,82,61,180,324,79,100,83],"class_list":{"0":"post-1034","1":"product","2":"type-product","3":"status-publish","4":"has-post-thumbnail","6":"product_cat-studenten","7":"product_cat-bester-freund","8":"product_cat-freund","9":"product_cat-vatertag","10":"product_cat-frauen","11":"product_cat-mutter","12":"product_cat-muttertag","13":"product_cat-freundin","14":"product_cat-maenner","15":"product_cat-geburtstagsgeschenke","16":"product_cat-geschenk-fuer-bruder","17":"product_cat-sohn","18":"product_cat--kollege","19":"product_cat--jungen","20":"product_cat-geschenke-fuer-jeden-anlass","21":"product_cat--chef","22":"product_cat--tochter","23":"product_cat--schwester","24":"product_cat-nerds","25":"product_cat--schwiegermutter","26":"product_cat--ehefrau","27":"product_cat-vater","28":"product_tag-amazon-gutschein","29":"product_tag-geburtstagsgeschenk","30":"product_tag-geschenk-freundin","31":"product_tag-geschenk-fuer-bruder","32":"product_tag-geschenk-fuer-ehefrau","33":"product_tag-geschenk-fuer-freund","34":"product_tag-geschenk-fuer-mutter","35":"product_tag-geschenk-fuer-vater","37":"first","38":"instock","39":"shipping-taxable","40":"product-type-external"},"_links":{"self":[{"href":"https:\/\/www.blogseite.com\/geschenke\/wp-json\/wp\/v2\/product\/1034"}],"collection":[{"href":"https:\/\/www.blogseite.com\/geschenke\/wp-json\/wp\/v2\/product"}],"about":[{"href":"https:\/\/www.blogseite.com\/geschenke\/wp-json\/wp\/v2\/types\/product"}],"replies":[{"embeddable":true,"href":"https:\/\/www.blogseite.com\/geschenke\/wp-json\/wp\/v2\/comments?post=1034"}],"wp:featuredmedia":[{"embeddable":true,"href":"https:\/\/www.blogseite.com\/geschenke\/wp-json\/wp\/v2\/media\/1035"}],"wp:attachment":[{"href":"https:\/\/www.blogseite.com\/geschenke\/wp-json\/wp\/v2\/media?parent=1034"}],"wp:term":[{"taxonomy":"product_cat","embeddable":true,"href":"https:\/\/www.blogseite.com\/geschenke\/wp-json\/wp\/v2\/product_cat?post=1034"},{"taxonomy":"product_tag","embeddable":true,"href":"https:\/\/www.blogseite.com\/geschenke\/wp-json\/wp\/v2\/product_tag?post=1034"}],"curies":[{"name":"wp","href":"https:\/\/api.w.org\/{rel}","templated":true}]}}