{"id":1000,"date":"2020-12-11T12:30:03","date_gmt":"2020-12-11T11:30:03","guid":{"rendered":"https:\/\/geschenke.blogseite.com\/?post_type=product&#038;p=1000"},"modified":"2022-04-06T08:47:43","modified_gmt":"2022-04-06T06:47:43","slug":"smsmartwatch-kinder-telefon-mit-musik-sos-spiele-kamera-stoppuhr","status":"publish","type":"product","link":"https:\/\/www.blogseite.com\/geschenke\/s\/smsmartwatch-kinder-telefon-mit-musik-sos-spiele-kamera-stoppuhr\/","title":{"rendered":"SmSmartwatch Kinder &#8211; Telefon mit Musik SOS Spiele Kamera Stoppuhr"},"content":{"rendered":"<div id=\"featurebullets_feature_div\" class=\"celwidget\" data-feature-name=\"featurebullets\" data-csa-c-id=\"1555ht-bczhz3-wo6nxv-hkosak\" data-cel-widget=\"featurebullets_feature_div\">\n<div id=\"feature-bullets\" class=\"a-section a-spacing-medium a-spacing-top-small\">\n<ul class=\"a-unordered-list a-vertical a-spacing-mini\">\n<li><span class=\"a-list-item\">\ud83c\udf81 \u3010Smartwatch f\u00fcr Kinder\u3011 Mit dem neuen Design in den klassischen 3 Farben (Schwarz, Blau, Pink) kann die Smart Watch Ihre unterschiedlichen Vorlieben erf\u00fcllen. Die fortschrittliche Kinder-Smartwatch f\u00fcr Jungen und M\u00e4dchen hat viele Funktionen, wie z. B. Anrufen \/ SOS \/ Kamera \/ Spiele \/ Musik \/ Wecker \/ Taschenrechner \/ Kalender \/ Hintergrundbild \/ Schulmodus \/ Sprachen wechseln usw.<\/span><\/li>\n<li><span class=\"a-list-item\">\ud83c\udf81 \u3010Verbesserte Uhrenfunktionen\u3011 Diese intelligente Kinderuhr verf\u00fcgt \u00fcber die neuesten aktualisierten Kamera- und benutzerdefinierten Hintergrundfunktionen. Kinder k\u00f6nnen jederzeit Fotos machen und gleichzeitig ihre Lieblingsbilder als Hintergrundbild festlegen. Wenn Sie Telefon- und SOS-Funktionen verwenden m\u00f6chten, m\u00fcssen Sie eine 2G-SIM-Karte kaufen. \u00dcber die Kontakte k\u00f6nnen Sie 10 Telefonnummern hinzuf\u00fcgen und den Kontaktnamen bearbeiten.<\/span><\/li>\n<li><span class=\"a-list-item\">\ud83c\udf81 \u3010Musik und lustige Spiele\u3011 Mit der Funktion Musik k\u00f6nnen Sie MP3-Musik vom Computer herunterladen und unter &#8220;Meine Musik\u201c in der Smartwatch speichern, dann die Lautst\u00e4rke anpassen und die Musik genie\u00dfen! Die Smartwatch hat auch 7 Lernspiele &#8211; 2048 \/ Basketball Shoot Master \/ Bienenkrieg \/ Flipper Hit Bricks \/ Car Grab Goods \/ Eat Gold \/ Ultimate Racing. Diese werden Kindern viel Spa\u00df machen.<\/span><\/li>\n<li><span class=\"a-list-item\">\ud83c\udf81 \u3010Einfach zu bedienen\u3011 Sie m\u00fcssen keine App herunterladen oder eine Verbindung zum Handy der Eltern herstellen. Die Kinder Samrtwatch ist sehr einfach zu bedienen. Mit der 2G-SIM-Karte f\u00fcgt die Uhr Anruf- und SOS-Funktionen hinzu. Ohne SIM-Karte k\u00f6nnen die folgenden Funktionen weiterhin funktionieren, z. B. das Einstellen der richtigen Zeit, das H\u00f6ren von Musik, das Aufnehmen von Bildern, das Spielen von Spielen, Wecker, der Taschenrechner usw.<\/span><\/li>\n<li><span class=\"a-list-item\">\ud83c\udf81 \u3010Gute Wahl f\u00fcr Geschenk\u3011 Diese intelligente Uhr ist ein Geschenk f\u00fcr Kinder. Sie k\u00f6nnen es als Geschenk f\u00fcr Kindertag, Ostern, Weihnachten, Thanksgiving und andere Geschenke verwenden. Es kann auch als Geburtstagsgeschenk f\u00fcr Jungen und M\u00e4dchen verwendet werden. Hinweis: Nachdem die Uhr vollst\u00e4ndig aufgeladen ist, ziehen Sie bitte das USB-Kabel von der Stromquelle ab. Wenn Sie das USB-Kabel an die Stromquelle anschlie\u00dfen, darf der Ladeanschluss die eisenhaltigen Produkte nicht ber\u00fchren.<\/span><\/li>\n<\/ul>\n<\/div>\n<\/div>\n<div id=\"legalEUAtf_feature_div\" class=\"celwidget\" data-feature-name=\"legalEUAtf\" data-csa-c-id=\"mek3ta-yqd91s-vzod-3k6vhh\" data-cel-widget=\"legalEUAtf_feature_div\"><\/div>\n<div id=\"globalStoreInfoBullets_feature_div\" class=\"celwidget\" data-feature-name=\"globalStoreInfoBullets\" data-csa-c-id=\"iukpjk-kbwftu-9quffw-ntvm2n\" data-cel-widget=\"globalStoreInfoBullets_feature_div\"><\/div>\n<div id=\"addOnItem_feature_div\" class=\"celwidget\" data-feature-name=\"addOnItem\" data-csa-c-id=\"9y995v-4plhgm-9x6jr-rv8i5k\" data-cel-widget=\"addOnItem_feature_div\"><\/div>\n<div id=\"HLCXComparisonJumplink_feature_div\"><\/div>\n<div id=\"andonCord_feature_div\" class=\"celwidget\" data-feature-name=\"andonCord\" data-csa-c-id=\"ony9c7-rorqly-4xiw16-qo5nff\" data-cel-widget=\"andonCord_feature_div\"><\/div>\n<div id=\"edpIngress_feature_div\" class=\"celwidget\" data-feature-name=\"edpIngress\" data-csa-c-id=\"7c8wd9-hiac23-ig2kzz-z4dywp\" data-cel-widget=\"edpIngress_feature_div\"><\/div>\n","protected":false},"excerpt":{"rendered":"<p>\ud83c\udf81 \u3010Smartwatch f\u00fcr Kinder\u3011 Mit dem neuen Design in den klassischen 3 Farben (Schwarz, Blau, Pink) kann die Smart Watch Ihre unterschiedlichen Vorlieben erf\u00fcllen. Die fortschrittliche Kinder-Smartwatch f\u00fcr Jungen und M\u00e4dchen hat viele Funktionen, wie z. B. Anrufen \/ SOS \/ Kamera \/ Spiele \/ Musik \/ Wecker \/ Taschenrechner \/ Kalender \/ Hintergrundbild \/ [&hellip;]<\/p>\n","protected":false},"featured_media":1001,"comment_status":"open","ping_status":"closed","template":"","meta":[],"product_cat":[78,87,280,426,431,293,292,302,297,295,294],"product_tag":[94,626],"class_list":{"0":"post-1000","1":"product","2":"type-product","3":"status-publish","4":"has-post-thumbnail","6":"product_cat-weihnachtsgeschenke","7":"product_cat-kinder","8":"product_cat-geburtstagsgeschenke","9":"product_cat-nach-preis","10":"product_cat-unter-50-euro","11":"product_cat-geschenk-fuer-bruder","12":"product_cat-sohn","13":"product_cat--jungen","14":"product_cat--maedchen","15":"product_cat--tochter","16":"product_cat--schwester","17":"product_tag-geschenk-fuer-kinder","18":"product_tag-smartwatch","20":"first","21":"instock","22":"shipping-taxable","23":"product-type-external"},"_links":{"self":[{"href":"https:\/\/www.blogseite.com\/geschenke\/wp-json\/wp\/v2\/product\/1000"}],"collection":[{"href":"https:\/\/www.blogseite.com\/geschenke\/wp-json\/wp\/v2\/product"}],"about":[{"href":"https:\/\/www.blogseite.com\/geschenke\/wp-json\/wp\/v2\/types\/product"}],"replies":[{"embeddable":true,"href":"https:\/\/www.blogseite.com\/geschenke\/wp-json\/wp\/v2\/comments?post=1000"}],"wp:featuredmedia":[{"embeddable":true,"href":"https:\/\/www.blogseite.com\/geschenke\/wp-json\/wp\/v2\/media\/1001"}],"wp:attachment":[{"href":"https:\/\/www.blogseite.com\/geschenke\/wp-json\/wp\/v2\/media?parent=1000"}],"wp:term":[{"taxonomy":"product_cat","embeddable":true,"href":"https:\/\/www.blogseite.com\/geschenke\/wp-json\/wp\/v2\/product_cat?post=1000"},{"taxonomy":"product_tag","embeddable":true,"href":"https:\/\/www.blogseite.com\/geschenke\/wp-json\/wp\/v2\/product_tag?post=1000"}],"curies":[{"name":"wp","href":"https:\/\/api.w.org\/{rel}","templated":true}]}}